{"id":4473,"date":"2020-03-13T15:56:55","date_gmt":"2020-03-13T15:56:55","guid":{"rendered":"https:\/\/orientech.com\/a-propos-de-nous\/"},"modified":"2021-03-18T18:06:37","modified_gmt":"2021-03-18T18:06:37","slug":"a-propos-de-nous","status":"publish","type":"page","link":"https:\/\/orientech.com\/fr\/a-propos-de-nous\/","title":{"rendered":"A propos de nous"},"content":{"rendered":"<div class=\"wpb-content-wrapper\"><p>[vc_row][vc_column][vc_row_inner][vc_column_inner]<h2 class='heading-content  divider-modern' ><span>Notre expertise<\/span><\/h2>[vc_empty_space][\/vc_column_inner][\/vc_row_inner][vc_row_inner][vc_column_inner width=\u00a0\u00bb2\/3&Prime;][vc_column_text]<span data-sheets-value=\"{&quot;1&quot;:2,&quot;2&quot;:&quot;Orientech a plus de 25 ans d'exp\u00e9rience dans le d\u00e9veloppement, la conception et la fabrication d'\u00e9quipements automatis\u00e9s livr\u00e9s au Canada, aux \u00c9tats-Unis et au Mexique.&quot;}\" data-sheets-userformat=\"{&quot;2&quot;:9089,&quot;3&quot;:{&quot;1&quot;:0},&quot;10&quot;:0,&quot;11&quot;:4,&quot;12&quot;:0,&quot;16&quot;:8}\">Orientech a plus de 25 ans d&rsquo;exp\u00e9rience dans le d\u00e9veloppement, la conception et la fabrication d&rsquo;\u00e9quipements automatis\u00e9s livr\u00e9s au Canada, aux \u00c9tats-Unis et au Mexique. <\/span>Nos racines sont <a href=\"https:\/\/orientech.com\/fr\/solutions\/alimentation-de-petites-pieces\/\">dans les syst\u00e8mes d&rsquo;orientation et de positionnement<\/a>. Cette exp\u00e9rience a men\u00e9 \u00e0 notre sp\u00e9cialit\u00e9 principale d&rsquo;aujourd&rsquo;hui : la conception et la fabrication de <a href=\"https:\/\/orientech.com\/fr\/solutions\/\">solutions personnalis\u00e9es<\/a> pour l&rsquo;assemblage de petites pi\u00e8ces \u00e0 l&rsquo;aide de syst\u00e8mes de positionnement et d&rsquo;assemblage, de vision et de robotique, au service d&rsquo;une multitude d&rsquo;industries.<\/p>\n<p>Nous d\u00e9veloppons des solutions d&rsquo;assemblage automatis\u00e9 sur mesure pour les industries du <a href=\"https:\/\/orientech.com\/fr\/industries\/moulage-plastique\/\">plastique<\/a>, <a href=\"https:\/\/orientech.com\/fr\/industries\/sciences-de-la-vie\/\">du m\u00e9dical<\/a>, <a href=\"https:\/\/orientech.com\/fr\/industries\/cosmetiques\/\">des cosm\u00e9tiques<\/a>, <a href=\"https:\/\/orientech.com\/fr\/industries\/sciences-de-la-vie\/\">de la pharmacie<\/a>, <a href=\"https:\/\/orientech.com\/fr\/industries\/equipements-de-transport\/\">des \u00e9quipements de transport<\/a>, <a href=\"https:\/\/orientech.com\/fr\/industries\/autres-industries\/\"> des instruments d&rsquo;\u00e9criture<\/a>, <a href=\"https:\/\/orientech.com\/fr\/industries\/soins-de-sante-et-de-beaute\/\">des soins de sant\u00e9 et de beaut\u00e9 <\/a>, et <a href=\"https:\/\/orientech.com\/fr\/industries\/autres-industries\/\">des biens de consommation emball\u00e9s<\/a>. L&rsquo;exp\u00e9rience est notre plus grand atout, elle nous aide \u00e0 obtenir des r\u00e9sultats qui atteignent ou d\u00e9passent les projets les plus ambitieux de nos clients. Notre succ\u00e8s continu dans le domaine de l&rsquo;automatisation alimente notre approche innovante dans la conception d&rsquo;\u00e9quipements sur mesure.[\/vc_column_text][\/vc_column_inner][vc_column_inner width=\u00a0\u00bb1\/3&Prime;][vc_single_image image=\u00a0\u00bb2647&Prime; img_size=\u00a0\u00bblarge\u00a0\u00bb alignment=\u00a0\u00bbright\u00a0\u00bb css_animation=\u00a0\u00bbbounceIn\u00a0\u00bb][\/vc_column_inner][\/vc_row_inner][\/vc_column][\/vc_row][vc_row full_width=\u00a0\u00bbstretch_row\u00a0\u00bb css=\u00a0\u00bb.vc_custom_1569244115628{background-color: #efefef !important;}\u00a0\u00bb][vc_column]<h2 class='heading-content  divider-modern' ><span>Nos valeurs<\/span><\/h2>[vc_empty_space][vc_row_inner][vc_column_inner width=\u00a0\u00bb1\/3&Prime;][vc_custom_heading text=\u00a0\u00bbRESPECT\u00a0\u00bb font_container=\u00a0\u00bbtag:h4|text_align:left\u00a0\u00bb use_theme_fonts=\u00a0\u00bbyes\u00a0\u00bb el_class=\u00a0\u00bbtitle\u00a0\u00bb][vc_column_text]<span style=\"font-weight: 400;\">Travailler dans une relation de respect mutuel signifie qu&rsquo;Orientech d\u00e9montre une <strong>compr\u00e9hension des besoins<\/strong> des clients et s&rsquo;efforce de <strong>r\u00e9pondre \u00e0 ces besoins.<\/strong><\/span>[\/vc_column_text][\/vc_column_inner][vc_column_inner width=\u00a0\u00bb1\/3&Prime;][vc_custom_heading text=\u00a0\u00bbHONN\u00caTET\u00c9\u00a0\u00bb font_container=\u00a0\u00bbtag:h4|text_align:left\u00a0\u00bb use_theme_fonts=\u00a0\u00bbyes\u00a0\u00bb el_class=\u00a0\u00bbtitle\u00a0\u00bb][vc_column_text]<span style=\"font-weight: 400;\">Servir chaque client avec <strong>honn\u00eatet\u00e9<\/strong> et <strong>int\u00e9grit\u00e9<\/strong> signifie que, quelle que soit notre position sur une situation, vous saurez que nous nous engageons \u00e0 travailler de fa\u00e7on transparente, ce qui nous permet de b\u00e2tir une <strong>relation solide<\/strong> et \u00e0 long terme.<\/span>[\/vc_column_text][\/vc_column_inner][vc_column_inner width=\u00a0\u00bb1\/3&Prime;][vc_custom_heading text=\u00a0\u00bbTRANSPARENCE\u00a0\u00bb font_container=\u00a0\u00bbtag:h4|text_align:left\u00a0\u00bb use_theme_fonts=\u00a0\u00bbyes\u00a0\u00bb el_class=\u00a0\u00bbtitle\u00a0\u00bb][vc_column_text]<span style=\"font-weight: 400;\">Avec une relation bas\u00e9e sur la <strong>confiance et la transparence<\/strong>, vous b\u00e9n\u00e9ficiez d&rsquo;une communication directe \u00e0 toutes les \u00e9tapes de votre projet sans avoir \u00e0 craindre les surprises, les co\u00fbts cach\u00e9s ou les retards.<\/span>[\/vc_column_text][\/vc_column_inner][\/vc_row_inner][\/vc_column][\/vc_row][vc_row full_width=\u00a0\u00bbstretch_row\u00a0\u00bb css=\u00a0\u00bb.vc_custom_1575922179665{background-color: #fcfcfc !important;}\u00a0\u00bb][vc_column]<h2 class='heading-content  divider-modern' ><span>Notre histoire<\/span><\/h2>[vc_empty_space height=\u00a0\u00bb42px\u00a0\u00bb]<div class=\"timeline\"><div class=\"timeline-item\"><div class=\"timeline-year\">1992<\/div><div class=\"timeline-content\"><h3 class=\"timeline-title\">Technologies d'orientation<\/h3><div class=\"timeline-text\">Orientech s&rsquo;est d\u00e9velopp\u00e9 pour combler un vide dans le march\u00e9 local pour les \u00e9quipements de pose de capuchons, ainsi que pour les \u00e9quipements d&rsquo;alimentation, de triage, d&rsquo;orientation et de positionnement. Notre nom vient d&rsquo;une combinaison d&rsquo;Orientation et de Technologies.<\/div><\/div><\/div><div class=\"timeline-item\"><div class=\"timeline-year\">1990'<\/div><div class=\"timeline-content\"><h3 class=\"timeline-title\">Automatisation<\/h3><div class=\"timeline-text\">Outre les changements apport\u00e9s aux industries des GPC\/GGC, l&rsquo;industrie du mat\u00e9riel de transport a \u00e9t\u00e9 transform\u00e9e entre 1985 et 1997. Le besoin de nouvelles m\u00e9thodes pour \u00eatre comp\u00e9titif \u00e0 l&rsquo;\u00e9chelle mondiale \u00e9tait imminent. Notre march\u00e9 local disposait d&rsquo;une main-d&rsquo;\u0153uvre hautement qualifi\u00e9e qui \u00e9tait comprim\u00e9e. Orientech \u00e9tait situ\u00e9 au c\u0153ur du secteur des \u00e9quipements de transport qui investissait beaucoup dans l&rsquo;am\u00e9lioration des op\u00e9rations.<br \/>\nL&rsquo;automatisation dans une grande vari\u00e9t\u00e9 d&rsquo;industries qui utilisaient des rivets \u00e9tait en demande. \u00ab\u00a0Mon meilleur ami\u00a0\u00bb, le syst\u00e8me brevet\u00e9 d&rsquo;alimentation automatis\u00e9e des rivets d&rsquo;Orientech, a \u00e9t\u00e9 lanc\u00e9 &#8211; un syst\u00e8me qui est aujourd&rsquo;hui reconnu pour sa facilit\u00e9 d&rsquo;utilisation et sa fiabilit\u00e9 in\u00e9gal\u00e9e.<\/div><\/div><\/div><div class=\"timeline-item\"><div class=\"timeline-year\">2000'<\/div><div class=\"timeline-content\"><h3 class=\"timeline-title\">Orientech est acquis par Charles-Alain Carri\u00e8re<\/h3><div class=\"timeline-text\">Orientech a \u00e9t\u00e9 acquis par Charles-Alain Carri\u00e8re, un homme d&rsquo;affaires bien ancr\u00e9 dans la communaut\u00e9 locale. Il a r\u00e9ussi \u00e0 r\u00e9aliser ses aspirations \u00e0 se d\u00e9velopper dans d&rsquo;autres industries. Comptable agr\u00e9\u00e9 de profession, Charles-Alain poss\u00e8de \u00e9galement une vaste exp\u00e9rience dans l&rsquo;industrie des produits de grande consommation, notamment en occupant des postes de direction dans les op\u00e9rations, les ventes et le marketing aux Brasseries Molson et chez Pepsi-Cola.<br \/>\nPeu de temps apr\u00e8s leur acquisition, les installations d&rsquo;Orientech ont \u00e9t\u00e9 r\u00e9duites en cendres. En quelques semaines, Orientech a \u00e9t\u00e9 reconstruite sur un nouvel emplacement et a repris ses activit\u00e9s dans une installation moderne. Cet \u00e9v\u00e9nement a finalement eu un impact positif sur Orientech, car aujourd&rsquo;hui, notre plan d&rsquo;urgence continu pour les situations catastrophiques qui ont d\u00e9coul\u00e9 de l&rsquo;incendie nous aide \u00e0 respecter les d\u00e9lais m\u00eame dans les circonstances les plus s\u00e9v\u00e8res.<\/div><\/div><\/div><div class=\"timeline-item\"><div class=\"timeline-year\">2007<\/div><div class=\"timeline-content\"><h3 class=\"timeline-title\">MMC Automation Inc.<\/h3><div class=\"timeline-text\">Les actifs de MMC Automation Inc. sont acquis pour acc\u00e9l\u00e9rer les plans de croissance d&rsquo;Orientech. Ivan Stecko, le fondateur de MMC Automation Inc, se joint \u00e0 Orientech avec une \u00e9quipe comp\u00e9tente poss\u00e9dant un savoir-faire m\u00e9canique ing\u00e9nieux, ajoutant ainsi l&rsquo;automatisation avanc\u00e9e de l&rsquo;assemblage \u00e0 notre portefeuille.<br \/>\nOrientech conserve les brevets et marques de commerce de MMC Automation Inc.<\/div><\/div><\/div><div class=\"timeline-item\"><div class=\"timeline-year\">2008<\/div><div class=\"timeline-content\"><h3 class=\"timeline-title\">Nouvelles Technologies<\/h3><div class=\"timeline-text\">Dans une p\u00e9riode o\u00f9 l&rsquo;\u00e9conomie mondiale est fragile, Orientech apporte de nouvelles technologies aux entreprises qui cherchent \u00e0 rationaliser leurs processus, tout en am\u00e9liorant la qualit\u00e9 et les capacit\u00e9s \u00e0 r\u00e9agir rapidement aux demandes du march\u00e9. Orientech investit davantage et devient un int\u00e9grateur d&rsquo;automatisation de choix pour les grands manufacturiers de multiples industries.<\/div><\/div><\/div><div class=\"timeline-item\"><div class=\"timeline-year\">2010'<\/div><div class=\"timeline-content\"><h3 class=\"timeline-title\">Industrie 4.0<\/h3><div class=\"timeline-text\">La direction met en place des plans de succession. Justin Carri\u00e8re, ayant occup\u00e9 plusieurs postes au sein des op\u00e9rations d&rsquo;Orientech, devient actionnaire et directeur g\u00e9n\u00e9ral d&rsquo;Orientech, tandis qu&rsquo;Ivan Stecko prend sa retraite.<br \/>\nLa nouvelle direction restructure les op\u00e9rations pour qu&rsquo;elles correspondent aux meilleures pratiques d&rsquo;affaires tout en permettant aux membres talentueux de l&rsquo;\u00e9quipe d&rsquo;Orientech de vivre selon nos valeurs fondamentales : le respect, l&rsquo;honn\u00eatet\u00e9 et la transparence.<br \/>\nL&rsquo;une des le\u00e7ons les plus importantes tir\u00e9es de ce processus a \u00e9t\u00e9 que les d\u00e9lais de livraison \u00e0 l&rsquo;\u00e9chelle de l&rsquo;industrie \u00e9taient rarement respect\u00e9s.<\/p>\n<p>Orientech a entrepris de changer ce paradigme ; tout au long du processus de restructuration, nous nous sommes associ\u00e9s avec les meilleurs en automatisation industrielle et sommes devenus un int\u00e9grateur d&rsquo;automatisation encore plus flexible. Ces partenariats, align\u00e9s avec nos valeurs fondamentales, ont donn\u00e9 \u00e0 Orientech la r\u00e9putation de livrer \u00e0 temps tout en soutenant la qualit\u00e9 et le travail dans le processus.<\/p>\n<p>Orientech, l&rsquo;int\u00e9gration de l&rsquo;automatisation avec int\u00e9grit\u00e9. ( Voir les partenaires )<br \/>\nInvestir continuellement dans la R&#038;D, plut\u00f4t que de prendre des risques sur le march\u00e9, fait partie de l&rsquo;ADN d&rsquo;Orientech.<\/p>\n<p>Afin d&rsquo;assurer l&rsquo;avenir d&rsquo;Orientech, les r\u00e9investissements dans les op\u00e9rations se sont poursuivis, surtout en aidant ses employ\u00e9s \u00e0 \u00e9voluer davantage tout en attirant de nouveaux membres de l&rsquo;\u00e9quipe \u00e0 se joindre \u00e0 nous.<\/p>\n<p>L&rsquo;industrie 4.0 est \u00e9galement introduite dans les bureaux, de l&rsquo;impression de prototypage 3D, au prototypage CNC et au Cloud Computing. L&rsquo;int\u00e9gration de Google Workspace, en tant que colonne vert\u00e9brale de certaines de nos activit\u00e9s, a constitu\u00e9 une transformation importante dans la vie quotidienne de chacun au bureau, en apportant une collaboration sans pr\u00e9c\u00e9dent entre les membres de l&rsquo;\u00e9quipe.<\/div><\/div><\/div><div class=\"timeline-item\"><div class=\"timeline-year\">2020<\/div><div class=\"timeline-content\"><h3 class=\"timeline-title\">Aller de l'avant<\/h3><div class=\"timeline-text\">Aujourd&rsquo;hui, les machines et les syst\u00e8mes automatis\u00e9s d&rsquo;Orientech assemblent toujours des produits qui sont utilis\u00e9s quotidiennement, dans une vari\u00e9t\u00e9 d&rsquo;industries telles que ;<br \/>\n&#8211; Moulage de plastique<br \/>\n&#8211; Soins de sant\u00e9 et de beaut\u00e9<br \/>\n&#8211; Cosm\u00e9tiques<br \/>\n&#8211; Dispositifs m\u00e9dicaux<br \/>\n&#8211; Pharmaceutique<br \/>\n&#8211; Instruments d&rsquo;\u00e9criture<br \/>\n&#8211; Biens de consommation courante et produits de grande consommation (CPG et FMCG)<br \/>\n&#8211; \u00c9quipement de transport<\/div><\/div><\/div><\/div>[vc_empty_space][\/vc_column][\/vc_row][vc_row full_width=\u00a0\u00bbstretch_row\u00a0\u00bb][vc_column]<h2 class='heading-content  divider-modern' ><span>Carri\u00e8re \u2013 Nous joindre \u2013 Faites partie de notre \u00e9quipe<\/span><\/h2>[vc_empty_space height=\u00a0\u00bb42px\u00a0\u00bb][vc_column_text]<span style=\"font-weight: 400;\">Vous voyez-vous travailler dans un environnement innovant, o\u00f9 l&rsquo;attitude positive et la collaboration sont v\u00e9cues au quotidien ?<\/span><\/p>\n<p><span style=\"font-weight: 400;\">Nous sommes peut-\u00eatre faits l&rsquo;un pour l&rsquo;autre. Nous sommes situ\u00e9s dans les Basses-Laurentides, une r\u00e9gion sans trafic. Notre \u00e9quipe est en pleine croissance et nous sommes \u00e0 la recherche de personnes talentueuses ayant une exp\u00e9rience et\/ou une formation en m\u00e9canique.<\/span>[\/vc_column_text][vc_toggle title=\u00a0\u00bb\u00c9lectro-m\u00e9canique\u00a0\u00bb]<span style=\"font-weight: 400;\">Nous sommes r\u00e9guli\u00e8rement \u00e0 la recherche d&rsquo;\u00e9lectrom\u00e9caniciens et d&rsquo;assembleurs qui aimeraient se joindre \u00e0 notre \u00e9quipe. Seriez-vous int\u00e9ress\u00e9 ou connaissez-vous quelqu&rsquo;un qui pourrait l&rsquo;\u00eatre ? Environnement de travail dynamique, projets et clients extraordinaires, progression de carri\u00e8re tr\u00e8s int\u00e9ressante.<\/span>[\/vc_toggle][vc_column_text]Veuillez <a href=\"https:\/\/orientech.com\/fr\/demande-d-emploi\/\">soumettre votre demande d&#8217;emploi<\/a>.[\/vc_column_text][\/vc_column][\/vc_row]<\/p>\n<\/div>","protected":false},"excerpt":{"rendered":"<p>[vc_row][vc_column][vc_row_inner][vc_column_inner][vc_empty_space][\/vc_column_inner][\/vc_row_inner][vc_row_inner][vc_column_inner width=\u00a0\u00bb2\/3&Prime;][vc_column_text]Orientech a plus de 25 ans d&rsquo;exp\u00e9rience dans le d\u00e9veloppement, la conception et la fabrication d&rsquo;\u00e9quipements automatis\u00e9s livr\u00e9s au Canada, aux \u00c9tats-Unis et au Mexique. Nos racines sont dans les syst\u00e8mes d&rsquo;orientation et de positionnement. Cette exp\u00e9rience a men\u00e9 &hellip;<\/p>\n","protected":false},"author":1,"featured_media":0,"parent":0,"menu_order":0,"comment_status":"closed","ping_status":"closed","template":"","meta":{"_monsterinsights_skip_tracking":false,"_monsterinsights_sitenote_active":false,"_monsterinsights_sitenote_note":"","_monsterinsights_sitenote_category":0,"footnotes":""},"class_list":["post-4473","page","type-page","status-publish","hentry"],"_links":{"self":[{"href":"https:\/\/orientech.com\/fr\/wp-json\/wp\/v2\/pages\/4473","targetHints":{"allow":["GET"]}}],"collection":[{"href":"https:\/\/orientech.com\/fr\/wp-json\/wp\/v2\/pages"}],"about":[{"href":"https:\/\/orientech.com\/fr\/wp-json\/wp\/v2\/types\/page"}],"author":[{"embeddable":true,"href":"https:\/\/orientech.com\/fr\/wp-json\/wp\/v2\/users\/1"}],"replies":[{"embeddable":true,"href":"https:\/\/orientech.com\/fr\/wp-json\/wp\/v2\/comments?post=4473"}],"version-history":[{"count":0,"href":"https:\/\/orientech.com\/fr\/wp-json\/wp\/v2\/pages\/4473\/revisions"}],"wp:attachment":[{"href":"https:\/\/orientech.com\/fr\/wp-json\/wp\/v2\/media?parent=4473"}],"curies":[{"name":"wp","href":"https:\/\/api.w.org\/{rel}","templated":true}]}}