{"id":4486,"date":"2020-03-24T20:59:18","date_gmt":"2020-03-24T20:59:18","guid":{"rendered":"https:\/\/orientech.com\/cosmetiques\/"},"modified":"2020-09-08T18:22:39","modified_gmt":"2020-09-08T18:22:39","slug":"cosmetiques","status":"publish","type":"page","link":"https:\/\/orientech.com\/fr\/industries\/cosmetiques\/","title":{"rendered":"Cosm\u00e9tiques"},"content":{"rendered":"<div class=\"wpb-content-wrapper\"><p>[vc_row][vc_column width=\u00a0\u00bb2\/3&Prime;][vc_custom_heading text=\u00a0\u00bbVaste expertise dans l&rsquo;industrie des cosm\u00e9tiques\u00a0\u00bb google_fonts=\u00a0\u00bbfont_family:Lato%3A100%2C100italic%2C300%2C300italic%2Cregular%2Citalic%2C700%2C700italic%2C900%2C900italic|font_style:700%20bold%20regular%3A700%3Anormal\u00a0\u00bb el_class=\u00a0\u00bbtitle\u00a0\u00bb][vc_column_text]L&rsquo;expertise d&rsquo;Orientech en automatisation est fortement ancr\u00e9e dans l&rsquo;industrie cosm\u00e9tique. Les partenaires multinationaux ont fait face \u00e0 plusieurs complexit\u00e9s dans leurs tentatives d&rsquo;automatisation de leurs processus de production &#8211; souvent r\u00e9sultant du <a href=\"https:\/\/orientech.com\/fr\/solutions\/alimentation-de-petites-pieces\/\" target=\"_blank\" rel=\"noopener noreferrer\">triage, de l&rsquo;orientation et de l&rsquo;assemblage de composantes de tierces parties<\/a>.<\/p>\n<p><span style=\"font-weight: 400;\">Nous mettons en place de nombreux processus qui permettent d&rsquo;optimiser la productivit\u00e9.\u00a0<\/span><span style=\"font-weight: 400;\">Notre vaste savoir-faire exclusif en mati\u00e8re d&rsquo;alimentation, de tri, d&rsquo;orientation et de positionnement des pi\u00e8ces fait de nous le partenaire id\u00e9al pour finaliser l&rsquo;assemblage des composants. Les machines de pr\u00e9-assemblage d&rsquo;Orientech nous permettent d&rsquo;avoir le contr\u00f4le des composantes pendant tout le processus. L&rsquo;alimentation, le triage, l&rsquo;orientation et le positionnement des pi\u00e8ces sont souvent sous-estim\u00e9s lors de la conception d&rsquo;une ligne d&rsquo;assemblage. La ma\u00eetrise de ces \u00e9l\u00e9ments a amen\u00e9 Orientech \u00e0 d\u00e9velopper et \u00e0 commercialiser divers syst\u00e8mes automatis\u00e9s et semi-automatis\u00e9s sur mesure qui deviennent des \u00e9l\u00e9ments essentiels de l&rsquo;alimentation, du positionnement, de l&rsquo;\u00e9tiquetage, du comptage, du codage et de l&#8217;emballage d&rsquo;une grande vari\u00e9t\u00e9 de produits cosm\u00e9tiques.<\/span><\/p>\n<p><span style=\"font-weight: 400;\">Selon les besoins et les normes de votre entreprise, nous concevons des syst\u00e8mes flexibles et rapides pour r\u00e9pondre \u00e0 vos attentes. \u00c9tant donn\u00e9 le tr\u00e8s haut niveau d&rsquo;adaptabilit\u00e9 de nos syst\u00e8mes d&rsquo;approvisionnement, vous pouvez \u00e9galement s\u00e9lectionner la cadence de production selon vos pr\u00e9f\u00e9rences, \u00e0 tout moment souhait\u00e9.<\/span><\/p>\n<p><span style=\"font-weight: 400;\">Notre combinaison unique d&rsquo;expertise et d&rsquo;innovation fait d&rsquo;Orientech le seul fabricant nord-am\u00e9ricain ayant la capacit\u00e9 d&rsquo;assembler la grande vari\u00e9t\u00e9 de composantes utilis\u00e9es dans l&rsquo;industrie des cosm\u00e9tiques d&rsquo;aujourd&rsquo;hui.<\/span><\/p>\n<p><span style=\"font-weight: 400;\">Nous avons acquis une compr\u00e9hension approfondie des proc\u00e9d\u00e9s d&rsquo;automatisation utilis\u00e9s dans la fabrication des cosm\u00e9tiques.<\/span><\/p>\n<p><span style=\"font-weight: 400;\">Nous ne proposons des solutions \u00e0 vos besoins et d\u00e9sirs que si elles sont r\u00e9alisables et s&rsquo;int\u00e8grent dans votre \u00e9ch\u00e9ancier. Nous comprenons les risques li\u00e9s au non-respect des d\u00e9lais par nos partenaires et l&rsquo;importance d&rsquo;avoir la flexibilit\u00e9 requise pour \u00eatre comp\u00e9titif, tout en s&rsquo;adaptant, dans l&rsquo;industrie hautement comp\u00e9titive des cosm\u00e9tiques.<\/span>[\/vc_column_text][\/vc_column][vc_column width=\u00a0\u00bb1\/3&Prime;][vc_single_image image=\u00a0\u00bb3571&Prime; img_size=\u00a0\u00bbfull\u00a0\u00bb css_animation=\u00a0\u00bbnone\u00a0\u00bb][vc_video link=\u00a0\u00bbhttps:\/\/www.youtube.com\/watch?v=d8k1YASTzV8&Prime; align=\u00a0\u00bbright\u00a0\u00bb][\/vc_column][\/vc_row][vc_row][vc_column width=\u00a0\u00bb2\/3&Prime;][vc_custom_heading text=\u00a0\u00bbDes machines de haute performance pour r\u00e9pondre aux besoins de nos clients\u00a0\u00bb google_fonts=\u00a0\u00bbfont_family:Lato%3A100%2C100italic%2C300%2C300italic%2Cregular%2Citalic%2C700%2C700italic%2C900%2C900italic|font_style:700%20bold%20regular%3A700%3Anormal\u00a0\u00bb el_class=\u00a0\u00bbtitle\u00a0\u00bb][vc_column_text]<span style=\"font-weight: 400;\">De grandes marques de l&rsquo;industrie des cosm\u00e9tiques ont confi\u00e9 \u00e0 Orientech la conception et la fabrication d&rsquo;\u00e9quipements d&rsquo;assemblage pour leurs produits, dont le mascara, l&rsquo;ombre \u00e0 paupi\u00e8res, le brillant \u00e0 l\u00e8vres, le maquillage, le rouge \u00e0 l\u00e8vres, le fond de teint et bien d&rsquo;autres. La nature fragile des pi\u00e8ces utilis\u00e9es dans les cosm\u00e9tiques a fait d&rsquo;Orientech un partenaire de confiance dans les projets d&rsquo;int\u00e9gration d&rsquo;automatisation.<\/span>[\/vc_column_text]<ul class='list list-default'><li>Syst\u00e8me d&rsquo;assemblage par indexation<\/li><li><span style=\"font-weight: 400;\">Syst\u00e8me d\u2019assemblage par cin\u00e9matique<\/span><\/li><li><span style=\"font-weight: 400;\">Syst\u00e8me de fermeture et de jointage de bouchons<\/span><\/li><li><span style=\"font-weight: 400;\">Chaine d\u2019assemblage faite sur mesure<\/span><\/li><li><span style=\"font-weight: 400;\">Syst\u00e8mes d&rsquo;alimentation et d&rsquo;orientation (bols vibrants et bols centrifuges)<\/span><\/li><li><span style=\"font-weight: 400;\">Robotique: Orientech int\u00e8gre les robots et produits FANUC, reconnus pour leur rapidit\u00e9, leur pr\u00e9cision et leur durabilit\u00e9<\/span><\/li><li><span style=\"font-weight: 400;\">\u00c9tiqueteuses<\/span><\/li><li><span style=\"font-weight: 400;\">Remplissage de petites doses<\/span><\/li><li><span style=\"font-weight: 400;\">Syst\u00e8mes d&rsquo;inspection visuelle<\/span><\/li><\/ul>[\/vc_column][vc_column width=\u00a0\u00bb1\/3&Prime;][vc_single_image image=\u00a0\u00bb2870&Prime; img_size=\u00a0\u00bbfull\u00a0\u00bb css_animation=\u00a0\u00bbnone\u00a0\u00bb][vc_single_image image=\u00a0\u00bb5379&Prime; img_size=\u00a0\u00bbfull\u00a0\u00bb onclick=\u00a0\u00bbcustom_link\u00a0\u00bb link=\u00a0\u00bbhttps:\/\/orientech.com\/fr\/demande-de-soumission\/\u00a0\u00bb][\/vc_column][\/vc_row][vc_row][vc_column width=\u00a0\u00bb2\/3&Prime;][vc_custom_heading text=\u00a0\u00bbPourquoi s&rsquo;associer avec Orientech pour vos besoins d&rsquo;automatisation?\u00a0\u00bb google_fonts=\u00a0\u00bbfont_family:Lato%3A100%2C100italic%2C300%2C300italic%2Cregular%2Citalic%2C700%2C700italic%2C900%2C900italic|font_style:700%20bold%20regular%3A700%3Anormal\u00a0\u00bb el_class=\u00a0\u00bbtitle\u00a0\u00bb][vc_column_text]<\/p>\n<ul>\n<li style=\"font-weight: 400;\"><span style=\"font-weight: 400;\">Notre priorit\u00e9 principale est de g\u00e9rer les attentes et de ne faire des promesses que sur ce que nous pouvons livrer, que ce soit la fonctionnalit\u00e9 ou les d\u00e9lais ;<\/span><\/li>\n<li style=\"font-weight: 400;\"><span style=\"font-weight: 400;\">Les livraisons \u00e0 temps r\u00e9duisent les occasions perdues de gagner en efficacit\u00e9 ;<\/span><\/li>\n<li style=\"font-weight: 400;\"><span style=\"font-weight: 400;\">Plus de 25 ans d&rsquo;exp\u00e9rience interdisciplinaire dans plusieurs industries garantissent la fonctionnalit\u00e9 et la rentabilit\u00e9 de votre projet ;<\/span><\/li>\n<li style=\"font-weight: 400;\"><span style=\"font-weight: 400;\">Une garantie sans faille sur notre \u00e9quipement et notre fabrication ;<\/span><\/li>\n<li style=\"font-weight: 400;\"><span style=\"font-weight: 400;\">Notre approche centr\u00e9e sur le client : nous serons votre \u00a0\u00bb partenaire \u00a0\u00bb pour tous vos projets ;<\/span><\/li>\n<li style=\"font-weight: 400;\"><span style=\"font-weight: 400;\">\u00ab\u00a0Fiabilit\u00e9, qualit\u00e9 et durabilit\u00e9\u00a0\u00bb sont les termes que nos clients associent \u00e0 nos syst\u00e8mes ;<\/span><\/li>\n<li style=\"font-weight: 400;\"><span style=\"font-weight: 400;\">Une gamme de produits et de solutions adapt\u00e9e \u00e0 votre budget ;<\/span><\/li>\n<li style=\"font-weight: 400;\"><span style=\"font-weight: 400;\">Nos techniciens professionnels offrent un excellent service d&rsquo;entretien pr\u00e9ventif adapt\u00e9 \u00e0 vos besoins ;<\/span><\/li>\n<li style=\"font-weight: 400;\"><span style=\"font-weight: 400;\">La formation est personnalis\u00e9e pour votre \u00e9quipe &#8211; disponible en anglais, espagnol ou fran\u00e7ais.<\/span><\/li>\n<\/ul>\n<p>[\/vc_column_text][\/vc_column][vc_column width=\u00a0\u00bb1\/3&Prime;][vc_column_text]D\u00e9couvrez nos solutions d\u00e9di\u00e9es \u00e0 l&rsquo;industrie cosm\u00e9tique:<\/p>\n<p>\u203a <a href=\"https:\/\/orientech.com\/fr\/solutions\/machines-de-revetement-de-capuchon\/\">Machines de rev\u00eatement de capuchon<\/a><\/p>\n<p>\u203a <a href=\"https:\/\/orientech.com\/fr\/solutions\/machines-dassemblage-automatisees-cle-en-main\/\">Machines d&rsquo;assemblage automatis\u00e9es cl\u00e9 en main<\/a><\/p>\n<p>\u203a <a href=\"https:\/\/orientech.com\/fr\/solutions\/\">Nos autres solutions personnalis\u00e9es pour votre entreprise<\/a>[\/vc_column_text][\/vc_column][\/vc_row][vc_row][vc_column width=\u00a0\u00bb2\/3&Prime;][\/vc_column][vc_column width=\u00a0\u00bb1\/3&Prime;][\/vc_column][\/vc_row]<\/p>\n<\/div>","protected":false},"excerpt":{"rendered":"<p>[vc_row][vc_column width=\u00a0\u00bb2\/3&Prime;][vc_custom_heading text=\u00a0\u00bbVaste expertise dans l&rsquo;industrie des cosm\u00e9tiques\u00a0\u00bb google_fonts=\u00a0\u00bbfont_family:Lato%3A100%2C100italic%2C300%2C300italic%2Cregular%2Citalic%2C700%2C700italic%2C900%2C900italic|font_style:700%20bold%20regular%3A700%3Anormal\u00a0\u00bb el_class=\u00a0\u00bbtitle\u00a0\u00bb][vc_column_text]L&rsquo;expertise d&rsquo;Orientech en automatisation est fortement ancr\u00e9e dans l&rsquo;industrie cosm\u00e9tique. Les partenaires multinationaux ont fait face \u00e0 plusieurs complexit\u00e9s dans leurs tentatives d&rsquo;automatisation de leurs processus de production &#8211; souvent r\u00e9sultant &hellip;<\/p>\n","protected":false},"author":1,"featured_media":0,"parent":4496,"menu_order":0,"comment_status":"closed","ping_status":"closed","template":"","meta":{"_monsterinsights_skip_tracking":false,"_monsterinsights_sitenote_active":false,"_monsterinsights_sitenote_note":"","_monsterinsights_sitenote_category":0,"footnotes":""},"class_list":["post-4486","page","type-page","status-publish","hentry"],"_links":{"self":[{"href":"https:\/\/orientech.com\/fr\/wp-json\/wp\/v2\/pages\/4486","targetHints":{"allow":["GET"]}}],"collection":[{"href":"https:\/\/orientech.com\/fr\/wp-json\/wp\/v2\/pages"}],"about":[{"href":"https:\/\/orientech.com\/fr\/wp-json\/wp\/v2\/types\/page"}],"author":[{"embeddable":true,"href":"https:\/\/orientech.com\/fr\/wp-json\/wp\/v2\/users\/1"}],"replies":[{"embeddable":true,"href":"https:\/\/orientech.com\/fr\/wp-json\/wp\/v2\/comments?post=4486"}],"version-history":[{"count":0,"href":"https:\/\/orientech.com\/fr\/wp-json\/wp\/v2\/pages\/4486\/revisions"}],"up":[{"embeddable":true,"href":"https:\/\/orientech.com\/fr\/wp-json\/wp\/v2\/pages\/4496"}],"wp:attachment":[{"href":"https:\/\/orientech.com\/fr\/wp-json\/wp\/v2\/media?parent=4486"}],"curies":[{"name":"wp","href":"https:\/\/api.w.org\/{rel}","templated":true}]}}