{"id":4489,"date":"2020-03-24T21:03:03","date_gmt":"2020-03-24T21:03:03","guid":{"rendered":"https:\/\/orientech.com\/soins-de-sante-et-de-beaute\/"},"modified":"2020-09-08T17:42:25","modified_gmt":"2020-09-08T17:42:25","slug":"soins-de-sante-et-de-beaute","status":"publish","type":"page","link":"https:\/\/orientech.com\/fr\/industries\/soins-de-sante-et-de-beaute\/","title":{"rendered":"Soins de sant\u00e9 et de beaut\u00e9"},"content":{"rendered":"<div class=\"wpb-content-wrapper\"><p>[vc_row][vc_column width=\u00a0\u00bb2\/3&Prime;][vc_custom_heading text=\u00a0\u00bbProcessus d&rsquo;assemblage des soins de sant\u00e9 et de beaut\u00e9\u00a0\u00bb google_fonts=\u00a0\u00bbfont_family:Lato%3A100%2C100italic%2C300%2C300italic%2Cregular%2Citalic%2C700%2C700italic%2C900%2C900italic|font_style:700%20bold%20regular%3A700%3Anormal\u00a0\u00bb el_class=\u00a0\u00bbtitle\u00a0\u00bb][vc_column_text]<span style=\"font-weight: 400;\">Commun\u00e9ment appel\u00e9s \u00ab\u00a0produits de soins personnels\u00a0\u00bb, les produits HBC couvrent une vaste gamme de produits que l&rsquo;on trouve dans les rayons sant\u00e9 et beaut\u00e9 des pharmacies, des supermarch\u00e9s et des grands magasins.<\/span><\/p>\n<p><span style=\"font-weight: 400;\">Les soci\u00e9t\u00e9s de produits de soins personnels ont d\u00e9velopp\u00e9 les emballages HBC dans le but de faire en sorte que leurs produits se distinguent des autres produits offerts aux consommateurs, plut\u00f4t que d&rsquo;avoir un emballage standardis\u00e9 qui se ressemble. Derni\u00e8rement, m\u00eame la fonctionnalit\u00e9 est devenue essentielle \u00e0 l&rsquo;identification de la marque, ainsi qu&rsquo;au choix des mat\u00e9riaux \u00e0 des fins environnementales. Ces progr\u00e8s dans la conception, que ce soit pour l&rsquo;apparence ou la fonctionnalit\u00e9, ont fait ressortir des d\u00e9fis op\u00e9rationnels souvent n\u00e9glig\u00e9s tout au long du processus de conception.<\/span><\/p>\n<p><span style=\"font-weight: 400;\">Les possibilit\u00e9s comprennent l&rsquo;assemblage de sous-composants de conceptions non normalis\u00e9es et de nouveaux mat\u00e9riaux n\u00e9cessitant une manipulation sp\u00e9ciale.<\/span><\/p>\n<p><span style=\"font-weight: 400;\">La possibilit\u00e9 d&rsquo;atteindre les objectifs op\u00e9rationnels fait partie de l&rsquo;expertise d&rsquo;Orientech, qui offre des services \u00e0 valeur ajout\u00e9e en assemblant des composantes \u00e0 plusieurs pi\u00e8ces qui n\u00e9cessitent des besoins particuliers de production en ligne.<\/span><\/p>\n<p><span style=\"font-weight: 400;\">Orientech a aid\u00e9 des entreprises \u00e0 augmenter leurs revenus en leur fournissant des solutions sur mesure. Ces solutions comprennent des \u00e9quipements d&rsquo;alimentation de composantes, des syst\u00e8mes d&rsquo;orientation de pi\u00e8ces, des lignes d&rsquo;assemblage de composantes multi-pi\u00e8ces, des cellules d&rsquo;inspection visuelle ainsi que l&rsquo;\u00e9tiquetage, l&#8217;empilage et l&#8217;emballage de composantes et de produits finis. En comprenant la \u00ab\u00a0VSM\u00a0\u00bb (Value Stream Mapping) globale, ces solutions ont apport\u00e9 des am\u00e9liorations \u00e0 diff\u00e9rents domaines de leur processus. L&rsquo;efficacit\u00e9 des cadences, l&rsquo;am\u00e9lioration de la qualit\u00e9 et, souvent, la r\u00e9duction des co\u00fbts d&rsquo;exp\u00e9dition, gr\u00e2ce \u00e0 l&#8217;empilage et \u00e0 l&#8217;emballage, sont quelques exemples de domaines o\u00f9 les op\u00e9rations sont am\u00e9lior\u00e9es, ou de nouveaux emballages peuvent fonctionner \u00e0 un rythme habituel, gr\u00e2ce \u00e0 nos solutions automatis\u00e9es et semi-automatis\u00e9es.<\/span><\/p>\n<p><span style=\"font-weight: 400;\">Nous prenons le temps de comprendre vos r\u00e9alit\u00e9s et de mettre en place des solutions pour maximiser chaque \u00e9tape du processus d&rsquo;assemblage de votre produit.<\/span>[\/vc_column_text][\/vc_column][vc_column width=\u00a0\u00bb1\/3&Prime;][vc_single_image image=\u00a0\u00bb2943&Prime; img_size=\u00a0\u00bbfull\u00a0\u00bb css_animation=\u00a0\u00bbnone\u00a0\u00bb][vc_video link=\u00a0\u00bbhttps:\/\/youtu.be\/KwT3QnzeGKg\u00a0\u00bb][\/vc_column][\/vc_row][vc_row][vc_column width=\u00a0\u00bb2\/3&Prime;][vc_custom_heading text=\u00a0\u00bbUne expertise de pointe dans l&rsquo;industrie du HBC\u00a0\u00bb google_fonts=\u00a0\u00bbfont_family:Lato%3A100%2C100italic%2C300%2C300italic%2Cregular%2Citalic%2C700%2C700italic%2C900%2C900italic|font_style:700%20bold%20regular%3A700%3Anormal\u00a0\u00bb el_class=\u00a0\u00bbtitle\u00a0\u00bb][vc_column_text]<span style=\"font-weight: 400;\">Un avantage de notre processus ax\u00e9 sur le partenariat est notre implication d\u00e8s le d\u00e9but de la conception des produits, ce qui permet d&rsquo;accro\u00eetre l&rsquo;efficacit\u00e9 tout en concevant des syst\u00e8mes automatis\u00e9s pour la fabrication d&#8217;emballages et de produits complexes.<\/span><\/p>\n<p><span style=\"font-weight: 400;\">En utilisant nos services pour l&rsquo;implantation d&rsquo;un syst\u00e8me d&rsquo;assemblage ou d&rsquo;alimentation automatis\u00e9, vous b\u00e9n\u00e9ficierez des d\u00e9cennies d&rsquo;exp\u00e9rience intersectorielle d&rsquo;Orientech pour am\u00e9liorer davantage votre proc\u00e9d\u00e9 existant.<\/span><\/p>\n<p><span style=\"font-weight: 400;\">Les multinationales ont fait confiance \u00e0 Orientech pour la cr\u00e9ation de leurs lignes d&rsquo;assemblage automatis\u00e9es pour des produits tels que les b\u00e2tons d\u00e9odorants, les capuchons de bouteilles de shampooing, les capuchons de bouteilles de sp\u00e9cialit\u00e9 CPG, les capuchons roulants, les capuchons \u00e0 bascule, les capuchons pour lingettes, les capuchons pulv\u00e9risateurs, les emballages de soins dentaires, les emballages de soins faciaux, les pompes de d\u00e9sinfection des mains, les emballages de rasage, les doublures de capuchons de pots de cr\u00e8me, les capuchons pour vitamines et toutes autres composantes et\/ou emballages n\u00e9cessitant un assemblage, une orientation et un empilage\/emballage.<\/span>[\/vc_column_text][\/vc_column][vc_column width=\u00a0\u00bb1\/3&Prime;][vc_single_image image=\u00a0\u00bb5379&Prime; img_size=\u00a0\u00bbfull\u00a0\u00bb onclick=\u00a0\u00bbcustom_link\u00a0\u00bb link=\u00a0\u00bbhttps:\/\/orientech.com\/fr\/demande-de-soumission\/\u00a0\u00bb][\/vc_column][\/vc_row][vc_row][vc_column width=\u00a0\u00bb2\/3&Prime;][vc_custom_heading text=\u00a0\u00bbSolutions Orientech utilis\u00e9es dans le secteur des CBH\u00a0\u00bb google_fonts=\u00a0\u00bbfont_family:Lato%3A100%2C100italic%2C300%2C300italic%2Cregular%2Citalic%2C700%2C700italic%2C900%2C900italic|font_style:700%20bold%20regular%3A700%3Anormal\u00a0\u00bb el_class=\u00a0\u00bbtitle\u00a0\u00bb][vc_column_text]<\/p>\n<ul>\n<li style=\"font-weight: 400;\"><span style=\"font-weight: 400;\">Syst\u00e8mes automatis\u00e9s cl\u00e9s en main personnalis\u00e9s pour les assemblages \u00e0 plusieurs pi\u00e8ces ;<\/span><\/li>\n<li style=\"font-weight: 400;\"><span style=\"font-weight: 400;\">Syst\u00e8mes d&rsquo;indexage et d&rsquo;assemblage en continu ;<\/span><\/li>\n<li style=\"font-weight: 400;\"><span style=\"font-weight: 400;\">\u00c9quipement de doublage et de rembourrage, y compris les capuchons \u00e0 large ouverture ;<\/span><\/li>\n<li style=\"font-weight: 400;\"><span style=\"font-weight: 400;\">Syst\u00e8mes d&rsquo;alimentation et d&rsquo;orientation (bols d&rsquo;alimentation vibrants et bols d&rsquo;alimentation centrifuges) ;<\/span><\/li>\n<li style=\"font-weight: 400;\"><span style=\"font-weight: 400;\">Robotique : Orientech int\u00e8gre les robots et produits FANUC, reconnus pour<\/span><\/li>\n<li style=\"font-weight: 400;\"><span style=\"font-weight: 400;\">leur vitesse, leur pr\u00e9cision et leur durabilit\u00e9 ;<\/span><\/li>\n<li style=\"font-weight: 400;\"><span style=\"font-weight: 400;\">Les \u00e9tiqueteuses ;<\/span><\/li>\n<li style=\"font-weight: 400;\"><span style=\"font-weight: 400;\">Lecteurs de codes-barres ;<\/span><\/li>\n<li style=\"font-weight: 400;\"><span style=\"font-weight: 400;\">Marqueurs laser ;<\/span><\/li>\n<li style=\"font-weight: 400;\"><span style=\"font-weight: 400;\">Remplissage de petites doses ;<\/span><\/li>\n<li style=\"font-weight: 400;\"><span style=\"font-weight: 400;\">Syst\u00e8mes d&rsquo;inspection par vision<\/span><\/li>\n<\/ul>\n<p>[\/vc_column_text][\/vc_column][vc_column width=\u00a0\u00bb1\/3&Prime;][vc_single_image image=\u00a0\u00bb4180&Prime; img_size=\u00a0\u00bbfull\u00a0\u00bb css_animation=\u00a0\u00bbnone\u00a0\u00bb][vc_column_text]D\u00e9couvrez nos solutions d\u00e9di\u00e9es \u00e0 l&rsquo;industrie des produits de soins personnels :<\/p>\n<p>\u203a <a href=\"https:\/\/orientech.com\/fr\/solutions\/machines-de-revetement-de-capuchon\/\">Machines de rev\u00eatement de capuchon<\/a><\/p>\n<p>\u203a <a href=\"https:\/\/orientech.com\/fr\/solutions\/machines-dassemblage-automatisees-cle-en-main\/\">Machines d&rsquo;assemblage automatis\u00e9es cl\u00e9 en main<\/a><\/p>\n<p>\u203a <a href=\"https:\/\/orientech.com\/fr\/solutions\/\">Nos autres solutions personnalis\u00e9es pour votre entreprise<\/a>[\/vc_column_text][\/vc_column][\/vc_row][vc_row][vc_column width=\u00a0\u00bb2\/3&Prime;][vc_custom_heading text=\u00a0\u00bbAm\u00e9lioration des processus\u00a0\u00bb google_fonts=\u00a0\u00bbfont_family:Lato%3A100%2C100italic%2C300%2C300italic%2Cregular%2Citalic%2C700%2C700italic%2C900%2C900italic|font_style:700%20bold%20regular%3A700%3Anormal\u00a0\u00bb el_class=\u00a0\u00bbtitle\u00a0\u00bb][vc_column_text]<span style=\"font-weight: 400;\">Nous intervenons tr\u00e8s t\u00f4t dans la phase de conception des produits pour aider \u00e0 apporter des gains d&rsquo;efficacit\u00e9 tout en concevant des syst\u00e8mes automatis\u00e9s pour la fabrication d&#8217;emballages et de produits complexes.<\/span><\/p>\n<p><span style=\"font-weight: 400;\">En utilisant nos services pour l&rsquo;implantation d&rsquo;un syst\u00e8me d&rsquo;assemblage ou d&rsquo;alimentation automatis\u00e9, le processus de production de vos produits, qui semble souvent simpliste, vous b\u00e9n\u00e9ficierez des d\u00e9cennies d&rsquo;exp\u00e9rience intersectorielle d&rsquo;Orientech pour am\u00e9liorer davantage votre processus existant.<\/span><\/p>\n<p><span style=\"font-weight: 400;\">Les multinationales ont fait confiance \u00e0 Orientech pour la cr\u00e9ation de leurs lignes d&rsquo;assemblage automatis\u00e9es pour des produits tels que les b\u00e2tons d\u00e9odorants, les capuchons de bouteilles de shampooing, les capuchons de bouteilles de sp\u00e9cialit\u00e9 CPG, les capuchons \u00e0 rouler, les capuchons \u00e0 bascule, les capuchons \u00e0 lingettes, les capuchons \u00e0 vaporiser, les emballages de soins dentaires, les emballages de soins faciaux, les pompes de d\u00e9sinfection des mains, les emballages de rasage, les doublures de capuchons de pots de cr\u00e8me, les capuchons de vitamines et toutes autres composantes et\/ou emballages n\u00e9cessitant un assemblage, une orientation et un empilage\/emballage.<\/span>[\/vc_column_text][\/vc_column][vc_column width=\u00a0\u00bb1\/3&Prime;][\/vc_column][\/vc_row][vc_row][vc_column width=\u00a0\u00bb2\/3&Prime;][\/vc_column][vc_column width=\u00a0\u00bb1\/3&Prime;][\/vc_column][\/vc_row]<\/p>\n<\/div>","protected":false},"excerpt":{"rendered":"<p>[vc_row][vc_column width=\u00a0\u00bb2\/3&Prime;][vc_custom_heading text=\u00a0\u00bbProcessus d&rsquo;assemblage des soins de sant\u00e9 et de beaut\u00e9\u00a0\u00bb google_fonts=\u00a0\u00bbfont_family:Lato%3A100%2C100italic%2C300%2C300italic%2Cregular%2Citalic%2C700%2C700italic%2C900%2C900italic|font_style:700%20bold%20regular%3A700%3Anormal\u00a0\u00bb el_class=\u00a0\u00bbtitle\u00a0\u00bb][vc_column_text]Commun\u00e9ment appel\u00e9s \u00ab\u00a0produits de soins personnels\u00a0\u00bb, les produits HBC couvrent une vaste gamme de produits que l&rsquo;on trouve dans les rayons sant\u00e9 et beaut\u00e9 des pharmacies, des supermarch\u00e9s &hellip;<\/p>\n","protected":false},"author":1,"featured_media":0,"parent":4496,"menu_order":0,"comment_status":"closed","ping_status":"closed","template":"","meta":{"_monsterinsights_skip_tracking":false,"_monsterinsights_sitenote_active":false,"_monsterinsights_sitenote_note":"","_monsterinsights_sitenote_category":0,"footnotes":""},"class_list":["post-4489","page","type-page","status-publish","hentry"],"_links":{"self":[{"href":"https:\/\/orientech.com\/fr\/wp-json\/wp\/v2\/pages\/4489","targetHints":{"allow":["GET"]}}],"collection":[{"href":"https:\/\/orientech.com\/fr\/wp-json\/wp\/v2\/pages"}],"about":[{"href":"https:\/\/orientech.com\/fr\/wp-json\/wp\/v2\/types\/page"}],"author":[{"embeddable":true,"href":"https:\/\/orientech.com\/fr\/wp-json\/wp\/v2\/users\/1"}],"replies":[{"embeddable":true,"href":"https:\/\/orientech.com\/fr\/wp-json\/wp\/v2\/comments?post=4489"}],"version-history":[{"count":0,"href":"https:\/\/orientech.com\/fr\/wp-json\/wp\/v2\/pages\/4489\/revisions"}],"up":[{"embeddable":true,"href":"https:\/\/orientech.com\/fr\/wp-json\/wp\/v2\/pages\/4496"}],"wp:attachment":[{"href":"https:\/\/orientech.com\/fr\/wp-json\/wp\/v2\/media?parent=4489"}],"curies":[{"name":"wp","href":"https:\/\/api.w.org\/{rel}","templated":true}]}}