{"id":4496,"date":"2020-03-24T21:18:17","date_gmt":"2020-03-24T21:18:17","guid":{"rendered":"https:\/\/orientech.com\/industries\/"},"modified":"2020-09-08T19:05:02","modified_gmt":"2020-09-08T19:05:02","slug":"industries","status":"publish","type":"page","link":"https:\/\/orientech.com\/fr\/industries\/","title":{"rendered":"Industries"},"content":{"rendered":"<div class=\"wpb-content-wrapper\"><p>[vc_row][vc_column width=\u00a0\u00bb2\/3&Prime;][vc_custom_heading text=\u00a0\u00bbASSEMBLAGES \u00c0 PLUSIEURS COMPOSANTS AUTOMATIS\u00c9S POUR TOUTES LES INDUSTRIES\u00a0\u00bb google_fonts=\u00a0\u00bbfont_family:Montserrat%3Aregular%2C700|font_style:400%20regular%3A400%3Anormal\u00a0\u00bb el_class=\u00a0\u00bbtitle\u00a0\u00bb][vc_column_text]<span style=\"font-weight: 400;\">Orientech offre une gamme compl\u00e8te de syst\u00e8mes d&rsquo;alimentation, de tri et d&rsquo;assemblage \u00e0 la fine pointe de la technologie. Chaque syst\u00e8me est con\u00e7u et fabriqu\u00e9 pour fonctionner comme un syst\u00e8me unique permettant \u00e0 Orientech de produire la bonne solution pour votre application sans compromis. Les syst\u00e8mes peuvent \u00eatre con\u00e7us pour \u00eatre aussi rapides ou aussi lents que requis, sans jamais compromettre les temps de s\u00e9jour n\u00e9cessaires pour compl\u00e9ter chaque op\u00e9ration d&rsquo;assemblage. Vous pouvez choisir entre une table rotative \u00e0 cadran \u00e0 mouvement intermittent, une table rotative \u00e0 mouvement continu, un syst\u00e8me intermittent \u00e9conomique ou un syst\u00e8me en ligne \u00e0 mouvement continu. Des stations ou des tourelles additionnelles sont ajout\u00e9es au besoin, permettant aux syst\u00e8mes d&rsquo;assemblage Orientech de cro\u00eetre avec vos besoins.<\/span>[\/vc_column_text][vc_column_text]<span style=\"font-weight: 400;\">Les syst\u00e8mes d&rsquo;assemblage sont disponibles par placement, insertion, pression ou action rotative. L&rsquo;application d&rsquo;adh\u00e9sifs peut s\u00e9curiser les composantes, la soudure, le scellement par ultrasons ou par induction et peut inclure le d\u00e9coupage, le per\u00e7age, le taraudage ou le vissage<\/span><\/p>\n<p><span style=\"font-weight: 400;\">selon les besoins. Les syst\u00e8mes de marquage, de codage, d&rsquo;\u00e9tiquetage et d&rsquo;inspection, avec des syst\u00e8mes automatiques de regroupement et de rejet des produits, le cas \u00e9ch\u00e9ant, peuvent \u00e9liminer les processus en aval et r\u00e9duire vos co\u00fbts.<\/span>[\/vc_column_text][vc_empty_space][\/vc_column][vc_column width=\u00a0\u00bb1\/3&Prime;][vc_video link=\u00a0\u00bbhttps:\/\/www.youtube.com\/watch?v=PdpkRr-7Y_A\u00a0\u00bb][vc_custom_heading text=\u00a0\u00bbPrincipales industries\u00a0\u00bb font_container=\u00a0\u00bbtag:h3|text_align:left\u00a0\u00bb use_theme_fonts=\u00a0\u00bbyes\u00a0\u00bb]<ul class='list list-circle-arrow'><li><a href=\"https:\/\/orientech.com\/fr\/industries\/moulage-plastique\/\">Moulage de plastique<\/a><\/li><li><a href=\"https:\/\/orientech.com\/fr\/industries\/soins-de-sante-et-de-beaute\/\">Soins de sant\u00e9 et de beaut\u00e9<\/a><\/li><li><a href=\"https:\/\/orientech.com\/fr\/industries\/cosmetiques\/\">Cosm\u00e9tiques<\/a><\/li><li><a href=\"https:\/\/orientech.com\/fr\/industries\/sciences-de-la-vie\/\">Sciences de la vie<\/a><\/li><li><a href=\"https:\/\/orientech.com\/fr\/industries\/equipements-de-transport\/\">\u00c9quipements de transport<\/a><\/li><li><a href=\"https:\/\/orientech.com\/fr\/industries\/autres-industries\/\">Autres industries<\/a><\/li><\/ul>[\/vc_column][\/vc_row][vc_row][vc_column][\/vc_column][\/vc_row]<\/p>\n<\/div>","protected":false},"excerpt":{"rendered":"<p>[vc_row][vc_column width=\u00a0\u00bb2\/3&Prime;][vc_custom_heading text=\u00a0\u00bbASSEMBLAGES \u00c0 PLUSIEURS COMPOSANTS AUTOMATIS\u00c9S POUR TOUTES LES INDUSTRIES\u00a0\u00bb google_fonts=\u00a0\u00bbfont_family:Montserrat%3Aregular%2C700|font_style:400%20regular%3A400%3Anormal\u00a0\u00bb el_class=\u00a0\u00bbtitle\u00a0\u00bb][vc_column_text]Orientech offre une gamme compl\u00e8te de syst\u00e8mes d&rsquo;alimentation, de tri et d&rsquo;assemblage \u00e0 la fine pointe de la technologie. Chaque syst\u00e8me est con\u00e7u et fabriqu\u00e9 pour fonctionner comme &hellip;<\/p>\n","protected":false},"author":1,"featured_media":0,"parent":0,"menu_order":0,"comment_status":"closed","ping_status":"closed","template":"","meta":{"_monsterinsights_skip_tracking":false,"_monsterinsights_sitenote_active":false,"_monsterinsights_sitenote_note":"","_monsterinsights_sitenote_category":0,"footnotes":""},"class_list":["post-4496","page","type-page","status-publish","hentry"],"_links":{"self":[{"href":"https:\/\/orientech.com\/fr\/wp-json\/wp\/v2\/pages\/4496","targetHints":{"allow":["GET"]}}],"collection":[{"href":"https:\/\/orientech.com\/fr\/wp-json\/wp\/v2\/pages"}],"about":[{"href":"https:\/\/orientech.com\/fr\/wp-json\/wp\/v2\/types\/page"}],"author":[{"embeddable":true,"href":"https:\/\/orientech.com\/fr\/wp-json\/wp\/v2\/users\/1"}],"replies":[{"embeddable":true,"href":"https:\/\/orientech.com\/fr\/wp-json\/wp\/v2\/comments?post=4496"}],"version-history":[{"count":0,"href":"https:\/\/orientech.com\/fr\/wp-json\/wp\/v2\/pages\/4496\/revisions"}],"wp:attachment":[{"href":"https:\/\/orientech.com\/fr\/wp-json\/wp\/v2\/media?parent=4496"}],"curies":[{"name":"wp","href":"https:\/\/api.w.org\/{rel}","templated":true}]}}