{"id":4498,"date":"2020-03-24T21:27:34","date_gmt":"2020-03-24T21:27:34","guid":{"rendered":"https:\/\/orientech.com\/industries\/sciences-de-la-vie\/"},"modified":"2020-09-08T18:02:15","modified_gmt":"2020-09-08T18:02:15","slug":"sciences-de-la-vie","status":"publish","type":"page","link":"https:\/\/orientech.com\/fr\/industries\/sciences-de-la-vie\/","title":{"rendered":"Sciences de la vie"},"content":{"rendered":"<div class=\"wpb-content-wrapper\"><p>[vc_row][vc_column width=\u00a0\u00bb2\/3&Prime;][vc_custom_heading text=\u00a0\u00bbProduits pharmaceutiques et dispositifs m\u00e9dicaux\u00a0\u00bb google_fonts=\u00a0\u00bbfont_family:Lato%3A100%2C100italic%2C300%2C300italic%2Cregular%2Citalic%2C700%2C700italic%2C900%2C900italic|font_style:700%20bold%20regular%3A700%3Anormal\u00a0\u00bb el_class=\u00a0\u00bbtitle\u00a0\u00bb][vc_column_text]<span style=\"font-weight: 400;\">Nos machines pr\u00e9cises et flexibles permettent de produire et de manipuler des composants complexes de haute qualit\u00e9 que l&rsquo;on trouve fr\u00e9quemment dans les secteurs pharmaceutique et m\u00e9dical, tels que le remplissage de <strong>seringues orales, les flacons, les produits de soins oculaires, les tubes \u00e0 essai, les tubes plongeurs et les \u00e9quipements de dosage.<\/strong><\/span>[\/vc_column_text][vc_custom_heading text=\u00a0\u00bbUne expertise approfondie dans la conception des besoins d&rsquo;automatisation pharmaceutique\u00a0\u00bb google_fonts=\u00a0\u00bbfont_family:Lato%3A100%2C100italic%2C300%2C300italic%2Cregular%2Citalic%2C700%2C700italic%2C900%2C900italic|font_style:700%20bold%20regular%3A700%3Anormal\u00a0\u00bb el_class=\u00a0\u00bbtitle\u00a0\u00bb][vc_column_text]<span style=\"font-weight: 400;\">Orientech con\u00e7oit et fabrique des syst\u00e8mes automatis\u00e9s et semi-automatis\u00e9s qui fournissent, dirigent, remplissent et assemblent des composantes de diff\u00e9rents mat\u00e9riaux.<\/span><\/p>\n<p><span style=\"font-weight: 400;\">Dans les sous-secteurs pharmaceutiques, o\u00f9 la r\u00e9glementation fait partie int\u00e9grante des conditions de production, il est essentiel pour un fournisseur d&rsquo;offrir des machines qui respectent strictement les nombreuses lois et r\u00e8glements qui s&rsquo;appliquent aux diff\u00e9rents secteurs pharmaceutiques, y compris les exigences de la FDA.<\/span><\/p>\n<p><span style=\"font-weight: 400;\">Gr\u00e2ce \u00e0 ses connaissances in\u00e9gal\u00e9es, Orientech est en mesure d&rsquo;adapter toutes les composantes de ses syst\u00e8mes d&rsquo;assemblage et d&rsquo;alimentation aux normes les plus rigoureuses pour la production de produits pharmaceutiques.<\/span><\/p>\n<p><span style=\"font-weight: 400;\">Des proc\u00e9d\u00e9s cruciaux, tels que la soudure par \u00e9lectropolissage, sont utilis\u00e9s au besoin pour nos projets pharmaceutiques, afin de faciliter les exigences de st\u00e9rilisation.<\/span><\/p>\n<p><span style=\"font-weight: 400;\">Orientech modifie la conception de ses syst\u00e8mes afin qu&rsquo;ils puissent \u00eatre facilement int\u00e9gr\u00e9s dans une salle antid\u00e9flagrante ou blanche, ou pour un lavage sanitaire plus facile.<\/span><\/p>\n<p><span style=\"font-weight: 400;\">Avec notre expertise et votre apport, nous mettrons en place les proc\u00e9d\u00e9s requis pour r\u00e9pondre \u00e0 vos besoins et maximiser votre productivit\u00e9.<\/span>[\/vc_column_text][\/vc_column][vc_column width=\u00a0\u00bb1\/3&Prime;][vc_single_image image=\u00a0\u00bb3594&Prime; img_size=\u00a0\u00bbfull\u00a0\u00bb css_animation=\u00a0\u00bbnone\u00a0\u00bb][vc_video link=\u00a0\u00bbhttps:\/\/www.youtube.com\/watch?v=4WrurhzsBMo\u00a0\u00bb][\/vc_column][\/vc_row][vc_row][vc_column width=\u00a0\u00bb2\/3&Prime;][vc_custom_heading text=\u00a0\u00bbDispositifs m\u00e9dicaux\u00a0\u00bb google_fonts=\u00a0\u00bbfont_family:Lato%3A100%2C100italic%2C300%2C300italic%2Cregular%2Citalic%2C700%2C700italic%2C900%2C900italic|font_style:700%20bold%20regular%3A700%3Anormal\u00a0\u00bb el_class=\u00a0\u00bbtitle\u00a0\u00bb][vc_column_text]<span style=\"font-weight: 400;\">Les fabricants de dispositifs m\u00e9dicaux couvrent un large \u00e9ventail de produits dans plusieurs sp\u00e9cialit\u00e9s m\u00e9dicales. Dans certains cas, les dispositifs m\u00e9dicaux n\u00e9cessitent un assemblage de production \u00e0 grand volume ; dans d&rsquo;autres cas, un processus d&rsquo;assemblage de production de haute pr\u00e9cision est n\u00e9cessaire. En outre, les exigences en mati\u00e8re d&#8217;emballage pour les utilisateurs finaux ont tendance \u00e0 diff\u00e9rer.<\/span><\/p>\n<p><span style=\"font-weight: 400;\">L&rsquo;automatisation est devenue in\u00e9vitable pour les op\u00e9rations r\u00e9p\u00e9titives et de pr\u00e9cision dans la production des dispositifs m\u00e9dicaux.<\/span><\/p>\n<p><span style=\"font-weight: 400;\">L&rsquo;int\u00e9gration d&rsquo;une partie ou de la totalit\u00e9 d&rsquo;une ligne d&rsquo;assemblage d\u00e9pend du niveau d&rsquo;automatisation requis et de la port\u00e9e finale du dispositif m\u00e9dical produit. Un URS (User Requirement Specifications) d\u00e9taill\u00e9 nous permet de d\u00e9terminer la viabilit\u00e9 commerciale en fonction du niveau d&rsquo;automatisation n\u00e9cessaire, des co\u00fbts associ\u00e9s et des risques potentiels.<\/span><\/p>\n<p><span style=\"font-weight: 400;\">Il existe 1700 groupes de dispositifs class\u00e9s entre 16 sp\u00e9cialit\u00e9s m\u00e9dicales qui sont r\u00e9gis par la FDA aux \u00c9tats-Unis.<\/span><\/p>\n<p><span style=\"font-weight: 400;\">L&rsquo;automatisation doit \u00eatre \u00e9valu\u00e9e \u00e0 une plus grande \u00e9chelle que le seul \u00e9quipement int\u00e9gr\u00e9 dans les installations d&rsquo;un fabricant. Le contr\u00f4le de l&rsquo;environnement est un facteur essentiel dans l&rsquo;assemblage des dispositifs m\u00e9dicaux.<\/span><\/p>\n<p><span style=\"font-weight: 400;\">Le faible encombrement de l&rsquo;automatisation permet d&rsquo;int\u00e9grer de petites lignes d&rsquo;assemblage dans diff\u00e9rentes zones de classification. Des lignes directrices sont suivies pour respecter les classifications strictes afin de satisfaire aux approbations r\u00e9gies dans l&rsquo;industrie des dispositifs m\u00e9dicaux.<\/span>[\/vc_column_text][\/vc_column][vc_column width=\u00a0\u00bb1\/3&Prime;][vc_single_image image=\u00a0\u00bb2870&Prime; img_size=\u00a0\u00bbfull\u00a0\u00bb css_animation=\u00a0\u00bbnone\u00a0\u00bb][vc_single_image image=\u00a0\u00bb5379&Prime; img_size=\u00a0\u00bbfull\u00a0\u00bb onclick=\u00a0\u00bbcustom_link\u00a0\u00bb link=\u00a0\u00bbhttps:\/\/orientech.com\/fr\/demande-de-soumission\/\u00a0\u00bb][\/vc_column][\/vc_row][vc_row][vc_column width=\u00a0\u00bb2\/3&Prime;][vc_custom_heading text=\u00a0\u00bbComptez sur notre exp\u00e9rience pour prot\u00e9ger la qualit\u00e9 et la r\u00e9putation de vos produits\u00a0\u00bb google_fonts=\u00a0\u00bbfont_family:Lato%3A100%2C100italic%2C300%2C300italic%2Cregular%2Citalic%2C700%2C700italic%2C900%2C900italic|font_style:700%20bold%20regular%3A700%3Anormal\u00a0\u00bb el_class=\u00a0\u00bbtitle\u00a0\u00bb][vc_column_text]La possibilit\u00e9 d&rsquo;atteindre des objectifs op\u00e9rationnels fait partie de l&rsquo;expertise d&rsquo;Orientech, fournissant des services \u00e0 valeur ajout\u00e9e en assemblant des dispositifs m\u00e9dicaux ayant des composants en plusieurs parties qui n\u00e9cessitent des besoins particuliers de production en ligne.<\/p>\n<p>L&rsquo;exp\u00e9rience intersectorielle d&rsquo;Orientech a permis d&rsquo;approfondir l&rsquo;automatisation des dispositifs m\u00e9dicaux tout en aidant les entreprises \u00e0 accro\u00eetre leurs revenus en leur fournissant des solutions personnalis\u00e9es. Cela permet aux entreprises d&rsquo;offrir des services nouvellement ajout\u00e9s, allant de l&rsquo;\u00e9quipement d&rsquo;alimentation en composants, des syst\u00e8mes d&rsquo;orientation des pi\u00e8ces, des cha\u00eenes d&rsquo;assemblage de composants en plusieurs parties, des cellules d&rsquo;inspection visuelle, de l&rsquo;\u00e9tiquetage, de l&#8217;empilage et de l&#8217;emballage des composants et des produits finaux. En comprenant le \u00abVSM\u00bb global (Value Stream Mapping), ces solutions am\u00e9liorent diff\u00e9rents domaines de processus. L&rsquo;efficacit\u00e9 des taux d&rsquo;ex\u00e9cution, une qualit\u00e9 am\u00e9lior\u00e9e et des co\u00fbts d&rsquo;exp\u00e9dition souvent r\u00e9duits, par l&#8217;empilage et l&#8217;emballage, sont quelques exemples de cas o\u00f9 les op\u00e9rations sont am\u00e9lior\u00e9es, ou de nouveaux emballages peuvent fonctionner \u00e0 un rythme habituel, avec nos solutions automatis\u00e9es et semi-automatis\u00e9es.<\/p>\n<p>Nous prenons le temps de comprendre vos r\u00e9alit\u00e9s et de mettre en place des solutions pour maximiser chaque \u00e9tape du processus d&rsquo;assemblage de votre produit.<\/p>\n<p>Notre travail tient toujours compte des nombreuses normes qui r\u00e9gissent le secteur pharmaceutique. Nos syst\u00e8mes d&rsquo;assemblage et d&rsquo;alimentation r\u00e9pondent aux lois et r\u00e9glementations les plus strictes en mati\u00e8re d&rsquo;hygi\u00e8ne et de st\u00e9rilisation, et les composants utilis\u00e9s pour les cha\u00eenes d&rsquo;assemblage sont s\u00e9lectionn\u00e9s pour respecter votre URS.<\/p>\n<p>Nos clients pharmaceutiques confient plusieurs de leurs besoins d&rsquo;automatisation \u00e0 Orientech.[\/vc_column_text][\/vc_column][vc_column width=\u00a0\u00bb1\/3&Prime;][vc_single_image image=\u00a0\u00bb4177&Prime; img_size=\u00a0\u00bbfull\u00a0\u00bb css_animation=\u00a0\u00bbnone\u00a0\u00bb][vc_column_text]D\u00e9couvrez nos solutions d\u00e9di\u00e9es \u00e0 l&rsquo;industrie m\u00e9dicale et pharmaceutique:<\/p>\n<p>\u203a <a href=\"https:\/\/orientech.com\/fr\/solutions\/machines-de-revetement-de-capuchon\/\">Machines de rev\u00eatement de capuchon<\/a><\/p>\n<p>\u203a <a href=\"https:\/\/orientech.com\/fr\/solutions\/machines-dassemblage-automatisees-cle-en-main\/\">Machines d&rsquo;assemblage automatis\u00e9es cl\u00e9 en main<\/a><\/p>\n<p>\u203a <a href=\"https:\/\/orientech.com\/fr\/solutions\/\">Nos autres solutions personnalis\u00e9es pour votre entreprise<\/a>[\/vc_column_text][\/vc_column][\/vc_row][vc_row][vc_column width=\u00a0\u00bb2\/3&Prime;][vc_custom_heading text=\u00a0\u00bbLes solutions d&rsquo;Orientech utilis\u00e9es dans le secteur des sciences de la vie\u00a0\u00bb google_fonts=\u00a0\u00bbfont_family:Lato%3A100%2C100italic%2C300%2C300italic%2Cregular%2Citalic%2C700%2C700italic%2C900%2C900italic|font_style:700%20bold%20regular%3A700%3Anormal\u00a0\u00bb el_class=\u00a0\u00bbtitle\u00a0\u00bb][vc_column_text]<span style=\"font-weight: 400;\">Nous nous impliquons tr\u00e8s t\u00f4t dans la conception des produits pour aider \u00e0 apporter des gains d&rsquo;efficacit\u00e9 tout en concevant des syst\u00e8mes automatis\u00e9s pour assembler et emballer des pi\u00e8ces complexes.<\/span><\/p>\n<p><span style=\"font-weight: 400;\">En utilisant nos services pour l&rsquo;implantation d&rsquo;un syst\u00e8me d&rsquo;assemblage ou d&rsquo;alimentation automatis\u00e9, le processus de production de vos produits, qui semblent souvent simplistes, vous b\u00e9n\u00e9ficierez des d\u00e9cennies d&rsquo;exp\u00e9rience intersectorielle d&rsquo;Orientech pour am\u00e9liorer davantage votre processus existant.<\/span><\/p>\n<p><span style=\"font-weight: 400;\">Les fabricants d&rsquo;instruments m\u00e9dicaux ont fait confiance \u00e0 Orientech pour la cr\u00e9ation de leurs solutions automatis\u00e9es pour plusieurs dispositifs tels que les assemblages de seringues orales, le dosage et le capsulage de seringues salines, les assemblages de cath\u00e9ters de sondage, les assemblages de compte-gouttes pour en mentionner quelques-uns.<\/span>[\/vc_column_text][\/vc_column][vc_column width=\u00a0\u00bb1\/3&Prime;][\/vc_column][\/vc_row][vc_row][vc_column width=\u00a0\u00bb2\/3&Prime;]<ul class='list list-default'><li>Syst\u00e8mes automatis\u00e9s cl\u00e9 en main sur mesure pour les assemblages en plusieurs parties<\/li><li>Syst\u00e8mes d&rsquo;indexation et d&rsquo;assemblage en continu<\/li><li>\u00c9quipement de doublure \/ ouate de capuchon, y compris les bouchons \/ fermetures \u00e0 large ouverture<\/li><li>Syst\u00e8mes d&rsquo;alimentation et d&rsquo;orientation (bols vibrants et bols centrifuges)<\/li><li>Robotique: Orientech int\u00e8gre des robots et des produits FANUC, reconnus pour leur rapidit\u00e9, leur pr\u00e9cision et leur durabilit\u00e9<\/li><li>Solutions d&#8217;empilage et d&#8217;emballage<\/li><li>\u00c9tiqueteuses<\/li><li>Lecteurs de codes-barres<\/li><li>Marqueurs laser<\/li><li>Remplissage \u00e0 petite dose<\/li><li>Syst\u00e8mes d&rsquo;inspection par vision<\/li><\/ul>[\/vc_column][vc_column width=\u00a0\u00bb1\/3&Prime;][vc_single_image image=\u00a0\u00bb2371&Prime; img_size=\u00a0\u00bbmedium\u00a0\u00bb][\/vc_column][\/vc_row][vc_row][vc_column width=\u00a0\u00bb2\/3&Prime;][vc_empty_space][\/vc_column][vc_column width=\u00a0\u00bb1\/3&Prime;][\/vc_column][\/vc_row]<\/p>\n<\/div>","protected":false},"excerpt":{"rendered":"<p>[vc_row][vc_column width=\u00a0\u00bb2\/3&Prime;][vc_custom_heading text=\u00a0\u00bbProduits pharmaceutiques et dispositifs m\u00e9dicaux\u00a0\u00bb google_fonts=\u00a0\u00bbfont_family:Lato%3A100%2C100italic%2C300%2C300italic%2Cregular%2Citalic%2C700%2C700italic%2C900%2C900italic|font_style:700%20bold%20regular%3A700%3Anormal\u00a0\u00bb el_class=\u00a0\u00bbtitle\u00a0\u00bb][vc_column_text]Nos machines pr\u00e9cises et flexibles permettent de produire et de manipuler des composants complexes de haute qualit\u00e9 que l&rsquo;on trouve fr\u00e9quemment dans les secteurs pharmaceutique et m\u00e9dical, tels que le remplissage de &hellip;<\/p>\n","protected":false},"author":1,"featured_media":0,"parent":4496,"menu_order":0,"comment_status":"closed","ping_status":"closed","template":"","meta":{"_monsterinsights_skip_tracking":false,"_monsterinsights_sitenote_active":false,"_monsterinsights_sitenote_note":"","_monsterinsights_sitenote_category":0,"footnotes":""},"class_list":["post-4498","page","type-page","status-publish","hentry"],"_links":{"self":[{"href":"https:\/\/orientech.com\/fr\/wp-json\/wp\/v2\/pages\/4498","targetHints":{"allow":["GET"]}}],"collection":[{"href":"https:\/\/orientech.com\/fr\/wp-json\/wp\/v2\/pages"}],"about":[{"href":"https:\/\/orientech.com\/fr\/wp-json\/wp\/v2\/types\/page"}],"author":[{"embeddable":true,"href":"https:\/\/orientech.com\/fr\/wp-json\/wp\/v2\/users\/1"}],"replies":[{"embeddable":true,"href":"https:\/\/orientech.com\/fr\/wp-json\/wp\/v2\/comments?post=4498"}],"version-history":[{"count":0,"href":"https:\/\/orientech.com\/fr\/wp-json\/wp\/v2\/pages\/4498\/revisions"}],"up":[{"embeddable":true,"href":"https:\/\/orientech.com\/fr\/wp-json\/wp\/v2\/pages\/4496"}],"wp:attachment":[{"href":"https:\/\/orientech.com\/fr\/wp-json\/wp\/v2\/media?parent=4498"}],"curies":[{"name":"wp","href":"https:\/\/api.w.org\/{rel}","templated":true}]}}