{"id":4501,"date":"2020-03-24T21:30:15","date_gmt":"2020-03-24T21:30:15","guid":{"rendered":"https:\/\/orientech.com\/industries\/autres-industries\/"},"modified":"2020-09-08T18:56:03","modified_gmt":"2020-09-08T18:56:03","slug":"autres-industries","status":"publish","type":"page","link":"https:\/\/orientech.com\/fr\/industries\/autres-industries\/","title":{"rendered":"Autres industries"},"content":{"rendered":"<div class=\"wpb-content-wrapper\"><p>[vc_row][vc_column width=\u00a0\u00bb2\/3&Prime;][vc_custom_heading text=\u00a0\u00bbInstruments d&rsquo;\u00e9criture\u00a0\u00bb google_fonts=\u00a0\u00bbfont_family:Lato%3A100%2C100italic%2C300%2C300italic%2Cregular%2Citalic%2C700%2C700italic%2C900%2C900italic|font_style:700%20bold%20regular%3A700%3Anormal\u00a0\u00bb el_class=\u00a0\u00bbtitle\u00a0\u00bb][vc_column_text]<span style=\"font-weight: 400;\">Les instruments d&rsquo;\u00e9criture ont \u00e9t\u00e9 des outils essentiels pour communiquer et cr\u00e9er des documents permanents. L&rsquo;\u00e9volution de la technologie a \u00e9galement chang\u00e9 notre fa\u00e7on d&rsquo;\u00e9crire. Les instruments d&rsquo;\u00e9criture sont utilis\u00e9s depuis des mill\u00e9naires, et les instruments d&rsquo;\u00e9criture les plus reconnaissables n&rsquo;ont pas chang\u00e9 de forme depuis lors. \u00c0 l&rsquo;origine, on utilisait un stylet pour graver sur un mat\u00e9riau dont l&rsquo;extr\u00e9mit\u00e9 \u00e9tait pointue et l&rsquo;extr\u00e9mit\u00e9 \u00e9mouss\u00e9e pour effacer les marques. Le plomb, le fusain, la cire et d&rsquo;autres mat\u00e9riaux ont apport\u00e9 les crayons. L&rsquo;encre nous a apport\u00e9 des plumes, des stylos-plumes, des stylos \u00e0 bille, et aussi des marqueurs lorsqu&rsquo;ils \u00e9taient utilis\u00e9s avec du feutre.<\/span><\/p>\n<p><span style=\"font-weight: 400;\">Les instruments d&rsquo;\u00e9criture modernes sont des appareils \u00e0 composants multiples n\u00e9cessitant un assemblage et un remplissage rapides et pr\u00e9cis, suivis d&rsquo;un emballage.<\/span><\/p>\n<p><span style=\"font-weight: 400;\">Le brevet de proc\u00e9d\u00e9 d&rsquo;Orientech a apport\u00e9 vitesse et pr\u00e9cision \u00e0 l&rsquo;assemblage des instruments d&rsquo;\u00e9criture. Vous pouvez prendre des notes avec un stylo ou un marqueur, et \u00e9ventuellement \u00e9crire sur un tableau blanc avec un marqueur effa\u00e7able qui a \u00e9t\u00e9 assembl\u00e9 avec une ligne d&rsquo;assemblage Orientech.<\/span>[\/vc_column_text][\/vc_column][vc_column width=\u00a0\u00bb1\/3&Prime;][vc_single_image image=\u00a0\u00bb3565&Prime; img_size=\u00a0\u00bbmedium\u00a0\u00bb alignment=\u00a0\u00bbcenter\u00a0\u00bb][vc_video link=\u00a0\u00bbhttps:\/\/www.youtube.com\/watch?v=uwmtfyZh67M\u00a0\u00bb][\/vc_column][\/vc_row][vc_row][vc_column width=\u00a0\u00bb2\/3&Prime;][vc_custom_heading text=\u00a0\u00bbIndustrie des biens de consommation emball\u00e9s (BCP) et des biens de consommation courante (BGC)\u00a0\u00bb google_fonts=\u00a0\u00bbfont_family:Lato%3A100%2C100italic%2C300%2C300italic%2Cregular%2Citalic%2C700%2C700italic%2C900%2C900italic|font_style:700%20bold%20regular%3A700%3Anormal\u00a0\u00bb el_class=\u00a0\u00bbtitle\u00a0\u00bb][vc_column_text]<span style=\"font-weight: 400;\">Les produits de consommation courante, souvent appel\u00e9s FMCG (Fast-Moving Consumer Goods), couvrent une large gamme de produits que l&rsquo;on trouve dans les \u00e9piceries\/supermarch\u00e9s, les d\u00e9panneurs, les pharmacies et les clubs de vente en gros. Les exemples les plus courants comprennent les biens non durables, notamment les articles de toilette, les m\u00e9dicaments en vente libre, les m\u00e9dicaments et les vitamines, les solutions de lavage, les boissons, les aliments emball\u00e9s, pour n&rsquo;en citer que quelques-uns.<\/span><\/p>\n<p><span style=\"font-weight: 400;\">Les fabricants de GPC ont fait \u00e9voluer l&#8217;emballage des GPC pour que leurs produits se distinguent des autres produits offerts aux consommateurs, plut\u00f4t que d&rsquo;avoir un emballage standardis\u00e9 qui se ressemble. Derni\u00e8rement, m\u00eame la fonctionnalit\u00e9 est devenue essentielle \u00e0 l&rsquo;identification de la marque, ainsi qu&rsquo;au choix des mat\u00e9riaux \u00e0 des fins environnementales. Ces progr\u00e8s en mati\u00e8re de conception, que ce soit pour l&rsquo;apparence ou la fonctionnalit\u00e9, ont fait ressortir des d\u00e9fis op\u00e9rationnels souvent n\u00e9glig\u00e9s tout au long du processus de conception.<\/span><\/p>\n<p><span style=\"font-weight: 400;\">Les d\u00e9fis op\u00e9rationnels comprennent l&rsquo;assemblage de sous-composants de conceptions non normalis\u00e9es et de nouveaux mat\u00e9riaux n\u00e9cessitant une manipulation sp\u00e9ciale.<\/span><\/p>\n<p><span style=\"font-weight: 400;\">L&rsquo;opportunit\u00e9 d&rsquo;atteindre les objectifs op\u00e9rationnels fait partie de l&rsquo;expertise d&rsquo;Orientech, qui offre des services \u00e0 valeur ajout\u00e9e en assemblant des composantes \u00e0 plusieurs pi\u00e8ces qui n\u00e9cessitent des besoins particuliers de production en ligne.<\/span><\/p>\n<p><span style=\"font-weight: 400;\">Orientech a aid\u00e9 des entreprises \u00e0 augmenter leurs revenus en leur fournissant des solutions sur mesure. Ces solutions leur permettent d&rsquo;offrir de nouveaux services allant des \u00e9quipements d&rsquo;alimentation de composantes, des syst\u00e8mes d&rsquo;orientation de pi\u00e8ces, des lignes d&rsquo;assemblage de composantes multi-pi\u00e8ces, des cellules d&rsquo;inspection visuelle, de l&rsquo;\u00e9tiquetage, \u00e0 l&#8217;empilage et l&#8217;emballage de composantes et de produits finis. En comprenant le \u00ab\u00a0VSM\u00a0\u00bb (Value Stream Mapping) global, ces solutions ont apport\u00e9 des am\u00e9liorations \u00e0 diff\u00e9rents domaines de leur processus. L&rsquo;efficacit\u00e9 des cadences, l&rsquo;am\u00e9lioration de la qualit\u00e9 et souvent la r\u00e9duction des co\u00fbts d&rsquo;exp\u00e9dition, gr\u00e2ce \u00e0 l&#8217;empilage et \u00e0 l&#8217;emballage, sont quelques exemples de domaines o\u00f9 les op\u00e9rations sont am\u00e9lior\u00e9es ou de nouveaux emballages peuvent fonctionner \u00e0 un rythme habituel, gr\u00e2ce \u00e0 nos solutions automatis\u00e9es et semi-automatis\u00e9es.<\/span><\/p>\n<p><span style=\"font-weight: 400;\">Nous prenons le temps de comprendre vos r\u00e9alit\u00e9s et de mettre en place des solutions pour maximiser chaque \u00e9tape du processus d&rsquo;assemblage de votre produit.<\/span>[\/vc_column_text][\/vc_column][vc_column width=\u00a0\u00bb1\/3&Prime;][vc_empty_space][vc_single_image image=\u00a0\u00bb2812&Prime; img_size=\u00a0\u00bblarge\u00a0\u00bb alignment=\u00a0\u00bbcenter\u00a0\u00bb][vc_single_image image=\u00a0\u00bb5379&Prime; img_size=\u00a0\u00bbfull\u00a0\u00bb onclick=\u00a0\u00bbcustom_link\u00a0\u00bb link=\u00a0\u00bbhttps:\/\/orientech.com\/fr\/demande-de-soumission\/\u00a0\u00bb][\/vc_column][\/vc_row][vc_row][vc_column width=\u00a0\u00bb2\/3&Prime;][vc_custom_heading text=\u00a0\u00bbDe plusieurs pi\u00e8ces vers une m\u00eame pi\u00e8ce\u00a0\u00bb google_fonts=\u00a0\u00bbfont_family:Lato%3A100%2C100italic%2C300%2C300italic%2Cregular%2Citalic%2C700%2C700italic%2C900%2C900italic|font_style:700%20bold%20regular%3A700%3Anormal\u00a0\u00bb el_class=\u00a0\u00bbtitle\u00a0\u00bb][vc_column_text]<span style=\"font-weight: 400;\">Tout le monde n&rsquo;a pas l&rsquo;expertise n\u00e9cessaire pour g\u00e9rer chaque partie de votre projet. Vous pouvez b\u00e9n\u00e9ficier de l&rsquo;exp\u00e9rience cumulative d&rsquo;Orientech centr\u00e9e sur la conception et la construction de machines d&rsquo;assemblage de petites pi\u00e8ces.<\/span><\/p>\n<p><span style=\"font-weight: 400;\">Parmi les autres industries pour lesquelles Orientech d\u00e9veloppe et construit des lignes d&rsquo;assemblage, on retrouve :<\/span>[\/vc_column_text]<ul class='list list-circle-check'><li>Syst\u00e8me CVC<\/li><li>Alimentation et boissons<\/li><li>Tabac<\/li><li><span style=\"font-weight: 400;\">Composants \u00e9lectriques<\/span><\/li><li><span style=\"font-weight: 400;\">Applications industrielles<\/span><\/li><li><span style=\"font-weight: 400;\">Outils mat\u00e9riels<\/span><\/li><li><span style=\"font-weight: 400;\">Appareils<\/span><\/li><li><span style=\"font-weight: 400;\">Petits appareils \u00e9lectrom\u00e9nagers<\/span><\/li><li>\u00c9quipement de d\u00e9fense<\/li><li>Munitions<\/li><li>Quincaillerie de meubles<\/li><li>Articles de sport<\/li><li>Accessoires pour le cannabis<\/li><\/ul>[\/vc_column][vc_column width=\u00a0\u00bb1\/3&Prime;][vc_column_text]D\u00e9couvrez nos solutions d\u00e9di\u00e9es \u00e0 votre industrie :<\/p>\n<p>\u203a <a href=\"https:\/\/orientech.com\/fr\/solutions\/machines-de-revetement-de-capuchon\/\">Machines de rev\u00eatement de capuchon<\/a><\/p>\n<p>\u203a <a href=\"https:\/\/orientech.com\/fr\/solutions\/machines-dassemblage-automatisees-cle-en-main\/\">Machines d&rsquo;assemblage automatis\u00e9es cl\u00e9 en main<\/a><\/p>\n<p>\u203a <a href=\"https:\/\/orientech.com\/fr\/solutions\/\">Nos autres solutions personnalis\u00e9es pour votre entreprise<\/a>[\/vc_column_text][\/vc_column][\/vc_row][vc_row][vc_column width=\u00a0\u00bb2\/3&Prime;][vc_column_text]<span style=\"font-weight: 400;\">Orientech a gard\u00e9 le focus sur l&rsquo;apport de valeur \u00e0 toute industrie n\u00e9cessitant l&rsquo;assemblage de petites pi\u00e8ces. Notre exp\u00e9rience intersectorielle a apport\u00e9 de la profondeur \u00e0 notre \u00e9quipe en mettant l&rsquo;accent sur les petites pi\u00e8ces. Nos proc\u00e9d\u00e9s brevet\u00e9s nous ont permis de r\u00e9p\u00e9ter des op\u00e9rations d&rsquo;assemblage que l&rsquo;on croyait souvent impossibles.<\/span><\/p>\n<p><span style=\"font-weight: 400;\">Nous concevons et fabriquons des solutions personnalis\u00e9es pour l&rsquo;assemblage de petites pi\u00e8ces, en utilisant des syst\u00e8mes de positionnement, des syst\u00e8mes d&rsquo;assemblage, la vision et la robotique dans une multitude d&rsquo;industries. Notre succ\u00e8s continu dans le domaine de l&rsquo;automatisation alimente notre approche innovatrice pour la conception d&rsquo;\u00e9quipements sur mesure. Cette exp\u00e9rience nous permet d&rsquo;\u00e9valuer vos projets avec une excellente pr\u00e9cision, m\u00eame \u00e0 l&rsquo;\u00e9tape budg\u00e9taire, et ce, peu importe l&rsquo;industrie.<\/span>[\/vc_column_text][\/vc_column][vc_column width=\u00a0\u00bb1\/3&Prime;][\/vc_column][\/vc_row][vc_row][vc_column width=\u00a0\u00bb2\/3&Prime;][\/vc_column][vc_column width=\u00a0\u00bb1\/3&Prime;][\/vc_column][\/vc_row]<\/p>\n<\/div>","protected":false},"excerpt":{"rendered":"<p>[vc_row][vc_column width=\u00a0\u00bb2\/3&Prime;][vc_custom_heading text=\u00a0\u00bbInstruments d&rsquo;\u00e9criture\u00a0\u00bb google_fonts=\u00a0\u00bbfont_family:Lato%3A100%2C100italic%2C300%2C300italic%2Cregular%2Citalic%2C700%2C700italic%2C900%2C900italic|font_style:700%20bold%20regular%3A700%3Anormal\u00a0\u00bb el_class=\u00a0\u00bbtitle\u00a0\u00bb][vc_column_text]Les instruments d&rsquo;\u00e9criture ont \u00e9t\u00e9 des outils essentiels pour communiquer et cr\u00e9er des documents permanents. L&rsquo;\u00e9volution de la technologie a \u00e9galement chang\u00e9 notre fa\u00e7on d&rsquo;\u00e9crire. Les instruments d&rsquo;\u00e9criture sont utilis\u00e9s depuis des mill\u00e9naires, et les &hellip;<\/p>\n","protected":false},"author":1,"featured_media":0,"parent":4496,"menu_order":0,"comment_status":"closed","ping_status":"closed","template":"","meta":{"_monsterinsights_skip_tracking":false,"_monsterinsights_sitenote_active":false,"_monsterinsights_sitenote_note":"","_monsterinsights_sitenote_category":0,"footnotes":""},"class_list":["post-4501","page","type-page","status-publish","hentry"],"_links":{"self":[{"href":"https:\/\/orientech.com\/fr\/wp-json\/wp\/v2\/pages\/4501","targetHints":{"allow":["GET"]}}],"collection":[{"href":"https:\/\/orientech.com\/fr\/wp-json\/wp\/v2\/pages"}],"about":[{"href":"https:\/\/orientech.com\/fr\/wp-json\/wp\/v2\/types\/page"}],"author":[{"embeddable":true,"href":"https:\/\/orientech.com\/fr\/wp-json\/wp\/v2\/users\/1"}],"replies":[{"embeddable":true,"href":"https:\/\/orientech.com\/fr\/wp-json\/wp\/v2\/comments?post=4501"}],"version-history":[{"count":0,"href":"https:\/\/orientech.com\/fr\/wp-json\/wp\/v2\/pages\/4501\/revisions"}],"up":[{"embeddable":true,"href":"https:\/\/orientech.com\/fr\/wp-json\/wp\/v2\/pages\/4496"}],"wp:attachment":[{"href":"https:\/\/orientech.com\/fr\/wp-json\/wp\/v2\/media?parent=4501"}],"curies":[{"name":"wp","href":"https:\/\/api.w.org\/{rel}","templated":true}]}}