{"id":4504,"date":"2020-03-24T21:32:16","date_gmt":"2020-03-24T21:32:16","guid":{"rendered":"https:\/\/orientech.com\/industries\/moulage-plastique\/"},"modified":"2020-09-08T19:23:15","modified_gmt":"2020-09-08T19:23:15","slug":"moulage-plastique","status":"publish","type":"page","link":"https:\/\/orientech.com\/fr\/industries\/moulage-plastique\/","title":{"rendered":"Moulage plastique"},"content":{"rendered":"<div class=\"wpb-content-wrapper\"><p>[vc_row][vc_column width=\u00a0\u00bb2\/3&Prime;][vc_custom_heading text=\u00a0\u00bbIndustrie des plastiques\u00a0\u00bb google_fonts=\u00a0\u00bbfont_family:Lato%3A100%2C100italic%2C300%2C300italic%2Cregular%2Citalic%2C700%2C700italic%2C900%2C900italic|font_style:700%20bold%20regular%3A700%3Anormal\u00a0\u00bb el_class=\u00a0\u00bbtitle\u00a0\u00bb][vc_column_text]<span style=\"font-weight: 400;\">Les entreprises de l&rsquo;industrie plastique ont \u00e9volu\u00e9 avec force, en raison de la compression des marges, et se sont tourn\u00e9es vers de nouvelles opportunit\u00e9s ; en fournissant des services \u00e0 valeur ajout\u00e9e en assemblant des composants multi-pi\u00e8ces qui n\u00e9cessitent des besoins particuliers de production en ligne.<\/span><\/p>\n<p>&nbsp;<\/p>\n<p><span style=\"font-weight: 400;\">Orientech a aid\u00e9 les entreprises \u00e0 augmenter leurs revenus en leur fournissant des solutions sur mesure leur permettant d&rsquo;offrir de nouveaux services ajout\u00e9s allant des \u00e9quipements d&rsquo;alimentation de composantes, des syst\u00e8mes d&rsquo;orientation de pi\u00e8ces, des lignes d&rsquo;assemblage de composantes multi-pi\u00e8ces, des cellules d&rsquo;inspection visuelle, \u00e0 l&#8217;empilage et l&#8217;emballage de composantes et de produits finis. En comprenant le \u00ab\u00a0VSM\u00a0\u00bb (Value Stream Mapping) global, ces solutions ont apport\u00e9 des am\u00e9liorations \u00e0 diff\u00e9rents domaines de leur processus. Les gains d&rsquo;efficacit\u00e9 dans les cadences ont am\u00e9lior\u00e9 la qualit\u00e9 et souvent r\u00e9duit les co\u00fbts d&rsquo;exp\u00e9dition, par l&#8217;empilage et l&#8217;emballage, sont quelques exemples de domaines o\u00f9 les op\u00e9rations sont am\u00e9lior\u00e9es gr\u00e2ce \u00e0 nos solutions automatis\u00e9es et semi-automatis\u00e9es.<\/span><\/p>\n<p>&nbsp;<\/p>\n<p><span style=\"font-weight: 400;\">Nous prenons le temps de comprendre vos r\u00e9alit\u00e9s et de mettre en place des solutions pour maximiser chaque \u00e9tape du processus d&rsquo;assemblage de vos produits.<\/span>[\/vc_column_text][\/vc_column][vc_column width=\u00a0\u00bb1\/3&Prime;][vc_single_image image=\u00a0\u00bb2357&Prime; img_size=\u00a0\u00bbmedium\u00a0\u00bb css_animation=\u00a0\u00bbnone\u00a0\u00bb][vc_video link=\u00a0\u00bbhttps:\/\/youtu.be\/0KZfU20Ap-o\u00a0\u00bb][\/vc_column][\/vc_row][vc_row][vc_column][\/vc_column][\/vc_row][vc_row][vc_column width=\u00a0\u00bb2\/3&Prime;][vc_custom_heading text=\u00a0\u00bbLes solutions Orientech utilis\u00e9es dans le secteur des plastiques\u00a0\u00bb google_fonts=\u00a0\u00bbfont_family:Lato%3A100%2C100italic%2C300%2C300italic%2Cregular%2Citalic%2C700%2C700italic%2C900%2C900italic|font_style:700%20bold%20regular%3A700%3Anormal\u00a0\u00bb el_class=\u00a0\u00bbtitle\u00a0\u00bb][vc_column_text]<span style=\"font-weight: 400;\">Les multinationales ont fait confiance \u00e0 Orientech pour la cr\u00e9ation de leurs lignes d&rsquo;assemblage automatis\u00e9es pour des produits tels que les b\u00e2tons d\u00e9odorants, les capuchons cosm\u00e9tiques, les capuchons de bouteilles sp\u00e9cialis\u00e9es CPG, les capuchons \u00e0 rouler, les capuchons \u00e0 bascule, les stylos \u00e0 bille, les stylos feutres, les appareils m\u00e9dicaux et une grande vari\u00e9t\u00e9 de composantes post-injection n\u00e9cessitant un assemblage.<\/span>[\/vc_column_text]<ul class='list list-circle-check'><li><span style=\"font-weight: 400;\">Syst\u00e8mes d\u2019assemblage automatis\u00e9s cl\u00e9s en main, fait sur mesure, pour les op\u00e9rations de post-moulage<\/span><\/li><li>Syst\u00e8me d&rsquo;assemblage par indexation<\/li><li><span style=\"font-weight: 400;\">Syst\u00e8me de fermeture et de jointage, \u00e9quipement de garnissage et de remplissage, y compris pour les bouchons \u00e0 larges ouvertures<\/span><\/li><li><span style=\"font-weight: 400;\">Syst\u00e8mes d&rsquo;alimentation et d&rsquo;orientation (bols vibrants et bols centrifuges)<\/span><\/li><li><span style=\"font-weight: 400;\">Robotique: Orientech int\u00e8gre les robots et produits FANUC, reconnus pour leur rapidit\u00e9, leur pr\u00e9cision et leur durabilit\u00e9<\/span><\/li><li><span style=\"font-weight: 400;\">Solutions automatis\u00e9es d&#8217;empilage et d&#8217;emballage<\/span><\/li><li>\u00c9tiqueteuses<\/li><li>Lecteurs de codes barres<\/li><li>Marqueurs laser<\/li><li>Remplissage de petites doses<\/li><li>Syst\u00e8me d&rsquo;inspection visuelle<\/li><\/ul>[vc_empty_space][\/vc_column][vc_column width=\u00a0\u00bb1\/3&Prime;][vc_column_text]D\u00e9couvrez nos solutions d\u00e9di\u00e9es \u00e0 l&rsquo;industrie du moulage de plastique:<\/p>\n<p>\u203a\u00a0<a href=\"https:\/\/orientech.com\/fr\/solutions\/machines-de-revetement-de-capuchon\/\">Machines de rev\u00eatement de capuchon<\/a><\/p>\n<p>\u203a\u00a0<a href=\"https:\/\/orientech.com\/fr\/solutions\/machines-dassemblage-automatisees-cle-en-main\/\">Machines d\u2019assemblage automatis\u00e9es cl\u00e9 en main<\/a><\/p>\n<p>\u203a\u00a0<a href=\"https:\/\/orientech.com\/fr\/solutions\/\">Nos autres solutions personnalis\u00e9es pour votre entreprise<\/a>[\/vc_column_text][vc_single_image image=\u00a0\u00bb5379&Prime; img_size=\u00a0\u00bbfull\u00a0\u00bb onclick=\u00a0\u00bbcustom_link\u00a0\u00bb link=\u00a0\u00bbhttps:\/\/orientech.com\/fr\/demande-de-soumission\/\u00a0\u00bb][\/vc_column][\/vc_row][vc_row][vc_column width=\u00a0\u00bb2\/3&Prime;][vc_custom_heading text=\u00a0\u00bbPourquoi s&rsquo;associer \u00e0 Orientech pour vos besoins en automatisation?\u00a0\u00bb google_fonts=\u00a0\u00bbfont_family:Lato%3A100%2C100italic%2C300%2C300italic%2Cregular%2Citalic%2C700%2C700italic%2C900%2C900italic|font_style:700%20bold%20regular%3A700%3Anormal\u00a0\u00bb el_class=\u00a0\u00bbtitle\u00a0\u00bb][vc_column_text]<\/p>\n<ul>\n<li style=\"font-weight: 400;\"><span style=\"font-weight: 400;\">Notre principale priorit\u00e9 est de g\u00e9rer les attentes et de ne faire des promesses que sur ce que nous pouvons livrer, que ce soit la fonctionnalit\u00e9 ou les d\u00e9lais ;<\/span><\/li>\n<li style=\"font-weight: 400;\"><span style=\"font-weight: 400;\">Les livraisons \u00e0 temps r\u00e9duisent les occasions perdues de gagner en efficacit\u00e9 ;<\/span><\/li>\n<li style=\"font-weight: 400;\"><span style=\"font-weight: 400;\">Plus de 25 ans d&rsquo;exp\u00e9rience interdisciplinaire dans plusieurs industries garantissent la fonctionnalit\u00e9 et la rentabilit\u00e9 de votre projet ;<\/span><\/li>\n<li style=\"font-weight: 400;\"><span style=\"font-weight: 400;\">Une garantie sans faille sur notre \u00e9quipement et notre fabrication ;<\/span><\/li>\n<li style=\"font-weight: 400;\"><span style=\"font-weight: 400;\">Notre approche centr\u00e9e sur le client : nous serons votre \u00a0\u00bb partenaire \u00a0\u00bb pour tous vos projets ;<\/span><\/li>\n<li style=\"font-weight: 400;\"><span style=\"font-weight: 400;\">\u00ab\u00a0Fiabilit\u00e9, qualit\u00e9 et durabilit\u00e9\u00a0\u00bb sont les termes que nos clients associent \u00e0 nos syst\u00e8mes ;<\/span><\/li>\n<li style=\"font-weight: 400;\"><span style=\"font-weight: 400;\">Une gamme de produits et de solutions adapt\u00e9e \u00e0 votre budget ;<\/span><\/li>\n<li style=\"font-weight: 400;\"><span style=\"font-weight: 400;\">Nos techniciens professionnels offrent un excellent service d&rsquo;entretien pr\u00e9ventif adapt\u00e9 \u00e0 vos besoins ;<\/span><\/li>\n<li style=\"font-weight: 400;\"><span style=\"font-weight: 400;\">La formation est personnalis\u00e9e pour votre \u00e9quipe et est disponible en anglais, espagnol ou fran\u00e7ais.<\/span><\/li>\n<\/ul>\n<p>[\/vc_column_text][\/vc_column][vc_column width=\u00a0\u00bb1\/3&Prime;][vc_single_image image=\u00a0\u00bb2809&Prime; img_size=\u00a0\u00bbmedium\u00a0\u00bb css_animation=\u00a0\u00bbnone\u00a0\u00bb][\/vc_column][\/vc_row][vc_row][vc_column width=\u00a0\u00bb2\/3&Prime;][\/vc_column][vc_column width=\u00a0\u00bb1\/3&Prime;][\/vc_column][\/vc_row]<\/p>\n<\/div>","protected":false},"excerpt":{"rendered":"<p>[vc_row][vc_column width=\u00a0\u00bb2\/3&Prime;][vc_custom_heading text=\u00a0\u00bbIndustrie des plastiques\u00a0\u00bb google_fonts=\u00a0\u00bbfont_family:Lato%3A100%2C100italic%2C300%2C300italic%2Cregular%2Citalic%2C700%2C700italic%2C900%2C900italic|font_style:700%20bold%20regular%3A700%3Anormal\u00a0\u00bb el_class=\u00a0\u00bbtitle\u00a0\u00bb][vc_column_text]Les entreprises de l&rsquo;industrie plastique ont \u00e9volu\u00e9 avec force, en raison de la compression des marges, et se sont tourn\u00e9es vers de nouvelles opportunit\u00e9s ; en fournissant des services \u00e0 valeur ajout\u00e9e en assemblant &hellip;<\/p>\n","protected":false},"author":1,"featured_media":0,"parent":4496,"menu_order":0,"comment_status":"closed","ping_status":"closed","template":"","meta":{"_monsterinsights_skip_tracking":false,"_monsterinsights_sitenote_active":false,"_monsterinsights_sitenote_note":"","_monsterinsights_sitenote_category":0,"footnotes":""},"class_list":["post-4504","page","type-page","status-publish","hentry"],"_links":{"self":[{"href":"https:\/\/orientech.com\/fr\/wp-json\/wp\/v2\/pages\/4504","targetHints":{"allow":["GET"]}}],"collection":[{"href":"https:\/\/orientech.com\/fr\/wp-json\/wp\/v2\/pages"}],"about":[{"href":"https:\/\/orientech.com\/fr\/wp-json\/wp\/v2\/types\/page"}],"author":[{"embeddable":true,"href":"https:\/\/orientech.com\/fr\/wp-json\/wp\/v2\/users\/1"}],"replies":[{"embeddable":true,"href":"https:\/\/orientech.com\/fr\/wp-json\/wp\/v2\/comments?post=4504"}],"version-history":[{"count":0,"href":"https:\/\/orientech.com\/fr\/wp-json\/wp\/v2\/pages\/4504\/revisions"}],"up":[{"embeddable":true,"href":"https:\/\/orientech.com\/fr\/wp-json\/wp\/v2\/pages\/4496"}],"wp:attachment":[{"href":"https:\/\/orientech.com\/fr\/wp-json\/wp\/v2\/media?parent=4504"}],"curies":[{"name":"wp","href":"https:\/\/api.w.org\/{rel}","templated":true}]}}