{"id":4516,"date":"2020-03-26T20:53:56","date_gmt":"2020-03-26T20:53:56","guid":{"rendered":"https:\/\/orientech.com\/industries\/equipement-de-transport\/"},"modified":"2020-09-08T18:03:28","modified_gmt":"2020-09-08T18:03:28","slug":"equipements-de-transport","status":"publish","type":"page","link":"https:\/\/orientech.com\/fr\/industries\/equipements-de-transport\/","title":{"rendered":"\u00c9quipements de transport"},"content":{"rendered":"<div class=\"wpb-content-wrapper\"><p>[vc_row][vc_column width=\u00a0\u00bb2\/3&Prime;][vc_custom_heading text=\u00a0\u00bb\u00c9quipement de transport\u00a0\u00bb google_fonts=\u00a0\u00bbfont_family:Lato%3A100%2C100italic%2C300%2C300italic%2Cregular%2Citalic%2C700%2C700italic%2C900%2C900italic|font_style:700%20bold%20regular%3A700%3Anormal\u00a0\u00bb el_class=\u00a0\u00bbtitle\u00a0\u00bb][vc_column_text]<span style=\"font-weight: 400;\">Orientech est situ\u00e9 au c\u0153ur d&rsquo;un des secteurs industriels du transport les plus innovateurs en Am\u00e9rique du Nord, entour\u00e9 de fournisseurs d&rsquo;automobiles, de fabricants d&rsquo;a\u00e9rospatiale et de fournisseurs de v\u00e9hicules r\u00e9cr\u00e9atifs et de chemins de fer. Les plus r\u00e9cents camions \u00e9lectriques et les jets commerciaux silencieux ont \u00e9t\u00e9 invent\u00e9s \u00e0 proximit\u00e9 d&rsquo;Orientech. Nos premi\u00e8res racines comprenaient l&rsquo;alimentation et l&rsquo;orientation des rivets pour les assemblages de fuselage d&rsquo;avion et les petites composantes \u00e0 grand volume n\u00e9cessitant des technologies d&rsquo;orientation. Orientech \u00e9tait un joueur cl\u00e9.<\/span><\/p>\n<p><span style=\"font-weight: 400;\">Les sp\u00e9cialit\u00e9s d&rsquo;Orientech ont \u00e9volu\u00e9 au m\u00eame rythme que l&rsquo;industrie. Orientech a entrepris de d\u00e9velopper des proc\u00e9d\u00e9s automatis\u00e9s pour r\u00e9pondre aux nouvelles exigences d&rsquo;assemblage moderne.<\/span><\/p>\n<p><span style=\"font-weight: 400;\">Aujourd&rsquo;hui, Orientech est un important fournisseur pour les fabricants d&rsquo;automobiles, de rails, d&rsquo;a\u00e9rospatiale et de v\u00e9hicules r\u00e9cr\u00e9atifs, offrant des solutions pour assembler efficacement des composantes multi-pi\u00e8ces<\/span><\/p>\n<p><span style=\"font-weight: 400;\">Nous avons d\u00e9velopp\u00e9 des proc\u00e9d\u00e9s, dont certains ont \u00e9t\u00e9 brevet\u00e9s, capables de r\u00e9aliser plusieurs t\u00e2ches r\u00e9p\u00e9titives. De plus, nos machines font preuve d&rsquo;une attention minutieuse aux d\u00e9tails lors de la fabrication d&rsquo;une multitude de produits vari\u00e9s tels que des boulons, vis, \u00e9crous, ancrages, clips, masses d&rsquo;\u00e9quilibrage de roues, coussinets de caoutchouc et une grande vari\u00e9t\u00e9 de petites pi\u00e8ces utilis\u00e9es dans le secteur du mat\u00e9riel de transport.<\/span>[\/vc_column_text][\/vc_column][vc_column width=\u00a0\u00bb1\/3&Prime;][vc_empty_space height=\u00a0\u00bb40px\u00a0\u00bb][vc_single_image image=\u00a0\u00bb2383&Prime; alignment=\u00a0\u00bbcenter\u00a0\u00bb css_animation=\u00a0\u00bbnone\u00a0\u00bb][vc_video link=\u00a0\u00bbhttps:\/\/www.youtube.com\/watch?v=cBBujLYEZDY\u00a0\u00bb][\/vc_column][\/vc_row][vc_row][vc_column width=\u00a0\u00bb2\/3&Prime;][vc_custom_heading text=\u00a0\u00bbSolutions Orientech utilis\u00e9es dans le secteur des \u00e9quipements de transport\u00a0\u00bb google_fonts=\u00a0\u00bbfont_family:Lato%3A100%2C100italic%2C300%2C300italic%2Cregular%2Citalic%2C700%2C700italic%2C900%2C900italic|font_style:700%20bold%20regular%3A700%3Anormal\u00a0\u00bb el_class=\u00a0\u00bbtitle\u00a0\u00bb][vc_column_text]<span style=\"font-weight: 400;\">Les multinationales ont fait confiance \u00e0 Orientech pour la cr\u00e9ation de leurs lignes d&rsquo;assemblage automatis\u00e9es pour des produits tels que les b\u00e2tons d\u00e9odorants, les capuchons cosm\u00e9tiques, les capuchons de bouteilles sp\u00e9cialis\u00e9es CPG, les capuchons \u00e0 rouler, les capuchons \u00e0 bascule, les stylos \u00e0 bille, les stylos feutres, les appareils m\u00e9dicaux et une grande vari\u00e9t\u00e9 de composantes post-injection n\u00e9cessitant un assemblage.<\/span>[\/vc_column_text]<ul class='list list-circle-check'><li><span style=\"font-weight: 400;\">Syst\u00e8mes automatis\u00e9s cl\u00e9s en main sur mesure pour des assemblages \u00e0 plusieurs pi\u00e8ces<\/span><\/li><li><span style=\"font-weight: 400;\">Syst\u00e8mes d&rsquo;indexation et d&rsquo;assemblage en continu<\/span><\/li><li><span style=\"font-weight: 400;\">Syst\u00e8mes d&rsquo;alimentation et d&rsquo;orientation (bols vibrants et bols centrifuges)<\/span><\/li><li><span style=\"font-weight: 400;\">Equipement de cintrage de tubes<\/span><\/li><li><span style=\"font-weight: 400;\">La robotique : Orientech int\u00e8gre les robots et produits FANUC, reconnus pour leur vitesse, leur pr\u00e9cision et leur durabilit\u00e9<\/span><\/li><li><span style=\"font-weight: 400;\">\u00c9tiqueteuses<\/span><\/li><li><span style=\"font-weight: 400;\">Lecteurs de codes \u00e0 barres<\/span><\/li><li><span style=\"font-weight: 400;\">Marqueurs laser<\/span><\/li><li><span style=\"font-weight: 400;\">Syst\u00e8mes d&rsquo;inspection de vision<\/span><\/li><\/ul>[\/vc_column][vc_column width=\u00a0\u00bb1\/3&Prime;][vc_single_image image=\u00a0\u00bb5379&Prime; img_size=\u00a0\u00bbfull\u00a0\u00bb onclick=\u00a0\u00bbcustom_link\u00a0\u00bb link=\u00a0\u00bbhttps:\/\/orientech.com\/fr\/demande-de-soumission\/\u00a0\u00bb][\/vc_column][\/vc_row][vc_row][vc_column][vc_empty_space][\/vc_column][\/vc_row]<\/p>\n<\/div>","protected":false},"excerpt":{"rendered":"<p>[vc_row][vc_column width=\u00a0\u00bb2\/3&Prime;][vc_custom_heading text=\u00a0\u00bb\u00c9quipement de transport\u00a0\u00bb google_fonts=\u00a0\u00bbfont_family:Lato%3A100%2C100italic%2C300%2C300italic%2Cregular%2Citalic%2C700%2C700italic%2C900%2C900italic|font_style:700%20bold%20regular%3A700%3Anormal\u00a0\u00bb el_class=\u00a0\u00bbtitle\u00a0\u00bb][vc_column_text]Orientech est situ\u00e9 au c\u0153ur d&rsquo;un des secteurs industriels du transport les plus innovateurs en Am\u00e9rique du Nord, entour\u00e9 de fournisseurs d&rsquo;automobiles, de fabricants d&rsquo;a\u00e9rospatiale et de fournisseurs de v\u00e9hicules r\u00e9cr\u00e9atifs et de chemins &hellip;<\/p>\n","protected":false},"author":1,"featured_media":0,"parent":4496,"menu_order":0,"comment_status":"closed","ping_status":"closed","template":"","meta":{"_monsterinsights_skip_tracking":false,"_monsterinsights_sitenote_active":false,"_monsterinsights_sitenote_note":"","_monsterinsights_sitenote_category":0,"footnotes":""},"class_list":["post-4516","page","type-page","status-publish","hentry"],"_links":{"self":[{"href":"https:\/\/orientech.com\/fr\/wp-json\/wp\/v2\/pages\/4516","targetHints":{"allow":["GET"]}}],"collection":[{"href":"https:\/\/orientech.com\/fr\/wp-json\/wp\/v2\/pages"}],"about":[{"href":"https:\/\/orientech.com\/fr\/wp-json\/wp\/v2\/types\/page"}],"author":[{"embeddable":true,"href":"https:\/\/orientech.com\/fr\/wp-json\/wp\/v2\/users\/1"}],"replies":[{"embeddable":true,"href":"https:\/\/orientech.com\/fr\/wp-json\/wp\/v2\/comments?post=4516"}],"version-history":[{"count":0,"href":"https:\/\/orientech.com\/fr\/wp-json\/wp\/v2\/pages\/4516\/revisions"}],"up":[{"embeddable":true,"href":"https:\/\/orientech.com\/fr\/wp-json\/wp\/v2\/pages\/4496"}],"wp:attachment":[{"href":"https:\/\/orientech.com\/fr\/wp-json\/wp\/v2\/media?parent=4516"}],"curies":[{"name":"wp","href":"https:\/\/api.w.org\/{rel}","templated":true}]}}