{"id":4519,"date":"2020-03-26T21:06:04","date_gmt":"2020-03-26T21:06:04","guid":{"rendered":"https:\/\/orientech.com\/politique-de-confidentialite\/"},"modified":"2024-09-17T16:32:22","modified_gmt":"2024-09-17T20:32:22","slug":"politique-de-confidentialite","status":"publish","type":"page","link":"https:\/\/orientech.com\/fr\/politique-de-confidentialite\/","title":{"rendered":"Politique de confidentialit\u00e9"},"content":{"rendered":"<p class=\"h3\"><strong>Introduction<\/strong><\/p>\n<p><strong>En vigueur \u00e0 partir de septembre 2023<\/strong><\/p>\n<p>Le respect de la vie priv\u00e9e et de la confidentialit\u00e9 est une pr\u00e9occupation importante pour <strong>ORIENTECH<\/strong> (ci-apr\u00e8s \u00ab <strong>ORIENTECH<\/strong> \u00bb, \u00ab nous \u00bb, \u00ab notre \u00bb ou \u00ab nos \u00bb). Pour cette raison, <strong>ORIENTECH<\/strong> s\u2019assure de mettre en place des mesures de contr\u00f4le efficaces visant \u00e0 prot\u00e9ger la nature confidentielle des renseignements personnels sous sa garde.<\/p>\n<p>La pr\u00e9sente Politique de confidentialit\u00e9 (la \u00ab Politique \u00bb) d\u00e9crit comment <strong>ORIENTECH<\/strong> recueille, utilise, communique et stocke les renseignements personnels que vous pouvez fournir dans le cadre de votre utilisation du site Web de <strong>ORIENTECH<\/strong> (le \u00ab Site Web \u00bb) ou des services fournis par <strong>ORIENTECH<\/strong> (les \u00ab Services \u00bb). Elle vous informe \u00e9galement des engagements de <strong>ORIENTECH<\/strong> en mati\u00e8re de gestion et de protection des renseignements personnels.<\/p>\n<p>En acc\u00e9dant au pr\u00e9sent Site Web ou en recourant \u00e0 nos Services, vous consentez \u00e0 la collecte, \u00e0 l\u2019utilisation, \u00e0 la communication et au stockage de vos renseignements personnels conform\u00e9ment \u00e0 la pr\u00e9sente Politique.<\/p>\n<p class=\"h3\"><strong>\u00c0 qui s\u2019adresse la Politique?<\/strong><\/p>\n<p>Cette Politique s\u2019applique \u00e0 toute personne qui entre en communication ou interagit avec nous, quel que soit le moyen utilis\u00e9, que vous soyez un client ou quelqu\u2019un qui utilise nos Plateformes ou nos Services. Nos employ\u00e9s et les personnes qui r\u00e9pondent \u00e0 nos offres d\u2019emploi sont soumis \u00e0 une politique de confidentialit\u00e9 distincte.<\/p>\n<ul>\n<li><strong>Qu\u2019est-ce qu\u2019un renseignement personnel?<\/strong><br \/>\nIl s\u2019agit de tout renseignement qui concerne une personne physique et permet, s\u00e9par\u00e9ment ou combin\u00e9 avec d\u2019autres donn\u00e9es, de l\u2019identifier. Cela peut comprendre, par exemple, votre nom, vos adresses courriel, vos coordonn\u00e9es ainsi que tout renseignement semblable fourni \u00e0 ORIENTECH. De tels renseignements ne sont pas consid\u00e9r\u00e9s comme des renseignements personnels lorsqu\u2019ils sont agr\u00e9g\u00e9s et qu\u2019ils ne peuvent pas \u00eatre associ\u00e9s \u00e0 une personne identifiable.<\/li>\n<li><strong>Sources de renseignements personnels<\/strong><br \/>\nNous collectons des renseignements personnels vous concernant aupr\u00e8s de :<\/p>\n<ul>\n<li>Vous :\n<ul>\n<li>Lorsque vous nous fournissez ces informations directement, et<\/li>\n<li>Lorsque des renseignements personnels vous concernant sont automatiquement collect\u00e9s dans le cadre de votre utilisation de nos services.<\/li>\n<\/ul>\n<\/li>\n<li>Des tiers, lorsqu\u2019ils nous fournissent des renseignements personnels vous concernant. Les tiers qui partagent vos renseignements personnels avec nous incluent:\n<ul>\n<li>Les fournisseurs de services. Par exemple, nous pouvons utiliser des fournisseurs de services pour analyser la fa\u00e7on dont vous interagissez et vous engagez avec notre Site Web ou nos services, ou des tiers peuvent nous aider \u00e0 vous fournir une assistance client.<\/li>\n<\/ul>\n<\/li>\n<\/ul>\n<\/li>\n<li><strong>Renseignements personnels que vous fournissez volontairement<\/strong><br \/>\nLorsque vous visitez notre Site Web, participez \u00e0 un concours, une promotion, un sondage ou cr\u00e9ez un compte sur le Site Web ou utilisez nos services, on peut vous demander de nous fournir volontairement certains renseignements personnels (tels que votre nom, votre adresse de courrier \u00e9lectronique, votre adresse postale et votre num\u00e9ro de t\u00e9l\u00e9phone) afin que nous puissions communiquer plus facilement avec vous et vous offrir les services que vous souhaitez obtenir.<\/li>\n<li><strong>Renseignements personnels automatiquement recueillis<\/strong><br \/>\n<strong>T\u00e9moins<\/strong> \u2014 Lorsque vous acc\u00e9dez au Site Web, nous utilisons un dispositif du navigateur appel\u00e9 un \u00ab t\u00e9moin \u00bb afin de recueillir automatiquement certains renseignements non identifiables relativement aux utilisateurs, tels que l\u2019adresse protocole Internet (IP) qui identifie l\u2019ordinateur, l\u2019adresse IP du fournisseur de service Internet, le nom et la version du navigateur Web, la date et l\u2019heure auxquelles l\u2019utilisateur acc\u00e8de au Site Web, l\u2019adresse Internet \u00e0 partir de laquelle l\u2019utilisateur acc\u00e8de directement au Site Web, le syst\u00e8me d\u2019exploitation utilis\u00e9, les sections du Site Web visit\u00e9es, les pages Web lues et les images visionn\u00e9es et les documents affich\u00e9s sur le Site Web ou t\u00e9l\u00e9charg\u00e9s \u00e0 partir du Site Web. Un t\u00e9moin est un petit fichier texte contenant un num\u00e9ro d\u2019identification unique qui identifie le navigateur du visiteur (mais n\u2019identifie pas n\u00e9cessairement le visiteur) \u00e0 l\u2019intention de nos ordinateurs \u00e0 chaque fois que quelqu\u2019un visite notre Site Web.<br \/>\nNous utilisons des t\u00e9moins pour administrer notre Site Web, nos services, et analyser la mani\u00e8re dont notre site et nos services sont utilis\u00e9s. Ils nous permettent \u00e9galement de mieux comprendre vos int\u00e9r\u00eats et de vous offrir une exp\u00e9rience en ligne plus personnalis\u00e9e. Vous pouvez r\u00e9initialiser votre navigateur afin d\u2019\u00eatre avis\u00e9s si vous recevez un t\u00e9moin o\u00f9 refuser les t\u00e9moins. Cependant, si vous refusez les t\u00e9moins, il se peut que vous soyez dans l\u2019impossibilit\u00e9 d\u2019utiliser certaines des caract\u00e9ristiques de notre Site Web.<\/li>\n<li>En utilisant notre Site Web, vous reconnaissez que nous recourons \u00e0 des t\u00e9moins essentiels et vous consentez \u00e0 l\u2019utilisation de t\u00e9moins non essentiels.<\/li>\n<\/ul>\n<p class=\"h3\"><strong>Fins pour lesquelles nous recueillons des renseignements personnels<\/strong><\/p>\n<p><strong>ORIENTECH<\/strong> utilise les renseignements personnels recueillis sur vous aux fins suivantes :<\/p>\n<ul>\n<li style=\"list-style-type: none;\">\n<ul>\n<li>R\u00e9pondre ou donner suite aux demandes de services en ligne, questions ou commentaires que vous nous adressez;<\/li>\n<li>Cr\u00e9er et g\u00e9rer votre compte en ligne et vous fournir les services auxquels vous avez souscrits;<\/li>\n<li>Personnaliser et am\u00e9liorer votre exp\u00e9rience sur notre Site Web;<\/li>\n<li>Effectuer des analyses et statistiques sur notre audience, notre client\u00e8le et sur l\u2019utilisation de nos Services, afin de mieux<\/li>\n<li>comprendre les int\u00e9r\u00eats et pr\u00e9f\u00e9rences de notre client\u00e8le;<\/li>\n<li>Effectuer des analyses de donn\u00e9es d\u2019utilisateurs de fa\u00e7on agr\u00e9g\u00e9e et anonyme;<\/li>\n<li>D\u00e9tecter les incidents de s\u00e9curit\u00e9 et se prot\u00e9ger contre les activit\u00e9s malveillantes, trompeuses, frauduleuses ou ill\u00e9gales;<\/li>\n<li>Prendre toute autre action pour laquelle les renseignements personnels ont \u00e9t\u00e9 recueillis;<\/li>\n<li>Pour les autres fins d\u00e9crites dans cette Politique ou permise par la loi.<\/li>\n<\/ul>\n<\/li>\n<li><strong>Renseignements servant au suivi \u2013 ORIENTECH<\/strong> peut utiliser des renseignements non identifiables sur ses utilisateurs afin de cr\u00e9er des rapports g\u00e9n\u00e9raux de renseignements servant au suivi concernant les caract\u00e9ristiques d\u00e9mographiques des utilisateurs du Site Web ou de nos Services. Ces renseignements non identifiables sont utilis\u00e9s aux fins de l\u2019administration du syst\u00e8me et du Site Web, pour mieux comprendre vos int\u00e9r\u00eats et pour am\u00e9liorer le site.<\/li>\n<li><strong>Communications \u00e9lectroniques<\/strong> \u2013 Si vous donnez votre adresse courriel <strong>ORIENTECH<\/strong> peut vous transmettre, \u00e0 l\u2019occasion, des messages \u00e9lectroniques commerciaux sous forme de courriel, notamment pour vous informer de nos promotions, de mises \u00e0 jour importantes, vous offrir un nouveau service ou produit, y compris ceux offerts par des entit\u00e9s faisant partie du m\u00eame groupe d\u2019entreprises.<\/li>\n<li><strong>Publicit\u00e9 cibl\u00e9e<\/strong> \u2013 En utilisant les t\u00e9moins et les pixels invisibles, <strong>ORIENTECH<\/strong> est en mesure de vous offrir de la publicit\u00e9 qui r\u00e9pond davantage \u00e0 vos besoins, puisqu\u2019elle est cibl\u00e9e selon vos int\u00e9r\u00eats. Lorsque vous consultez notre Site Web, les t\u00e9moins et pixels nous indiquent quelles pages vous int\u00e9ressent. Par cons\u00e9quent, nous pouvons par la suite afficher de la publicit\u00e9 qui r\u00e9pond \u00e0 vos centres d\u2019int\u00e9r\u00eat. Ces technologies ne contiennent aucun renseignement personnel ou financier permettant de vous identifier. Elles peuvent contenir un identifiant unique n\u00e9cessaire au re-ciblage. Lorsque vous cliquez sur une de ces publicit\u00e9s, ORIENTECH peut aussi effectuer un suivi sur le taux de r\u00e9ponse de la campagne.<\/li>\n<\/ul>\n<p class=\"h3\"><strong>Divulgation des renseignements personnels<\/strong><\/p>\n<p>Nous ne pouvons pas communiquer \u00e0 un tiers les renseignements personnels contenus dans le dossier que nous d\u00e9tenons sur vous, sauf si vous y consentez par \u00e9crit ou si la loi le pr\u00e9voit (dans le cas d\u2019une enqu\u00eate par des officiers de justice par exemple). Nous pouvons notamment communiquer \u00e0 un tiers les renseignements personnels contenus dans le dossier que nous d\u00e9tenons sur vous si cette communication est faite aux m\u00eames fins.<br \/>\nL\u2019envoi de renseignements personnels qui vous concernent \u00e0 l\u2019ext\u00e9rieur de <strong>ORIENTECH<\/strong> se fait alors de mani\u00e8re \u00e0 en assurer la confidentialit\u00e9, et ce, m\u00eame si vous \u00eates le destinataire.<\/p>\n<p><strong>Divulgations \u00e0 nos prestataires de services<\/strong> \u2013 Nous pouvons \u00e9galement partager vos informations avec des fournisseurs tiers, des consultants et d\u2019autres prestataires de services que nous employons dans le but d\u2019effectuer des t\u00e2ches ou rendre des services en notre nom. Ces entit\u00e9s incluent notamment nos fournisseurs de traitement des paiements, les soci\u00e9t\u00e9s d\u2019analyse de sites Web (par exemple, Google Analytics), les fournisseurs de services d\u2019intelligence d\u2019affaires, les fournisseurs de services de messagerie (par exemple, Mailchimp), et partenaires publicitaires.<\/p>\n<p><strong>Divulgation \u00e0 des organismes gouvernementaux<\/strong> \u2014 Nous pouvons divulguer les renseignements personnels vous concernant \u00e0 des organismes gouvernementaux qui sont autoris\u00e9s par la loi \u00e0 obtenir ces renseignements, ou lorsque <strong>ORIENTECH<\/strong> a des motifs raisonnables de croire que ces renseignements peuvent \u00eatre utiles dans le cadre d\u2019une enqu\u00eate portant sur une activit\u00e9 illicite, ou pour se conformer \u00e0 une citation \u00e0 compara\u00eetre, un mandat d\u2019arr\u00eat ou une ordonnance d\u2019un tribunal, d\u2019une personne ou d\u2019un organisme comp\u00e9tent exigeant la production de renseignements, ou pour se conformer aux r\u00e8gles d\u2019un tribunal concernant la production de dossiers ou de renseignements, ou pour prot\u00e9ger les droits et la propri\u00e9t\u00e9 de <strong>ORIENTECH<\/strong>.<\/p>\n<p><strong>Transaction commerciale<\/strong> \u2013 Si <strong>ORIENTECH<\/strong> fait l\u2019objet d\u2019une fusion ou de toute autre restructuration, elle peut divulguer vos renseignements personnels \u00e0 l\u2019organisation issue de cette fusion ou autre restructuration.<\/p>\n<p class=\"h3\"><strong>D\u00e9tention et s\u00e9curit\u00e9 des renseignements personnels<\/strong><\/p>\n<p><strong>D\u00e9tention<\/strong> \u2013 Les renseignements personnels que nous d\u00e9tenons \u00e0 votre sujet sont consign\u00e9s dans un dossier \u00e9lectronique dont l\u2019objectif est de vous permettre de b\u00e9n\u00e9ficier de l\u2019offre de services de <strong>ORIENTECH<\/strong> et de services compl\u00e9mentaires.<\/p>\n<p><strong>S\u00e9curit\u00e9<\/strong> \u2013 Nous prenons et appliquons les mesures de s\u00e9curit\u00e9 n\u00e9cessaires et appropri\u00e9es pour assurer le caract\u00e8re confidentiel des renseignements personnels en notre possession, les prot\u00e9ger contre la perte, la destruction, le vol, de m\u00eame que contre la consultation, la communication, la reproduction, l\u2019utilisation et la modification non autoris\u00e9es. Les renseignements personnels contenus dans les dossiers ne sont donc accessibles qu\u2019aux personnes qui ont besoin d\u2019en prendre connaissance dans l\u2019exercice de leurs fonctions et qui les consultent uniquement lorsque cela est n\u00e9cessaire.<br \/>\nN\u00e9anmoins, en raison de la nature d\u2019Internet et des technologies qui en d\u00e9coulent, les risques associ\u00e9s \u00e0 la s\u00e9curit\u00e9 et la confidentialit\u00e9 ne peuvent \u00eatre \u00e9limin\u00e9s et <strong>ORIENTECH<\/strong> ne peut garantir que vos renseignements personnels ne seront pas divulgu\u00e9s de mani\u00e8re contraire aux dispositions de la pr\u00e9sente Politique.<\/p>\n<p>Dans la mesure du possible, nous veillons \u00e0 ce que les renseignements personnels contenus dans le dossier que nous d\u00e9tenons sur vous soient \u00e0 jour avant de les utiliser pour prendre une d\u00e9cision qui vous concerne.<\/p>\n<p class=\"h3\"><strong>Droit d\u2019acc\u00e8s, de rectification et de suppression<\/strong><\/p>\n<ul>\n<li>En communiquant avec <strong>ORIENTECH<\/strong> \u00e0 l\u2019adresse <a href=\"mailto:vincent.carriere@orientech.com\">vincent.carriere@orientech.com<\/a> , il vous est possible de :\n<ul>\n<li>Demander d\u2019avoir acc\u00e8s \u00e0 vos renseignements personnels et obtenir des renseignements portant sur la collecte, l\u2019utilisation et la divulgation par <strong>ORIENTECH<\/strong> de ces renseignements;<\/li>\n<li>Demander de modifier ou mettre \u00e0 jour vos renseignements personnels; et<\/li>\n<li>Demander de supprimer vos renseignements personnels.<\/li>\n<\/ul>\n<\/li>\n<li>Sous r\u00e9serve de certaines exceptions pr\u00e9vues par la loi, vous pourrez obtenir un acc\u00e8s raisonnable aux renseignements personnels que nous d\u00e9tenons \u00e0 votre sujet et vous aurez le droit de remettre en question la pertinence et l\u2019exactitude de ces renseignements et de les faire modifier au besoin. Vous pouvez contribuer au maintien par <strong>ORIENTECH<\/strong> de l\u2019exactitude des renseignements qui vous concernent en avisant <strong>ORIENTECH<\/strong> de tout changement n\u00e9cessaire.<br \/>\nLorsque vous faites une demande de suppression de vos renseignements personnels, celle-ci sera trait\u00e9e en conformit\u00e9 avec les lois applicables. Sachez que <strong>ORIENTECH<\/strong> pourra tout de m\u00eame conserver certains de vos renseignements personnels pour se conformer \u00e0 ses obligations l\u00e9gales et r\u00e9glementaires ou si ceux-ci sont toujours n\u00e9cessaires aux fins pour lesquelles l\u2019entreprise les a recueillis.<\/li>\n<\/ul>\n<p class=\"h3\"><strong>Refus et retrait du consentement<\/strong><\/p>\n<p>En communiquant avec <strong>Vincent Carri\u00e8re<\/strong> \u00e0 l\u2019adresse <a href=\"mailto:vincent.carriere@orientech.com\"><strong>vincent.carriere@orientech.com<\/strong><\/a> , vous pouvez retirer ou modifier votre consentement \u00e0 ce qu\u2019on utilise et divulgue vos renseignements personnels ou encore refuser de participer \u00e0 certaines utilisations et divulgations, sous r\u00e9serve de restrictions l\u00e9gales ou contractuelles. Si vous refusez de nous communiquer vos renseignements personnels ou de nous donner les consentements requis \u00e0 leur \u00e9gard, il se pourrait qu\u2019il nous soit impossible de faire affaire avec vous ou de vous fournir les services demand\u00e9s.<\/p>\n<p><strong>Communications \u00e9lectroniques<\/strong> \u2013 En tout temps, vous pouvez faire retirer votre nom de nos listes d\u2019envois de communications \u00e9lectroniques promotionnelles ou marketing en vous d\u00e9sabonnant de nos envois courriels ou en modifiant vos pr\u00e9f\u00e9rences dans les param\u00e8tres de votre compte <strong>ORIENTECH<\/strong>.<\/p>\n<p><strong>T\u00e9moins<\/strong> \u2013 Vous pouvez bloquer l\u2019utilisation de t\u00e9moins en activant le param\u00e8tre \u00e0 cet effet dans votre navigateur. Pour plus d\u2019information sur comment bloquer les t\u00e9moins \u00e0 l\u2019aide des param\u00e8tres pr\u00e9vus \u00e0 cet effet dans votre navigateur.<\/p>\n<p class=\"h3\"><strong>Dur\u00e9e de conservation des renseignements personnels<\/strong><\/p>\n<p>Nous conservons vos renseignements personnels tant que nous avons un besoin l\u00e9gitime de le faire. M\u00eame si vous avez cess\u00e9 de faire affaire avec nous, nous devrons conserver certains renseignements parce que, entre autres raisons, la loi le requiert. Lorsque ces renseignements ne sont plus n\u00e9cessaires, ils sont d\u00e9truits. Dans le cadre du processus de destruction des renseignements, nous observons des r\u00e8gles strictes et veillons aussi \u00e0 emp\u00eacher toute personne non autoris\u00e9e \u00e0 y avoir acc\u00e8s.<\/p>\n<p class=\"h3\"><strong>Modification de la Politique<\/strong><\/p>\n<p>Il se peut que nous apportions des modifications ou des ajouts \u00e0 cette Politique en tout temps et nous vous encourageons donc \u00e0 la relire p\u00e9riodiquement. Si nous apportons des modifications \u00e0 cette Politique, nous vous en aviserons en modifiant la date d\u2019entr\u00e9e en vigueur de cette Politique en haut de page.<\/p>\n<p class=\"h3\"><strong>Comment nous rejoindre<\/strong><\/p>\n<p>Si vous avez une question, une pr\u00e9occupation ou une plainte \u00e0 formuler concernant la protection de vos renseignements personnels ou nos pratiques en la mati\u00e8re, vous pouvez communiquer avec le Responsable de la protection des renseignements personnels par courriel \u00e0 <a href=\"mailto:vincent.carriere@orientech.com\"><strong>vincent.carriere@orientech.com<\/strong><\/a> . Vous pouvez \u00e9galement communiquer avec nous par la poste \u00e0 notre si\u00e8ge social :<\/p>\n<p>745 Bd Cristini,<br \/>\nLachute (Qu\u00e9bec) Canada<br \/>\nJ8H 4N6<\/p>\n<p>Mentionnez votre nom et vos coordonn\u00e9es, la nature de votre demande ou de votre plainte, et tout autre renseignement pertinent.<\/p>\n<p>Communiquez avec l\u2019\u00e9quipe de <strong>ORIENTECH<\/strong> par courriel ou via un formulaire de contact.<\/p>\n","protected":false},"excerpt":{"rendered":"<p>Introduction En vigueur \u00e0 partir de septembre 2023 Le respect de la vie priv\u00e9e et de la confidentialit\u00e9 est une pr\u00e9occupation importante pour ORIENTECH (ci-apr\u00e8s \u00ab ORIENTECH \u00bb, \u00ab nous \u00bb, \u00ab notre \u00bb ou \u00ab nos \u00bb). Pour cette &hellip;<\/p>\n","protected":false},"author":1,"featured_media":0,"parent":0,"menu_order":0,"comment_status":"closed","ping_status":"open","template":"","meta":{"_monsterinsights_skip_tracking":false,"_monsterinsights_sitenote_active":false,"_monsterinsights_sitenote_note":"","_monsterinsights_sitenote_category":0,"footnotes":""},"class_list":["post-4519","page","type-page","status-publish","hentry"],"_links":{"self":[{"href":"https:\/\/orientech.com\/fr\/wp-json\/wp\/v2\/pages\/4519","targetHints":{"allow":["GET"]}}],"collection":[{"href":"https:\/\/orientech.com\/fr\/wp-json\/wp\/v2\/pages"}],"about":[{"href":"https:\/\/orientech.com\/fr\/wp-json\/wp\/v2\/types\/page"}],"author":[{"embeddable":true,"href":"https:\/\/orientech.com\/fr\/wp-json\/wp\/v2\/users\/1"}],"replies":[{"embeddable":true,"href":"https:\/\/orientech.com\/fr\/wp-json\/wp\/v2\/comments?post=4519"}],"version-history":[{"count":2,"href":"https:\/\/orientech.com\/fr\/wp-json\/wp\/v2\/pages\/4519\/revisions"}],"predecessor-version":[{"id":6024,"href":"https:\/\/orientech.com\/fr\/wp-json\/wp\/v2\/pages\/4519\/revisions\/6024"}],"wp:attachment":[{"href":"https:\/\/orientech.com\/fr\/wp-json\/wp\/v2\/media?parent=4519"}],"curies":[{"name":"wp","href":"https:\/\/api.w.org\/{rel}","templated":true}]}}