{"id":4528,"date":"2020-03-26T21:48:37","date_gmt":"2020-03-26T21:48:37","guid":{"rendered":"https:\/\/orientech.com\/solutions\/"},"modified":"2020-07-23T20:18:06","modified_gmt":"2020-07-23T20:18:06","slug":"solutions","status":"publish","type":"page","link":"https:\/\/orientech.com\/fr\/solutions\/","title":{"rendered":"Solutions"},"content":{"rendered":"<div class=\"wpb-content-wrapper\"><p>[vc_row][vc_column][vc_custom_heading text=\u00a0\u00bbSOLUTIONS PERSONNALIS\u00c9ES POUR CHAQUE APPLICATION, PROCESSUS ET INDUSTRIE\u00a0\u00bb google_fonts=\u00a0\u00bbfont_family:Montserrat%3Aregular%2C700|font_style:400%20regular%3A400%3Anormal\u00a0\u00bb el_class=\u00a0\u00bbtitle\u00a0\u00bb][vc_column_text]Chez Orientech, nous offrons un excellent service, une compr\u00e9hension claire de la situation actuelle o\u00f9 tous les partenaires sont gagnants, des pratiques transparentes et efficaces et l&rsquo;atteinte des r\u00e9sultats attendus.[\/vc_column_text][\/vc_column][\/vc_row][vc_row][vc_column width=\u00a0\u00bb1\/2&Prime;]<div class='featured featured-image featured-has-link featured-has-icon featured-has-content'><div class='featured-header'><a target='_self' href='https:\/\/orientech.com\/fr\/solutions\/machines-de-revetement-de-capuchon\/'><img alt='MACHINES DE FERMETURE DE BOUCHONS ET DE COUVERCLES AUTOMATIS\u00c9ES' src='https:\/\/orientech.com\/wp-content\/uploads\/2019\/09\/Orientech-lining-machine-722x368.jpg'\/><\/a><\/div><div class='featured-content'><h3 class='featured-title text-uppercase'><a target='_self' href='https:\/\/orientech.com\/fr\/solutions\/machines-de-revetement-de-capuchon\/'><i class='fas fa-ring'><\/i>MACHINES DE FERMETURE DE BOUCHONS ET DE COUVERCLES AUTOMATIS\u00c9ES<\/a><\/h3><p class='featured-desc'>Les machines d\u2019assemblage de bouchons Orientech sont con\u00e7ues\u00a0pour les fermetures multi-composants personnalis\u00e9es\u00a0pour diverses industries.<\/p><a class='btn btn-md btn-minimal' target='_self' href='https:\/\/orientech.com\/fr\/solutions\/machines-de-revetement-de-capuchon\/'>LIRE LA SUITE<\/a><a href='https:\/\/orientech.com\/wp-content\/uploads\/2019\/09\/Orientech-lining-machine-722x368.jpg' class='featured-lightbox-link'><i class='fa fa-image'><\/i><\/a><\/div><\/div>[vc_empty_space]<div class='featured featured-image featured-has-link featured-has-icon featured-has-content'><div class='featured-header'><a target='_self' href='https:\/\/orientech.com\/fr\/solutions\/machines-dassemblage-automatisees-cle-en-main\/'><img alt='\u00c9QUIPEMENT D'ASSEMBLAGE AUTOMATIS\u00c9 CL\u00c9 EN MAIN' src='https:\/\/orientech.com\/wp-content\/uploads\/2019\/09\/4099-0_MedXL-722x368.jpg'\/><\/a><\/div><div class='featured-content'><h3 class='featured-title text-uppercase'><a target='_self' href='https:\/\/orientech.com\/fr\/solutions\/machines-dassemblage-automatisees-cle-en-main\/'><i class='fas fa-cog'><\/i>\u00c9QUIPEMENT D'ASSEMBLAGE AUTOMATIS\u00c9 CL\u00c9 EN MAIN<\/a><\/h3><p class='featured-desc'><span style=\"font-weight: 400;\">Nos machines d&rsquo;assemblage cl\u00e9s en main peuvent \u00eatre enti\u00e8rement ou partiellement automatis\u00e9es,\u00a0<\/span>avec des options de changement d\u2019outil rapide, con\u00e7us\u00a0pour garantir un temps d\u2019arr\u00eat minimal.<\/p><a class='btn btn-md btn-minimal' target='_self' href='https:\/\/orientech.com\/fr\/solutions\/machines-dassemblage-automatisees-cle-en-main\/'>LIRE LA SUITE<\/a><a href='https:\/\/orientech.com\/wp-content\/uploads\/2019\/09\/4099-0_MedXL-722x368.jpg' class='featured-lightbox-link'><i class='fa fa-image'><\/i><\/a><\/div><\/div>[\/vc_column][vc_column width=\u00a0\u00bb1\/2&Prime;]<div class='featured featured-image featured-has-link featured-has-icon featured-has-content'><div class='featured-header'><a target='_self' href='https:\/\/orientech.com\/fr\/solutions\/empilage-et-emballage\/'><img alt='SYST\u00c8ME D'EMPILAGE ET D'EMBALLAGE' src='https:\/\/orientech.com\/wp-content\/uploads\/2020\/06\/URGENT_STACKER_PACKER_3213-722x368.jpg'\/><\/a><\/div><div class='featured-content'><h3 class='featured-title text-uppercase'><a target='_self' href='https:\/\/orientech.com\/fr\/solutions\/empilage-et-emballage\/'><i class='fas fa-vr-cardboard'><\/i>SYST\u00c8ME D'EMPILAGE ET D'EMBALLAGE<\/a><\/h3><p class='featured-desc'>Les syst\u00e8mes d\u2019empilage et d\u2019emballage Orientech ajoute de la valeur pour vos clients\u00a0et permettent de <span style=\"font-weight: 400;\">r\u00e9duire vos frais d&rsquo;exp\u00e9dition de 40%.<\/span><\/p><a class='btn btn-md btn-minimal' target='_self' href='https:\/\/orientech.com\/fr\/solutions\/empilage-et-emballage\/'>LIRE LA SUITE<\/a><a href='https:\/\/orientech.com\/wp-content\/uploads\/2020\/06\/URGENT_STACKER_PACKER_3213-722x368.jpg' class='featured-lightbox-link'><i class='fa fa-image'><\/i><\/a><\/div><\/div>[vc_empty_space]<div class='featured featured-image featured-has-link featured-has-icon featured-has-content'><div class='featured-header'><a target='_self' href='https:\/\/orientech.com\/fr\/solutions\/alimentation-de-petites-pieces\/'><img alt='ALIMENTATION DE PETITES PI\u00c8CES' src='https:\/\/orientech.com\/wp-content\/uploads\/2020\/06\/IMG_0748-722x368.jpg'\/><\/a><\/div><div class='featured-content'><h3 class='featured-title text-uppercase'><a target='_self' href='https:\/\/orientech.com\/fr\/solutions\/alimentation-de-petites-pieces\/'><i class='fas fa-random'><\/i>ALIMENTATION DE PETITES PI\u00c8CES<\/a><\/h3><p class='featured-desc'>Chez Orientech nous sommes des experts\u00a0dans la conception et la fabrication d\u2019alimentateurs qui vous offrent des solutions simples et rentables.<\/p><a class='btn btn-md btn-minimal' target='_self' href='https:\/\/orientech.com\/fr\/solutions\/alimentation-de-petites-pieces\/'>LIRE LA SUITE<\/a><a href='https:\/\/orientech.com\/wp-content\/uploads\/2020\/06\/IMG_0748-722x368.jpg' class='featured-lightbox-link'><i class='fa fa-image'><\/i><\/a><\/div><\/div>[\/vc_column][\/vc_row][vc_row][vc_column][vc_empty_space][vc_single_image image=\u00a0\u00bb5350&Prime; img_size=\u00a0\u00bblarge\u00a0\u00bb alignment=\u00a0\u00bbcenter\u00a0\u00bb onclick=\u00a0\u00bbcustom_link\u00a0\u00bb link=\u00a0\u00bbhttps:\/\/orientech.com\/fr\/information-generale\/\u00a0\u00bb][\/vc_column][\/vc_row]<\/p>\n<\/div>","protected":false},"excerpt":{"rendered":"<p>[vc_row][vc_column][vc_custom_heading text=\u00a0\u00bbSOLUTIONS PERSONNALIS\u00c9ES POUR CHAQUE APPLICATION, PROCESSUS ET INDUSTRIE\u00a0\u00bb google_fonts=\u00a0\u00bbfont_family:Montserrat%3Aregular%2C700|font_style:400%20regular%3A400%3Anormal\u00a0\u00bb el_class=\u00a0\u00bbtitle\u00a0\u00bb][vc_column_text]Chez Orientech, nous offrons un excellent service, une compr\u00e9hension claire de la situation actuelle o\u00f9 tous les partenaires sont gagnants, des pratiques transparentes et efficaces et l&rsquo;atteinte des r\u00e9sultats attendus.[\/vc_column_text][\/vc_column][\/vc_row][vc_row][vc_column &hellip;<\/p>\n","protected":false},"author":1,"featured_media":0,"parent":0,"menu_order":0,"comment_status":"closed","ping_status":"closed","template":"","meta":{"_monsterinsights_skip_tracking":false,"_monsterinsights_sitenote_active":false,"_monsterinsights_sitenote_note":"","_monsterinsights_sitenote_category":0,"footnotes":""},"class_list":["post-4528","page","type-page","status-publish","hentry"],"_links":{"self":[{"href":"https:\/\/orientech.com\/fr\/wp-json\/wp\/v2\/pages\/4528","targetHints":{"allow":["GET"]}}],"collection":[{"href":"https:\/\/orientech.com\/fr\/wp-json\/wp\/v2\/pages"}],"about":[{"href":"https:\/\/orientech.com\/fr\/wp-json\/wp\/v2\/types\/page"}],"author":[{"embeddable":true,"href":"https:\/\/orientech.com\/fr\/wp-json\/wp\/v2\/users\/1"}],"replies":[{"embeddable":true,"href":"https:\/\/orientech.com\/fr\/wp-json\/wp\/v2\/comments?post=4528"}],"version-history":[{"count":0,"href":"https:\/\/orientech.com\/fr\/wp-json\/wp\/v2\/pages\/4528\/revisions"}],"wp:attachment":[{"href":"https:\/\/orientech.com\/fr\/wp-json\/wp\/v2\/media?parent=4528"}],"curies":[{"name":"wp","href":"https:\/\/api.w.org\/{rel}","templated":true}]}}