{"id":4536,"date":"2020-03-26T22:17:47","date_gmt":"2020-03-26T22:17:47","guid":{"rendered":"https:\/\/orientech.com\/solutions\/machines-de-revetement-de-capuchon\/"},"modified":"2020-09-08T17:30:54","modified_gmt":"2020-09-08T17:30:54","slug":"machines-de-revetement-de-capuchon","status":"publish","type":"page","link":"https:\/\/orientech.com\/fr\/solutions\/machines-de-revetement-de-capuchon\/","title":{"rendered":"Machines de rev\u00eatement de capuchon"},"content":{"rendered":"<div class=\"wpb-content-wrapper\"><p>[vc_row][vc_column width=\u00a0\u00bb2\/3&Prime;][vc_custom_heading text=\u00a0\u00bbMACHINE D&rsquo;ASSEMBLAGE DE BOUCHONS ET DE COUVERCLES \u00c0 PLUSIEURS COMPOSANTS\u00a0\u00bb google_fonts=\u00a0\u00bbfont_family:Montserrat%3Aregular%2C700|font_style:400%20regular%3A400%3Anormal\u00a0\u00bb el_class=\u00a0\u00bbtitle\u00a0\u00bb][vc_column_text]Les machines d&rsquo;assemblage de bouchons Orientech sont con\u00e7ues pour des fermetures multi-composants personnalis\u00e9es pour diverses industries. Les taux d&rsquo;assemblage d\u00e9pendront de la taille et de la g\u00e9om\u00e9trie de chaque composant. Orientech est sp\u00e9cialis\u00e9 dans les solutions de bouchons \/ fermetures personnalis\u00e9es n\u00e9cessitant une efficacit\u00e9 globale de l&rsquo;\u00e9quipement (OEE) \u00e9lev\u00e9e. Des solutions de bouchons standard sont \u00e9galement disponibles.[\/vc_column_text][vc_column_text]Les machines automatis\u00e9es d&rsquo;assemblage capuchon \/ fermeture sont utilis\u00e9es pour plusieurs applications, notamment:<\/p>\n<ul>\n<li>Ensemble capuchon de disque<\/li>\n<li>Ensemble de capuchon torsad\u00e9 en plusieurs parties<\/li>\n<li>Ensemble capuchon \u00e0 l&rsquo;\u00e9preuve des enfants<\/li>\n<li>Ensemble de capuchon inviolable<\/li>\n<li>Ensemble de capuchon \u00e0 double paroi<\/li>\n<li>Ensemble de capuchon d\u00e9coratif<\/li>\n<li>Ensemble bouchon de bouteille et insert de dosage<\/li>\n<li>Ensemble capuchon de tirage sport<\/li>\n<li>Ensemble capuchon de poche et test d&rsquo;\u00e9tanch\u00e9it\u00e9<\/li>\n<\/ul>\n<p>[\/vc_column_text][vc_column_text]Industries typiques n\u00e9cessitant des machines d&rsquo;assemblage capuchon \/ fermeture:<\/p>\n<ul>\n<li>Moulage plastique<\/li>\n<li>Sant\u00e9 Beaut\u00e9<\/li>\n<li>Produits de beaut\u00e9<\/li>\n<li>Pharmaceutique<\/li>\n<li>CPG &amp; FMCG<\/li>\n<\/ul>\n<p>[\/vc_column_text][vc_column_text]L&rsquo;orientation de chaque composant de la fermeture est cruciale pour maintenir un fonctionnement continu. Les op\u00e9rations de post-assemblage peuvent inclure la doublure de capuchon, l&rsquo;inspection de la qualit\u00e9, l&rsquo;\u00e9tiquetage, le marquage, l&#8217;emballage en vrac et \/ ou l&#8217;empilage et l&#8217;emballage.<\/p>\n<p>Voyons comment vous pouvez am\u00e9liorer vos op\u00e9rations en automatisant vos assemblages de bouchons en plusieurs parties. Contactez-nous pour planifier un appel d\u00e9couverte.[\/vc_column_text][\/vc_column][vc_column width=\u00a0\u00bb1\/3&Prime;][vc_single_image image=\u00a0\u00bb2815&Prime; img_size=\u00a0\u00bbfull\u00a0\u00bb css_animation=\u00a0\u00bbnone\u00a0\u00bb][vc_video link=\u00a0\u00bbhttps:\/\/www.youtube.com\/watch?v=avRxsFyAMdA\u00a0\u00bb align=\u00a0\u00bbcenter\u00a0\u00bb][vc_single_image image=\u00a0\u00bb5379&Prime; img_size=\u00a0\u00bblarge\u00a0\u00bb onclick=\u00a0\u00bbcustom_link\u00a0\u00bb link=\u00a0\u00bbhttps:\/\/orientech.com\/fr\/demande-de-soumission\/\u00a0\u00bb][\/vc_column][\/vc_row][vc_row][vc_column][vc_separator][\/vc_column][\/vc_row][vc_row][vc_column width=\u00a0\u00bb2\/3&Prime;][vc_custom_heading text=\u00a0\u00bbSOLUTIONS AUTOMATIS\u00c9ES DE FERMETURE \u00c0 BOUCHON \/ FERMETURE ET D&rsquo;INT\u00c9GRATION D&rsquo;INSPECTION DE VISION\u00a0\u00bb google_fonts=\u00a0\u00bbfont_family:Montserrat%3Aregular%2C700|font_style:400%20regular%3A400%3Anormal\u00a0\u00bb el_class=\u00a0\u00bbtitle\u00a0\u00bb][vc_column_text]Les machines de fermeture de capuchon rabattable Orientech sont con\u00e7ues pour les capuchons \/ fermetures flip-top personnalis\u00e9s utilis\u00e9s par diverses industries. Orientech est sp\u00e9cialis\u00e9 dans les solutions de bouchons personnalis\u00e9s, souvent avec des d\u00e9fis g\u00e9om\u00e9triques, des finitions fragiles ou pour des applications de bouchons standard n\u00e9cessitant des vitesses \u00e9lev\u00e9es. Les taux d&rsquo;ex\u00e9cution d\u00e9pendront de la taille et de la g\u00e9om\u00e9trie du capuchon \/ fermeture \u00e0 rabat.<\/p>\n<p>La vision fait souvent partie int\u00e9grante des solutions de fermeture \u00e0 capuchon rabattable pour garantir un temps d&rsquo;arr\u00eat minimal dans vos op\u00e9rations de fermeture post-bouchon, comme un remplissage. Les temps d&rsquo;arr\u00eat associ\u00e9s au plafond non ferm\u00e9 masquent les probl\u00e8mes de qualit\u00e9 dans votre processus. Gardez les capuchons flip-top non conformes hors de votre processus de remplissage.<\/p>\n<p>Les machines de fermeture \u00e0 capuchon rabattable sont autonomes, dans les installations de votre fournisseur de moulage en plastique, ou en ligne dans vos op\u00e9rations.[\/vc_column_text][vc_column_text]Les machines de fermeture automatis\u00e9es \u00e0 capuchon rabattable sont principalement utilis\u00e9es pour:<\/p>\n<ul>\n<li>Fermeture et inspection du capuchon rabattable du flacon souple<\/li>\n<li>Fermeture et inspection des couvercles humides<\/li>\n<li>R\u00e9cipients \u00e0 \u00e9pices avec couvercle rabattable<\/li>\n<li>Emballage CPG \/ FMCG avec capuchons rabattables ou couvercles rabattables<\/li>\n<li>Toute autre application o\u00f9 un capuchon flip-top est utilis\u00e9<\/li>\n<\/ul>\n<p>[\/vc_column_text][\/vc_column][vc_column width=\u00a0\u00bb1\/3&Prime;][\/vc_column][\/vc_row][vc_row][vc_column][vc_separator][\/vc_column][\/vc_row][vc_row][vc_column width=\u00a0\u00bb2\/3&Prime;][vc_custom_heading text=\u00a0\u00bbMACHINES AUTOMATIS\u00c9ES DE DOUBLURE DE BOUCHONS POUR BOUCHONS SURDIMENSIONN\u00c9S\u00a0\u00bb google_fonts=\u00a0\u00bbfont_family:Montserrat%3Aregular%2C700|font_style:400%20regular%3A400%3Anormal\u00a0\u00bb el_class=\u00a0\u00bbtitle\u00a0\u00bb][vc_column_text]LM-FLEX, op\u00e9rations tout-en-un pour les bouchons \u00e0 large ouverture (jusqu&rsquo;\u00e0 174 mm *).<\/p>\n<p>Pourquoi ins\u00e9rer vos doublures pr\u00e9d\u00e9coup\u00e9es dans des bouchons \u00e0 large ouverture lorsque vous pouvez tout faire en ligne?<\/p>\n<p>Orientech construit des machines automatis\u00e9es de rev\u00eatement de capuchon qui offrent une flexibilit\u00e9 sans pr\u00e9c\u00e9dent, avec des capacit\u00e9s d&rsquo;automatisation des op\u00e9rations de rev\u00eatement de capuchon avec une seule machine pour des tailles de capuchon allant de 28 mm \u00e0 174 mm *.<\/p>\n<p>Les options d&rsquo;outillage de matrice de poin\u00e7onnage ou de matrice rotative peuvent \u00eatre modifi\u00e9es facilement.<\/p>\n<p>L&rsquo;OEE est pris en compte en supprimant les complexit\u00e9s au niveau de l&rsquo;op\u00e9rateur; la facilit\u00e9 d&rsquo;utilisation et d&rsquo;entretien sont des caract\u00e9ristiques cl\u00e9s de la machine de rev\u00eatement flexible Orientech LM-FLEX avec seulement quatre (4) points de lubrification manuelle, avec des alertes IHM programm\u00e9es \u00e0 l&rsquo;avance.<\/p>\n<p>* 174 mm est actuellement le plus grand outil Orientech en fonctionnement, plus grand est possible.<\/p>\n<p>Voyons comment vous pouvez am\u00e9liorer vos op\u00e9rations avec une machine de rev\u00eatement de capuchon hautement flexible Orientech. Contactez-nous pour planifier un appel d\u00e9couverte.[\/vc_column_text]<table class='info-table'><\/tbody><\/table><\/tbody>[vc_column_text]Am\u00e9liorez votre efficacit\u00e9 en int\u00e9grant un syst\u00e8me d&#8217;empilage et d&#8217;emballage Orientech \u00e0 vos op\u00e9rations de rev\u00eatement. Les solutions d&#8217;empilage et d&#8217;emballage sont souvent exclues de l&rsquo;int\u00e9gration de l&rsquo;automatisation, car elle est pr\u00e9sum\u00e9e \u00eatre trop co\u00fbteuse. Une analyse appropri\u00e9e de votre Value Stream Mapping (VSM) peut entra\u00eener l&rsquo;\u00e9limination du gaspillage dans votre flux de travail. Selon la g\u00e9om\u00e9trie de vos pi\u00e8ces, les frais de port \u00e0 eux seuls peuvent \u00eatre r\u00e9duits de 40%.<\/p>\n<p>Renseignez-vous sur nos solutions d&#8217;empilage et d&#8217;emballage lors de l&rsquo;examen de vos besoins de rev\u00eatement. <a href=\"https:\/\/orientech.com\/fr\/solutions\/empilage-et-emballage\/\">En savoir plus sur les avantages dans notre page d\u00e9di\u00e9e.<\/a>[\/vc_column_text][\/vc_column][vc_column width=\u00a0\u00bb1\/3&Prime;][vc_single_image image=\u00a0\u00bb5379&Prime; img_size=\u00a0\u00bblarge\u00a0\u00bb onclick=\u00a0\u00bbcustom_link\u00a0\u00bb link=\u00a0\u00bbhttps:\/\/orientech.com\/fr\/demande-de-soumission\/\u00a0\u00bb][\/vc_column][\/vc_row][vc_row][vc_column width=\u00a0\u00bb2\/3&Prime;][\/vc_column][vc_column width=\u00a0\u00bb1\/3&Prime;][\/vc_column][\/vc_row]<\/p>\n<\/div>","protected":false},"excerpt":{"rendered":"<p>[vc_row][vc_column width=\u00a0\u00bb2\/3&Prime;][vc_custom_heading text=\u00a0\u00bbMACHINE D&rsquo;ASSEMBLAGE DE BOUCHONS ET DE COUVERCLES \u00c0 PLUSIEURS COMPOSANTS\u00a0\u00bb google_fonts=\u00a0\u00bbfont_family:Montserrat%3Aregular%2C700|font_style:400%20regular%3A400%3Anormal\u00a0\u00bb el_class=\u00a0\u00bbtitle\u00a0\u00bb][vc_column_text]Les machines d&rsquo;assemblage de bouchons Orientech sont con\u00e7ues pour des fermetures multi-composants personnalis\u00e9es pour diverses industries. Les taux d&rsquo;assemblage d\u00e9pendront de la taille et de la g\u00e9om\u00e9trie &hellip;<\/p>\n","protected":false},"author":1,"featured_media":0,"parent":4528,"menu_order":0,"comment_status":"closed","ping_status":"open","template":"","meta":{"_monsterinsights_skip_tracking":false,"_monsterinsights_sitenote_active":false,"_monsterinsights_sitenote_note":"","_monsterinsights_sitenote_category":0,"footnotes":""},"class_list":["post-4536","page","type-page","status-publish","hentry"],"_links":{"self":[{"href":"https:\/\/orientech.com\/fr\/wp-json\/wp\/v2\/pages\/4536","targetHints":{"allow":["GET"]}}],"collection":[{"href":"https:\/\/orientech.com\/fr\/wp-json\/wp\/v2\/pages"}],"about":[{"href":"https:\/\/orientech.com\/fr\/wp-json\/wp\/v2\/types\/page"}],"author":[{"embeddable":true,"href":"https:\/\/orientech.com\/fr\/wp-json\/wp\/v2\/users\/1"}],"replies":[{"embeddable":true,"href":"https:\/\/orientech.com\/fr\/wp-json\/wp\/v2\/comments?post=4536"}],"version-history":[{"count":0,"href":"https:\/\/orientech.com\/fr\/wp-json\/wp\/v2\/pages\/4536\/revisions"}],"up":[{"embeddable":true,"href":"https:\/\/orientech.com\/fr\/wp-json\/wp\/v2\/pages\/4528"}],"wp:attachment":[{"href":"https:\/\/orientech.com\/fr\/wp-json\/wp\/v2\/media?parent=4536"}],"curies":[{"name":"wp","href":"https:\/\/api.w.org\/{rel}","templated":true}]}}