{"id":4542,"date":"2020-03-26T22:27:46","date_gmt":"2020-03-26T22:27:46","guid":{"rendered":"https:\/\/orientech.com\/solutions\/alimentation-de-petites-pieces\/"},"modified":"2020-09-08T17:36:40","modified_gmt":"2020-09-08T17:36:40","slug":"alimentation-de-petites-pieces","status":"publish","type":"page","link":"https:\/\/orientech.com\/fr\/solutions\/alimentation-de-petites-pieces\/","title":{"rendered":"Alimentation de petites pi\u00e8ces"},"content":{"rendered":"<div class=\"wpb-content-wrapper\"><p>[vc_row][vc_column width=\u00a0\u00bb2\/3&Prime;][vc_custom_heading text=\u00a0\u00bbALIMENTATEURS VIBRANTS\u00a0\u00bb google_fonts=\u00a0\u00bbfont_family:Montserrat%3Aregular%2C700|font_style:400%20regular%3A400%3Anormal\u00a0\u00bb el_class=\u00a0\u00bbtitle\u00a0\u00bb][vc_column_text]Orientech sont des experts dans la conception et la fabrication d&rsquo;alimentateurs vibrants qui vous fournissent des solutions simples et rentables. Plus de 25 ans d&rsquo;exp\u00e9rience dans la fourniture de performances haut de gamme \u00e0 l&rsquo;industrie de l&rsquo;int\u00e9gration d&rsquo;automatisation.<\/p>\n<p>Orientech est r\u00e9put\u00e9 pour fournir des solutions qui fonctionneront comme promis.[\/vc_column_text][vc_column_text]<strong>Des performances optimales n\u00e9cessitent les bons mat\u00e9riaux dans la construction, tels que:<\/strong><\/p>\n<ul>\n<li>Bols en acier inoxydable<\/li>\n<li>Bols en acier inoxydable pour applications pharmaceutiques<\/li>\n<li>Fonte d&rsquo;aluminium<\/li>\n<li>Anodis\u00e9 dur pour prot\u00e9ger contre l&rsquo;usure<\/li>\n<\/ul>\n<p>[\/vc_column_text][vc_column_text]La conception d&rsquo;une mangeoire vibrante commence par vos pi\u00e8ces. L&rsquo;\u00e9valuation des besoins est un \u00e9l\u00e9ment essentiel du processus. Nous vous recommandons fortement de nous laisser valider la sortie d&rsquo;un composant avant de verrouiller dans la conception le reste de la ligne.<\/p>\n<p>Orientech analyse vos pi\u00e8ces pour d\u00e9terminer les caract\u00e9ristiques d&rsquo;alimentation vibratoire requises, car chaque bol vibrant est finalement con\u00e7u pour stabiliser, trier et v\u00e9rifier progressivement les pi\u00e8ces au fur et \u00e0 mesure de leur alimentation.<\/p>\n<p>Les caract\u00e9ristiques de vos pi\u00e8ces peuvent souvent n\u00e9cessiter une manipulation douce et soign\u00e9e pour que celles-ci se d\u00e9placent dans le chargeur vibrant.[\/vc_column_text][vc_column_text]<strong>La finition appropri\u00e9e est utilis\u00e9e pour votre application sp\u00e9cifique, telle que:<\/strong><\/p>\n<ul>\n<li>Rubber<\/li>\n<li>T\u00e9flon\u00ae<\/li>\n<li>\u00c9poxy<\/li>\n<li>Brushlon\u00ae<\/li>\n<li>Li\u00e8ge<\/li>\n<li>Anodisation<\/li>\n<li>\u00c9lectro-polissage<\/li>\n<li>Texture de surface<\/li>\n<li>Rev\u00eatement PTFE (polyt\u00e9trafluoro\u00e9thyl\u00e8ne)<\/li>\n<\/ul>\n<p>[\/vc_column_text][vc_column_text]Plusieurs industries, r\u00e9glementations locales et \/ ou BPF exigent le respect d&rsquo;un certain indice de d\u00e9cibels.<\/p>\n<p>Orientech propose des enceintes acoustiques en cas de besoin.<\/p>\n<p>L&rsquo;interchangeabilit\u00e9 est obtenue avec des pi\u00e8ces de changement d&rsquo;outils rapides, con\u00e7ues d\u00e8s le d\u00e9but de votre projet. Il est essentiel de fournir toutes les pi\u00e8ces souhait\u00e9es d\u00e8s le d\u00e9but, y compris la couleur ou le mat\u00e9riau, m\u00eame s&rsquo;il provient du m\u00eame outillage. Toutes les pi\u00e8ces ne r\u00e9agissent pas de la m\u00eame mani\u00e8re lorsqu&rsquo;elles sont sur une mangeoire vibrante.[\/vc_column_text][vc_column_text]<strong>Les commandes d&rsquo;options les plus courantes avec les mangeoires vibrantes Orientech comprennent:<\/strong><\/p>\n<ul>\n<li>Supports de montage;<\/li>\n<li>Housses anti-poussi\u00e8re;<\/li>\n<li>Enceintes acoustiques;<\/li>\n<li>Chutes de d\u00e9charge pour \u00abvidage rapide\u00bb;<\/li>\n<li>Portes \u00abgo \/ no-go\u00bb pour contr\u00f4ler le flux des pi\u00e8ces;<\/li>\n<li>Points d&rsquo;extraction de poussi\u00e8re;\n<ul>\n<li>pour \u00e9liminer les fines particules qui peuvent s&rsquo;\u00eatre m\u00e9lang\u00e9es au produit.<\/li>\n<\/ul>\n<\/li>\n<\/ul>\n<p>[\/vc_column_text][\/vc_column][vc_column width=\u00a0\u00bb1\/3&Prime;][vc_single_image image=\u00a0\u00bb2734&Prime; img_size=\u00a0\u00bbfull\u00a0\u00bb css_animation=\u00a0\u00bbnone\u00a0\u00bb][vc_video link=\u00a0\u00bbhttps:\/\/www.youtube.com\/watch?v=cBBujLYEZDY\u00a0\u00bb][vc_single_image image=\u00a0\u00bb5379&Prime; img_size=\u00a0\u00bblarge\u00a0\u00bb onclick=\u00a0\u00bbcustom_link\u00a0\u00bb link=\u00a0\u00bbhttps:\/\/orientech.com\/fr\/demande-de-soumission\/\u00a0\u00bb][\/vc_column][\/vc_row][vc_row][vc_column][vc_separator][\/vc_column][\/vc_row][vc_row][vc_column width=\u00a0\u00bb2\/3&Prime;][vc_custom_heading text=\u00a0\u00bbALIMENTATEURS CENTRIFUGES\u00a0\u00bb google_fonts=\u00a0\u00bbfont_family:Montserrat%3Aregular%2C700|font_style:400%20regular%3A400%3Anormal\u00a0\u00bb el_class=\u00a0\u00bbtitle\u00a0\u00bb][vc_column_text]Les doseurs centrifuges Orientech ont \u00e9t\u00e9 con\u00e7us pour livrer rapidement une large gamme de pi\u00e8ces \u00e0 des vitesses \u00e9lev\u00e9es. Les applications centrifuges sont choisies en fonction des caract\u00e9ristiques de la pi\u00e8ce.<\/p>\n<p>Orientech est r\u00e9put\u00e9 pour fournir des solutions qui fonctionneront comme promis.<\/p>\n<p>La conception d&rsquo;un syst\u00e8me centrifuge commence par vos pi\u00e8ces. L&rsquo;\u00e9valuation des besoins est un \u00e9l\u00e9ment essentiel du processus. Nous recommandons fortement de valider avec notre \u00e9quipe d&rsquo;ing\u00e9nieurs, la sortie requise d&rsquo;un composant avant de verrouiller dans la conception le reste de la ligne.<\/p>\n<p>Les doseurs centrifuges Orientech sont con\u00e7us pour r\u00e9pondre aux normes de l&rsquo;industrie 4.0 et peuvent communiquer avec votre \u00e9quipement existant.[\/vc_column_text][vc_column_text]<strong>Les options de conception finale varient en fonction de la vitesse requise, ainsi que de la fragilit\u00e9 de vos pi\u00e8ces, notamment:<\/strong><\/p>\n<ul>\n<li>Diam\u00e8tre d&rsquo;alimentation centrifuge<\/li>\n<li>Doseur centrifuge \u00e0 disque unique<\/li>\n<li>Doseur centrifuge \u00e0 double disque<\/li>\n<li>Exigences r\u00e9glementaires, telles que la FDA<\/li>\n<\/ul>\n<p>Les syst\u00e8mes centrifuges sont g\u00e9n\u00e9ralement command\u00e9s dans un syst\u00e8me d&rsquo;assemblage automatis\u00e9 complet ou dans d&rsquo;autres solutions Orientech.[\/vc_column_text][vc_column_text]<strong>Il peut s&rsquo;agir de tr\u00e9mies d&rsquo;alimentation en vrac, d&rsquo;ascenseurs et de dispositifs d&rsquo;orientation tels que:<\/strong><\/p>\n<ul>\n<li>Chute \u00e0 torsion<\/li>\n<li>Goulotte en \u00abC\u00bb<\/li>\n<li>Rouleaux de jauge<\/li>\n<li>Convoyeurs<\/li>\n<li>Roues d&rsquo;espacement<\/li>\n<\/ul>\n<p>[\/vc_column_text][vc_column_text]<strong>S\u00e9lectionnez les choix de mat\u00e9riaux utilis\u00e9s dans les doseurs centrifuges Orientech:<\/strong><\/p>\n<ul>\n<li>Construit sur un cadre en acier rigide, soud\u00e9 et peint\n<ul>\n<li>Acier inoxydable disponible pour certaines applications<\/li>\n<\/ul>\n<\/li>\n<li>U.H.M.W. disque central<\/li>\n<li>Bol en fonte d&rsquo;aluminium unique\n<ul>\n<li>anodis\u00e9 dur pour prot\u00e9ger contre l&rsquo;usure<\/li>\n<li>dispose d&rsquo;un profil incurv\u00e9 permettant au disque d&rsquo;alimentation central d&rsquo;\u00eatre r\u00e9gl\u00e9 \u00e0 des angles infiniment variables pour maximiser l&rsquo;efficacit\u00e9 de l&rsquo;alimentation<\/li>\n<li>con\u00e7u pour accepter des pi\u00e8ces plus grandes que d&rsquo;habitude<\/li>\n<\/ul>\n<\/li>\n<\/ul>\n<p>[\/vc_column_text][vc_column_text]<strong>Aussi disponible :<\/strong><\/p>\n<ul>\n<li>Roulette<\/li>\n<li>Acier inoxydable<\/li>\n<li>T\u00e9flon\u00ae<\/li>\n<li>Housses anti-poussi\u00e8re<\/li>\n<li>Des dispositifs de s\u00e9curit\u00e9<\/li>\n<\/ul>\n<p>[\/vc_column_text][\/vc_column][vc_column width=\u00a0\u00bb1\/3&Prime;][vc_single_image image=\u00a0\u00bb2604&Prime; img_size=\u00a0\u00bbmedium\u00a0\u00bb alignment=\u00a0\u00bbcenter\u00a0\u00bb][\/vc_column][\/vc_row][vc_row][vc_column][vc_separator][\/vc_column][\/vc_row][vc_row][vc_column width=\u00a0\u00bb2\/3&Prime;][vc_custom_heading text=\u00a0\u00bbALIMENTATEURS \u00c0 TR\u00c9MIE, ALIMENTATEURS \u00c0 \u00c9TAPE ET ASCENSEURS\u00a0\u00bb google_fonts=\u00a0\u00bbfont_family:Montserrat%3Aregular%2C700|font_style:400%20regular%3A400%3Anormal\u00a0\u00bb el_class=\u00a0\u00bbtitle\u00a0\u00bb][vc_column_text]Orientech con\u00e7oit et construit une vari\u00e9t\u00e9 de solutions pour r\u00e9pondre \u00e0 vos besoins d&rsquo;int\u00e9gration d&rsquo;automatisation. Les tr\u00e9mies d&rsquo;alimentation, les marches pas \u00e0 pas et les \u00e9l\u00e9vateurs sont souvent le d\u00e9but de votre processus, que ce soit pour une ligne automatis\u00e9e ou pour d&rsquo;autres utilisations.<\/p>\n<p>La partie critique de votre processus consiste \u00e0 s&rsquo;assurer que vos temps de prise sont synchronis\u00e9s pour maximiser votre sortie d&rsquo;automatisation.[\/vc_column_text][vc_column_text]<strong>Principaux avantages de l&rsquo;utilisation d&rsquo;une tr\u00e9mie d&rsquo;alimentation, d&rsquo;une tr\u00e9mie pas \u00e0 pas et \/ ou d&rsquo;un \u00e9l\u00e9vateur Orientech:<\/strong><\/p>\n<ul>\n<li>Fonctionnement en douceur pour prot\u00e9ger vos pi\u00e8ces<\/li>\n<li>Mouvement stable et continu emp\u00eachant les pi\u00e8ces de sauter<\/li>\n<li>R\u00e9duire les arr\u00eats<\/li>\n<li>Fonctionnement continu pour minimiser l&rsquo;accumulation de pi\u00e8ces sur votre ligne<\/li>\n<li>Solutions personnalis\u00e9es pour vos pi\u00e8ces<\/li>\n<\/ul>\n<p>[\/vc_column_text][vc_column_text]<strong>Disponible en plusieurs configurations pour r\u00e9pondre \u00e0 vos besoins:<\/strong><\/p>\n<ul>\n<li>Solutions sur pied<\/li>\n<li>Solutions de montage sur pied<\/li>\n<li>Solutions vibratoires<\/li>\n<li>Solutions d&rsquo;alimentation de convoyeur \u00e0 fond sous tension<\/li>\n<li>Tr\u00e9mies \u00e0 profil standard<\/li>\n<li>Tr\u00e9mies \u00e0 profil bas<\/li>\n<li>Largeurs d&rsquo;ascenseur variables<\/li>\n<li>Multitude de mat\u00e9riaux de ceinture et de crampons<\/li>\n<li>D\u00e9viateurs \u00e0 une ou plusieurs gouttes<\/li>\n<li>Roulettes en option<\/li>\n<li>Housses anti-poussi\u00e8re en option<\/li>\n<li>Solution personnalis\u00e9e, selon vos besoins<\/li>\n<\/ul>\n<p>[\/vc_column_text][vc_column_text]<strong>Structures m\u00e9talliques pour r\u00e9pondre \u00e0 vos besoins:<\/strong><\/p>\n<ul>\n<li>Acier inoxydable de plusieurs qualit\u00e9s<\/li>\n<li>Soudures continues avec une multitude de finitions pour r\u00e9pondre \u00e0 vos besoins<\/li>\n<li>Finition peinte\n<ul>\n<li>Des finitions peintes personnalis\u00e9es en option sont disponibles<\/li>\n<\/ul>\n<\/li>\n<\/ul>\n<p>[\/vc_column_text][\/vc_column][vc_column width=\u00a0\u00bb1\/3&Prime;][vc_single_image image=\u00a0\u00bb2710&Prime; img_size=\u00a0\u00bbmedium\u00a0\u00bb alignment=\u00a0\u00bbcenter\u00a0\u00bb][vc_single_image image=\u00a0\u00bb5379&Prime; img_size=\u00a0\u00bblarge\u00a0\u00bb onclick=\u00a0\u00bbcustom_link\u00a0\u00bb link=\u00a0\u00bbhttps:\/\/orientech.com\/fr\/demande-de-soumission\/\u00a0\u00bb][\/vc_column][\/vc_row][vc_row][vc_column width=\u00a0\u00bb2\/3&Prime;][\/vc_column][vc_column width=\u00a0\u00bb1\/3&Prime;][\/vc_column][\/vc_row]<\/p>\n<\/div>","protected":false},"excerpt":{"rendered":"<p>[vc_row][vc_column width=\u00a0\u00bb2\/3&Prime;][vc_custom_heading text=\u00a0\u00bbALIMENTATEURS VIBRANTS\u00a0\u00bb google_fonts=\u00a0\u00bbfont_family:Montserrat%3Aregular%2C700|font_style:400%20regular%3A400%3Anormal\u00a0\u00bb el_class=\u00a0\u00bbtitle\u00a0\u00bb][vc_column_text]Orientech sont des experts dans la conception et la fabrication d&rsquo;alimentateurs vibrants qui vous fournissent des solutions simples et rentables. Plus de 25 ans d&rsquo;exp\u00e9rience dans la fourniture de performances haut de gamme \u00e0 l&rsquo;industrie &hellip;<\/p>\n","protected":false},"author":1,"featured_media":0,"parent":4528,"menu_order":0,"comment_status":"closed","ping_status":"closed","template":"","meta":{"_monsterinsights_skip_tracking":false,"_monsterinsights_sitenote_active":false,"_monsterinsights_sitenote_note":"","_monsterinsights_sitenote_category":0,"footnotes":""},"class_list":["post-4542","page","type-page","status-publish","hentry"],"_links":{"self":[{"href":"https:\/\/orientech.com\/fr\/wp-json\/wp\/v2\/pages\/4542","targetHints":{"allow":["GET"]}}],"collection":[{"href":"https:\/\/orientech.com\/fr\/wp-json\/wp\/v2\/pages"}],"about":[{"href":"https:\/\/orientech.com\/fr\/wp-json\/wp\/v2\/types\/page"}],"author":[{"embeddable":true,"href":"https:\/\/orientech.com\/fr\/wp-json\/wp\/v2\/users\/1"}],"replies":[{"embeddable":true,"href":"https:\/\/orientech.com\/fr\/wp-json\/wp\/v2\/comments?post=4542"}],"version-history":[{"count":0,"href":"https:\/\/orientech.com\/fr\/wp-json\/wp\/v2\/pages\/4542\/revisions"}],"up":[{"embeddable":true,"href":"https:\/\/orientech.com\/fr\/wp-json\/wp\/v2\/pages\/4528"}],"wp:attachment":[{"href":"https:\/\/orientech.com\/fr\/wp-json\/wp\/v2\/media?parent=4542"}],"curies":[{"name":"wp","href":"https:\/\/api.w.org\/{rel}","templated":true}]}}