{"id":4545,"date":"2020-03-26T22:31:16","date_gmt":"2020-03-26T22:31:16","guid":{"rendered":"https:\/\/orientech.com\/solutions\/empilage-et-emballage\/"},"modified":"2020-09-08T17:35:07","modified_gmt":"2020-09-08T17:35:07","slug":"empilage-et-emballage","status":"publish","type":"page","link":"https:\/\/orientech.com\/fr\/solutions\/empilage-et-emballage\/","title":{"rendered":"Empilage et emballage"},"content":{"rendered":"<div class=\"wpb-content-wrapper\"><p>[vc_row][vc_column width=\u00a0\u00bb2\/3&Prime;][vc_custom_heading text=\u00a0\u00bbSYST\u00c8ME D&rsquo;EMPILAGE ET D&rsquo;EMBALLAGE\u00a0\u00bb google_fonts=\u00a0\u00bbfont_family:Montserrat%3Aregular%2C700|font_style:400%20regular%3A400%3Anormal\u00a0\u00bb el_class=\u00a0\u00bbtitle\u00a0\u00bb][vc_empty_space][vc_column_text]Le syst\u00e8me d&#8217;empilage et d&#8217;emballage Orientech ajoute de la valeur \u00e0 vos clients en vous proposant de r\u00e9duire leurs co\u00fbts, que ce soit pour s\u00e9curiser votre entreprise, augmenter vos marges et \/ ou am\u00e9liorer la qualit\u00e9 des pi\u00e8ces.<\/p>\n<p>Les solutions d&#8217;empilage et d&#8217;emballage sont souvent exclues de l&rsquo;int\u00e9gration de l&rsquo;automatisation, car elle est suppos\u00e9e \u00eatre co\u00fbteuse. Une analyse appropri\u00e9e de votre Value Stream Mapping (VSM) peut entra\u00eener l&rsquo;\u00e9limination du gaspillage dans votre flux de travail. Selon la g\u00e9om\u00e9trie de vos pi\u00e8ces, <strong>les frais de port \u00e0 eux seuls peuvent \u00eatre r\u00e9duits de 40%.<\/strong>[\/vc_column_text][vc_column_text]<strong>Les op\u00e9rations typiques d&rsquo;\u00e9limination des d\u00e9chets comprennent:<\/strong><\/p>\n<ul>\n<li>NVA; Op\u00e9rations sans valeur ajout\u00e9e, telles que l&rsquo;attente<\/li>\n<li>NNVA; Op\u00e9rations n\u00e9cessaires mais sans valeur ajout\u00e9e qui, dans le cadre de votre processus actuel, sont n\u00e9cessaires<\/li>\n<li>VIRGINIE; Op\u00e9rations normalement effectu\u00e9es par du travail manuel qui peuvent \u00eatre am\u00e9lior\u00e9es en int\u00e9grant l&rsquo;automatisation \u00e0 vos op\u00e9rations<\/li>\n<\/ul>\n<p>[\/vc_column_text][vc_column_text]<strong>Principaux avantages de l&rsquo;int\u00e9gration d&rsquo;un syst\u00e8me d&#8217;empilage et d&#8217;emballage Orientech \u00e0 votre ligne automatis\u00e9e:<\/strong><\/p>\n<ul>\n<li>Grande opportunit\u00e9 de r\u00e9duction des co\u00fbts dans votre processus en \u00e9liminant toute manipulation des pi\u00e8ces par les op\u00e9rateurs<\/li>\n<li>Am\u00e9liorez la s\u00e9curit\u00e9 du personnel en \u00e9liminant les mouvements inutiles et les t\u00e2ches r\u00e9p\u00e9titives non ergonomiques<\/li>\n<li>R\u00e9duire les temps d&rsquo;attente en ne faisant pas avancer vos pi\u00e8ces dans votre processus de fa\u00e7on continue<\/li>\n<li>R\u00e9duisez la double manipulation et les mouvements excessifs de vos pi\u00e8ces<\/li>\n<li>R\u00e9duisez les d\u00e9lais de traitement tout en augmentant le chiffre d&rsquo;affaires<\/li>\n<li>R\u00e9duisez les stocks exc\u00e9dentaires et le co\u00fbt de transport des stocks<\/li>\n<li>R\u00e9duisez le nombre de rejets dans votre \u00e9tablissement plut\u00f4t que chez votre client<\/li>\n<li>R\u00e9duction de l&rsquo;espace utilis\u00e9 dans votre emballage<\/li>\n<li>Prot\u00e9gez vos pi\u00e8ces pour l&rsquo;exp\u00e9dition en les empilant correctement dans leur emballage<\/li>\n<\/ul>\n<p>[\/vc_column_text][vc_column_text]<strong>Les fonctionnalit\u00e9s des syst\u00e8mes d&#8217;empilage et d&#8217;emballage Orientech incluent souvent plusieurs solutions technologiques, telles que:<\/strong><\/p>\n<ul>\n<li>Alimentation, par Orientech<\/li>\n<li>Tri, par Orientech<\/li>\n<li>Positionnement, par Orientech<\/li>\n<li>Orienting, par Orientech<\/li>\n<li>Convoyeur, par DORNER<\/li>\n<li>Inspection visuelle, par KEYENCE<\/li>\n<li>Int\u00e9gration FANUC Robotics<\/li>\n<li>Bo\u00eetes de vitesses, par Orientech<\/li>\n<li>Pince \u00e0 sacs \/ placement, par Orientech<\/li>\n<li>Installation et formation, par Orientech<\/li>\n<\/ul>\n<p>[\/vc_column_text][\/vc_column][vc_column width=\u00a0\u00bb1\/3&Prime;][vc_single_image image=\u00a0\u00bb2567&Prime; img_size=\u00a0\u00bbmedium\u00a0\u00bb alignment=\u00a0\u00bbcenter\u00a0\u00bb css_animation=\u00a0\u00bbnone\u00a0\u00bb][vc_video link=\u00a0\u00bbhttps:\/\/www.youtube.com\/watch?v=xwVlcMRy1ss\u00a0\u00bb align=\u00a0\u00bbcenter\u00a0\u00bb][vc_single_image image=\u00a0\u00bb5379&Prime; img_size=\u00a0\u00bblarge\u00a0\u00bb onclick=\u00a0\u00bbcustom_link\u00a0\u00bb link=\u00a0\u00bbhttps:\/\/orientech.com\/fr\/demande-de-soumission\/\u00a0\u00bb][\/vc_column][\/vc_row][vc_row][vc_column width=\u00a0\u00bb2\/3&Prime;][vc_column_text]Orientech proposera ce qui convient le mieux \u00e0 vos besoins d&rsquo;int\u00e9gration d&rsquo;automatisation, qu&rsquo;il s&rsquo;agisse de semi-automatisation d&rsquo;entr\u00e9e de gamme ou de syst\u00e8mes d&rsquo;assemblage enti\u00e8rement automatis\u00e9s.<\/p>\n<p>Chaque projet d&rsquo;int\u00e9gration d&rsquo;automatisation a son propre retour sur investissement; quelle solution d&rsquo;int\u00e9gration d&rsquo;automatisation correspond \u00e0 vos besoins?[\/vc_column_text][\/vc_column][vc_column width=\u00a0\u00bb1\/3&Prime;][\/vc_column][\/vc_row][vc_row][vc_column width=\u00a0\u00bb2\/3&Prime;][\/vc_column][vc_column width=\u00a0\u00bb1\/3&Prime;][\/vc_column][\/vc_row]<\/p>\n<\/div>","protected":false},"excerpt":{"rendered":"<p>[vc_row][vc_column width=\u00a0\u00bb2\/3&Prime;][vc_custom_heading text=\u00a0\u00bbSYST\u00c8ME D&rsquo;EMPILAGE ET D&rsquo;EMBALLAGE\u00a0\u00bb google_fonts=\u00a0\u00bbfont_family:Montserrat%3Aregular%2C700|font_style:400%20regular%3A400%3Anormal\u00a0\u00bb el_class=\u00a0\u00bbtitle\u00a0\u00bb][vc_empty_space][vc_column_text]Le syst\u00e8me d&#8217;empilage et d&#8217;emballage Orientech ajoute de la valeur \u00e0 vos clients en vous proposant de r\u00e9duire leurs co\u00fbts, que ce soit pour s\u00e9curiser votre entreprise, augmenter vos marges et \/ ou &hellip;<\/p>\n","protected":false},"author":1,"featured_media":0,"parent":4528,"menu_order":0,"comment_status":"closed","ping_status":"closed","template":"","meta":{"_monsterinsights_skip_tracking":false,"_monsterinsights_sitenote_active":false,"_monsterinsights_sitenote_note":"","_monsterinsights_sitenote_category":0,"footnotes":""},"class_list":["post-4545","page","type-page","status-publish","hentry"],"_links":{"self":[{"href":"https:\/\/orientech.com\/fr\/wp-json\/wp\/v2\/pages\/4545","targetHints":{"allow":["GET"]}}],"collection":[{"href":"https:\/\/orientech.com\/fr\/wp-json\/wp\/v2\/pages"}],"about":[{"href":"https:\/\/orientech.com\/fr\/wp-json\/wp\/v2\/types\/page"}],"author":[{"embeddable":true,"href":"https:\/\/orientech.com\/fr\/wp-json\/wp\/v2\/users\/1"}],"replies":[{"embeddable":true,"href":"https:\/\/orientech.com\/fr\/wp-json\/wp\/v2\/comments?post=4545"}],"version-history":[{"count":0,"href":"https:\/\/orientech.com\/fr\/wp-json\/wp\/v2\/pages\/4545\/revisions"}],"up":[{"embeddable":true,"href":"https:\/\/orientech.com\/fr\/wp-json\/wp\/v2\/pages\/4528"}],"wp:attachment":[{"href":"https:\/\/orientech.com\/fr\/wp-json\/wp\/v2\/media?parent=4545"}],"curies":[{"name":"wp","href":"https:\/\/api.w.org\/{rel}","templated":true}]}}