{"id":4548,"date":"2020-03-26T22:34:18","date_gmt":"2020-03-26T22:34:18","guid":{"rendered":"https:\/\/orientech.com\/solutions\/machines-dassemblage-automatisees-cle-en-main\/"},"modified":"2020-09-08T17:31:51","modified_gmt":"2020-09-08T17:31:51","slug":"machines-dassemblage-automatisees-cle-en-main","status":"publish","type":"page","link":"https:\/\/orientech.com\/fr\/solutions\/machines-dassemblage-automatisees-cle-en-main\/","title":{"rendered":"Machines d&rsquo;assemblage automatis\u00e9es cl\u00e9 en main"},"content":{"rendered":"<div class=\"wpb-content-wrapper\"><p>[vc_row][vc_column width=\u00a0\u00bb2\/3&Prime;][vc_custom_heading text=\u00a0\u00bbDES ASSEMBLAGES COMPLIQU\u00c9S RENDUS FACILES\u00a0\u00bb google_fonts=\u00a0\u00bbfont_family:Montserrat%3Aregular%2C700|font_style:400%20regular%3A400%3Anormal\u00a0\u00bb el_class=\u00a0\u00bbtitle\u00a0\u00bb][vc_column_text]Les syst\u00e8mes d&rsquo;assemblage personnalis\u00e9s, avec des options de changement rapide d&rsquo;outils disponibles, sont con\u00e7us et construits pour garantir un temps d&rsquo;arr\u00eat minimal lors du passage des mod\u00e8les en cours d&rsquo;assemblage.[\/vc_column_text][vc_column_text]<\/p>\n<div class=\"vc_empty_space\">\n<p>La vitesse est souvent la raison pour laquelle les entreprises se tournent vers l&rsquo;automatisation. Cependant, la concurrence n&rsquo;a plus de fronti\u00e8res et la vitesse n&rsquo;a pas \u00e9t\u00e9 la seule raison d&rsquo;utiliser une machine d&rsquo;assemblage automatis\u00e9e. Au contraire, la pr\u00e9cision et la qualit\u00e9 conduisent souvent \u00e0 l&rsquo;automatisation des processus r\u00e9p\u00e9titifs sans valeur ajout\u00e9e (NVA).<\/p>\n<p>Les machines d&rsquo;assemblage cl\u00e9 en main Orientech peuvent \u00eatre enti\u00e8rement automatis\u00e9es ou semi-automatis\u00e9es.<\/p>\n<p>Les solutions d&rsquo;int\u00e9gration semi-automatis\u00e9es sont une excellente alternative en cas de contraintes budg\u00e9taires et \/ ou pour entrer dans l&rsquo;automatisation pour effectuer des op\u00e9rations r\u00e9p\u00e9titives et pr\u00e9cises dans votre processus.<\/p><\/div>\n<p>[\/vc_column_text][vc_column_text]<strong>Les syst\u00e8mes d&rsquo;assemblage Orientech sont disponibles avec diff\u00e9rentes technologies pour s&rsquo;adapter aux exigences et aux besoins budg\u00e9taires de votre int\u00e9gration d&rsquo;automatisation:<\/strong><\/p>\n<ul>\n<li>Placement<\/li>\n<li>Insertion<\/li>\n<li>Pression<br \/>\nTables d&rsquo;indexation rotatives \u00e0 mouvement<\/li>\n<li>Tables d&rsquo;action rotatives \u00e0 mouvement continu<\/li>\n<li>Indexation des syst\u00e8mes lin\u00e9aires de mouvement<\/li>\n<\/ul>\n<p>[\/vc_column_text][vc_column_text]<strong>Les composants peuvent \u00eatre s\u00e9curis\u00e9s avec diff\u00e9rentes solutions, notamment:<\/strong><\/p>\n<ul>\n<li>Solutions d&rsquo;application adh\u00e9sive<\/li>\n<li>Solutions de sertissage<\/li>\n<li>Solutions de refendage<\/li>\n<li>Solutions de forage<\/li>\n<li>Solutions de taraudage<\/li>\n<li>Solutions de vissage<\/li>\n<li>Solutions de soudage<\/li>\n<li>Solutions de scellage par ultrasons<\/li>\n<li>Solutions d&rsquo;\u00e9tanch\u00e9it\u00e9 par induction<\/li>\n<\/ul>\n<p>[\/vc_column_text][\/vc_column][vc_column width=\u00a0\u00bb1\/3&Prime;][vc_single_image image=\u00a0\u00bb2870&Prime; img_size=\u00a0\u00bbfull\u00a0\u00bb add_caption=\u00a0\u00bbyes\u00a0\u00bb][vc_video link=\u00a0\u00bbhttps:\/\/www.youtube.com\/watch?v=4WrurhzsBMo\u00a0\u00bb][vc_single_image image=\u00a0\u00bb5379&Prime; img_size=\u00a0\u00bblarge\u00a0\u00bb onclick=\u00a0\u00bbcustom_link\u00a0\u00bb link=\u00a0\u00bbhttps:\/\/orientech.com\/fr\/demande-de-soumission\/\u00a0\u00bb][\/vc_column][\/vc_row][vc_row][vc_column width=\u00a0\u00bb2\/3&Prime;][vc_column_text]Pour am\u00e9liorer l&rsquo;efficacit\u00e9, que ce soit \u00e0 des fins de qualit\u00e9 ou pour des composants difficiles \u00e0 positionner en raison de tol\u00e9rances serr\u00e9es, des solutions d&rsquo;inspection visuelle sont disponibles pour \u00eatre utilis\u00e9es tout au long du processus pour le classement automatis\u00e9 ou le syst\u00e8me de rejet.<\/p>\n<p>Pendant que les composants ou les assemblages complets sont manipul\u00e9s par votre syst\u00e8me d&rsquo;assemblage automatis\u00e9, nous recommandons, \u00e0 des fins de co\u00fbt, d&rsquo;ajouter vos besoins de marquage, de codage ou d&rsquo;\u00e9tiquetage dans les op\u00e9rations, tels que:<\/p>\n<ul>\n<li>Solutions de marquage<\/li>\n<li>Solutions de codage<\/li>\n<li>Solutions d&rsquo;\u00e9tiquetage<\/li>\n<li>Solutions d&#8217;emballage<\/li>\n<\/ul>\n<p>[\/vc_column_text][vc_column_text]Polyvalence con\u00e7ue dans votre machine d&rsquo;assemblage automatis\u00e9e cl\u00e9 en main pour r\u00e9duire les temps d&rsquo;arr\u00eat. Un investissement suppl\u00e9mentaire pour un meilleur retour sur investissement (ROI) est un avantage de co\u00fbt permettant de produire \/ assembler plus d&rsquo;une r\u00e9f\u00e9rence sur le m\u00eame \u00e9quipement. Envisagez d&rsquo;investir d\u00e8s le d\u00e9part pour augmenter vos revenus en utilisant l&rsquo;automatisation.<\/p>\n<p><strong>Certaines fonctionnalit\u00e9s disponibles incluent:<\/strong><\/p>\n<ul>\n<li>Outillage interchangeable<\/li>\n<li>Solutions d&rsquo;outillage \u00e0 changement rapide sans avoir \u00e0 r\u00e9ajuster les param\u00e8tres<\/li>\n<li>Options de r\u00e9outillage<\/li>\n<li>Purge de produit en fin de cycle<\/li>\n<li>Points de nettoyage<\/li>\n<\/ul>\n<p>[\/vc_column_text][\/vc_column][vc_column width=\u00a0\u00bb1\/3&Prime;][\/vc_column][\/vc_row][vc_row][vc_column width=\u00a0\u00bb2\/3&Prime;][vc_column_text]La facilit\u00e9 d&rsquo;utilisation de votre \u00e9quipement d&rsquo;automatisation est un facteur important \u00e0 consid\u00e9rer, y compris les commandes. Personnalisez vos fonctions avec une s\u00e9lection d&rsquo;IHM \u00e0 \u00e9cran tactile pour les utilisateurs, et incluez \u00e9galement des programmes de maintenance pr\u00e9ventive. Des messages d&rsquo;erreur peuvent \u00eatre programm\u00e9s pour aider les op\u00e9rateurs \u00e0 prendre des mesures avant de reprendre l&rsquo;op\u00e9ration, ou pour les transmettre \u00e0 un superviseur.<\/p>\n<p>La s\u00e9curit\u00e9 est d&rsquo;une grande importance dans toute op\u00e9ration. La suppression de l&rsquo;acc\u00e8s aux zones dangereuses, avec des barri\u00e8res physiques, ainsi que l&rsquo;automatisation des arr\u00eats en cas de violation, sont de bonnes pratiques de fabrication con\u00e7ues pour la s\u00e9curit\u00e9 de tous. Personnalisez les niveaux de s\u00fbret\u00e9 et de s\u00e9curit\u00e9 de votre machine d&rsquo;assemblage automatis\u00e9e avec une vari\u00e9t\u00e9 de technologies avec des contr\u00f4leurs pour communiquer avec toutes les zones de votre machine d&rsquo;assemblage automatis\u00e9e, que ce soit pour un arr\u00eat d&rsquo;urgence (arr\u00eat d&rsquo;urgence) ou pour d&rsquo;autres raisons.[\/vc_column_text][vc_column_text]<strong>Les types courants de syst\u00e8mes de s\u00e9curit\u00e9 int\u00e9gr\u00e9s par Orientech comprennent:<\/strong><\/p>\n<ul>\n<li>Barri\u00e8res immat\u00e9rielles de s\u00e9curit\u00e9<\/li>\n<li>Scanners laser de s\u00e9curit\u00e9<\/li>\n<li>Syst\u00e8mes de verrouillage de s\u00e9curit\u00e9<\/li>\n<li>Syst\u00e8mes de verrouillage magn\u00e9tique<\/li>\n<li>Syst\u00e8mes d&rsquo;arr\u00eat d&rsquo;urgence<\/li>\n<li>Contr\u00f4leur de s\u00e9curit\u00e9 pour arr\u00eats d&rsquo;urgence et \/ ou tout autre dispositif de s\u00e9curit\u00e9<\/li>\n<\/ul>\n<p>[\/vc_column_text][\/vc_column][vc_column width=\u00a0\u00bb1\/3&Prime;][vc_single_image image=\u00a0\u00bb2892&Prime; img_size=\u00a0\u00bbfull\u00a0\u00bb][\/vc_column][\/vc_row][vc_row][vc_column width=\u00a0\u00bb2\/3&Prime;][\/vc_column][vc_column width=\u00a0\u00bb1\/3&Prime;][\/vc_column][\/vc_row]<\/p>\n<\/div>","protected":false},"excerpt":{"rendered":"<p>[vc_row][vc_column width=\u00a0\u00bb2\/3&Prime;][vc_custom_heading text=\u00a0\u00bbDES ASSEMBLAGES COMPLIQU\u00c9S RENDUS FACILES\u00a0\u00bb google_fonts=\u00a0\u00bbfont_family:Montserrat%3Aregular%2C700|font_style:400%20regular%3A400%3Anormal\u00a0\u00bb el_class=\u00a0\u00bbtitle\u00a0\u00bb][vc_column_text]Les syst\u00e8mes d&rsquo;assemblage personnalis\u00e9s, avec des options de changement rapide d&rsquo;outils disponibles, sont con\u00e7us et construits pour garantir un temps d&rsquo;arr\u00eat minimal lors du passage des mod\u00e8les en cours d&rsquo;assemblage.[\/vc_column_text][vc_column_text] La vitesse &hellip;<\/p>\n","protected":false},"author":1,"featured_media":0,"parent":4528,"menu_order":0,"comment_status":"closed","ping_status":"closed","template":"","meta":{"_monsterinsights_skip_tracking":false,"_monsterinsights_sitenote_active":false,"_monsterinsights_sitenote_note":"","_monsterinsights_sitenote_category":0,"footnotes":""},"class_list":["post-4548","page","type-page","status-publish","hentry"],"_links":{"self":[{"href":"https:\/\/orientech.com\/fr\/wp-json\/wp\/v2\/pages\/4548","targetHints":{"allow":["GET"]}}],"collection":[{"href":"https:\/\/orientech.com\/fr\/wp-json\/wp\/v2\/pages"}],"about":[{"href":"https:\/\/orientech.com\/fr\/wp-json\/wp\/v2\/types\/page"}],"author":[{"embeddable":true,"href":"https:\/\/orientech.com\/fr\/wp-json\/wp\/v2\/users\/1"}],"replies":[{"embeddable":true,"href":"https:\/\/orientech.com\/fr\/wp-json\/wp\/v2\/comments?post=4548"}],"version-history":[{"count":0,"href":"https:\/\/orientech.com\/fr\/wp-json\/wp\/v2\/pages\/4548\/revisions"}],"up":[{"embeddable":true,"href":"https:\/\/orientech.com\/fr\/wp-json\/wp\/v2\/pages\/4528"}],"wp:attachment":[{"href":"https:\/\/orientech.com\/fr\/wp-json\/wp\/v2\/media?parent=4548"}],"curies":[{"name":"wp","href":"https:\/\/api.w.org\/{rel}","templated":true}]}}