{"id":4555,"date":"2020-03-26T22:38:06","date_gmt":"2020-03-26T22:38:06","guid":{"rendered":"https:\/\/orientech.com\/accueil\/"},"modified":"2020-10-28T17:33:00","modified_gmt":"2020-10-28T17:33:00","slug":"accueil","status":"publish","type":"page","link":"https:\/\/orientech.com\/fr\/","title":{"rendered":"Accueil"},"content":{"rendered":"<div class=\"wpb-content-wrapper\"><p>[vc_row full_width=\u00a0\u00bbstretch_row\u00a0\u00bb css_animation=\u00a0\u00bbnone\u00a0\u00bb css=\u00a0\u00bb.vc_custom_1603906369660{margin-top: -70px !important;margin-bottom: 0px !important;padding-bottom: 70px !important;}\u00a0\u00bb][vc_column]\n\t\t\t<!-- START PAGE DACCUEIL REVOLUTION SLIDER 6.7.12 --><p class=\"rs-p-wp-fix\"><\/p>\n\t\t\t<rs-module-wrap id=\"rev_slider_11_1_wrapper\" data-source=\"gallery\" style=\"visibility:hidden;background:transparent;padding:0;margin:0px auto;margin-top:0;margin-bottom:0;\">\n\t\t\t\t<rs-module id=\"rev_slider_11_1\" style=\"\" data-version=\"6.7.12\">\n\t\t\t\t\t<rs-slides style=\"overflow: hidden; position: absolute;\">\n\t\t\t\t\t\t<rs-slide style=\"position: absolute;\" data-key=\"rs-18\" data-title=\"Slide\" data-anim=\"ms:600ms;r:0;\" data-in=\"o:0;\" data-out=\"a:false;\">\n\t\t\t\t\t\t\t<img decoding=\"async\" src=\"\/\/orientech.com\/wp-content\/plugins\/revslider\/sr6\/assets\/assets\/dummy.png\" alt=\"\" title=\"image1\" width=\"1904\" height=\"716\" class=\"rev-slidebg tp-rs-img rs-lazyload\" data-lazyload=\"\/\/orientech.com\/wp-content\/uploads\/2020\/11\/image1.jpg\" data-bg=\"p:right top;\" data-parallax=\"off\" data-no-retina>\n<!--\n\t\t\t\t\t\t\t--><a\n\t\t\t\t\t\t\t\tid=\"slider-11-slide-18-layer-4\" \n\t\t\t\t\t\t\t\tclass=\"rs-layer rev-btn\"\n\t\t\t\t\t\t\t\thref=\"https:\/\/orientech.com\/fr\/demande-de-soumission\/\" target=\"_self\" rel=\"nofollow\"\n\t\t\t\t\t\t\t\tdata-type=\"button\"\n\t\t\t\t\t\t\t\tdata-rsp_ch=\"on\"\n\t\t\t\t\t\t\t\tdata-xy=\"x:r,r,c,c;xo:867px,867px,0,0;yo:621px,621px,792px,504px;\"\n\t\t\t\t\t\t\t\tdata-text=\"w:normal;s:21,21,20,12;l:57,57,57,34;fw:500;\"\n\t\t\t\t\t\t\t\tdata-dim=\"minh:0,0,none,none;\"\n\t\t\t\t\t\t\t\tdata-padding=\"r:52,52,52,32;l:52,52,52,32;\"\n\t\t\t\t\t\t\t\tdata-border=\"bor:3px,3px,3px,3px;\"\n\t\t\t\t\t\t\t\tdata-frame_999=\"o:0;st:w;\"\n\t\t\t\t\t\t\t\tdata-frame_hover=\"bgc:#007aff;bor:3px,3px,3px,3px;sp:100;e:power1.inOut;bri:120%;\"\n\t\t\t\t\t\t\t\tstyle=\"z-index:10;background-color:#009933;font-family:'Roboto';\"\n\t\t\t\t\t\t\t>BESOIN D'UNE SOUMISSION \n\t\t\t\t\t\t\t<\/a><!--\n\n\t\t\t\t\t\t\t--><rs-layer\n\t\t\t\t\t\t\t\tid=\"slider-11-slide-18-layer-9\" \n\t\t\t\t\t\t\t\tdata-type=\"text\"\n\t\t\t\t\t\t\t\tdata-rsp_ch=\"on\"\n\t\t\t\t\t\t\t\tdata-xy=\"x:r,r,c,c;xo:404px,404px,0,2px;y:m;yo:43px,43px,63px,16px;\"\n\t\t\t\t\t\t\t\tdata-text=\"w:normal;s:47,47,35,26;l:66,66,75,46;fw:700;a:left,left,center,center;\"\n\t\t\t\t\t\t\t\tdata-dim=\"w:834px,834px,581px,435px;h:auto,auto,auto,164px;\"\n\t\t\t\t\t\t\t\tdata-frame_999=\"o:0;st:w;sR:8700;\"\n\t\t\t\t\t\t\t\tstyle=\"z-index:9;font-family:'Heebo';\"\n\t\t\t\t\t\t\t><h2>TRAVAILLONS MIEUX!<h2>\n<h3>Nous sommes les experts dans la conception et la fabrication de solutions automatis\u00e9es sur mesure.<\/h3>\n<p>Mettez-nous au d\u00e9fi et amenez-nous les pi\u00e8ces, nous vous proposerons des solutions <br>d\u2019alimentation, d\u2019orientation, d\u2019assemblage et d\u2019empilage!<\/p> \n\t\t\t\t\t\t\t<\/rs-layer><!--\n-->\t\t\t\t\t<\/rs-slide>\n\t\t\t\t\t\t<rs-slide style=\"position: absolute;\" data-key=\"rs-31\" data-title=\"Slide\" data-anim=\"ms:600ms;r:0;\" data-in=\"o:0;\" data-out=\"a:false;\">\n\t\t\t\t\t\t\t<img decoding=\"async\" src=\"\/\/orientech.com\/wp-content\/plugins\/revslider\/sr6\/assets\/assets\/dummy.png\" alt=\"\" title=\"image2\" width=\"1904\" height=\"716\" class=\"rev-slidebg tp-rs-img rs-lazyload\" data-lazyload=\"\/\/orientech.com\/wp-content\/uploads\/2020\/11\/image2.jpg\" data-bg=\"p:right top;\" data-parallax=\"off\" data-no-retina>\n<!--\n\t\t\t\t\t\t\t--><a\n\t\t\t\t\t\t\t\tid=\"slider-11-slide-31-layer-4\" \n\t\t\t\t\t\t\t\tclass=\"rs-layer rev-btn\"\n\t\t\t\t\t\t\t\thref=\"https:\/\/orientech.com\/fr\/demande-de-soumission\/\" target=\"_self\" rel=\"nofollow\"\n\t\t\t\t\t\t\t\tdata-type=\"button\"\n\t\t\t\t\t\t\t\tdata-rsp_ch=\"on\"\n\t\t\t\t\t\t\t\tdata-xy=\"x:r,r,c,c;xo:867px,867px,0,0;yo:631px,631px,792px,504px;\"\n\t\t\t\t\t\t\t\tdata-text=\"w:normal;s:21,21,20,12;l:57,57,57,34;fw:500;\"\n\t\t\t\t\t\t\t\tdata-dim=\"minh:0,0,none,none;\"\n\t\t\t\t\t\t\t\tdata-padding=\"r:52,52,52,32;l:52,52,52,32;\"\n\t\t\t\t\t\t\t\tdata-border=\"bor:3px,3px,3px,3px;\"\n\t\t\t\t\t\t\t\tdata-frame_999=\"o:0;st:w;\"\n\t\t\t\t\t\t\t\tdata-frame_hover=\"bgc:#007aff;bor:3px,3px,3px,3px;sp:100;e:power1.inOut;bri:120%;\"\n\t\t\t\t\t\t\t\tstyle=\"z-index:10;background-color:#009933;font-family:'Roboto';\"\n\t\t\t\t\t\t\t>BESOIN D'UNE SOUMISSION \n\t\t\t\t\t\t\t<\/a><!--\n\n\t\t\t\t\t\t\t--><rs-layer\n\t\t\t\t\t\t\t\tid=\"slider-11-slide-31-layer-9\" \n\t\t\t\t\t\t\t\tdata-type=\"text\"\n\t\t\t\t\t\t\t\tdata-rsp_ch=\"on\"\n\t\t\t\t\t\t\t\tdata-xy=\"x:r,r,c,c;xo:404px,404px,0,2px;y:m;yo:33px,33px,63px,16px;\"\n\t\t\t\t\t\t\t\tdata-text=\"w:normal;s:47,47,35,26;l:66,66,75,46;fw:700;a:left,left,center,center;\"\n\t\t\t\t\t\t\t\tdata-dim=\"w:834px,834px,581px,435px;h:auto,auto,auto,164px;\"\n\t\t\t\t\t\t\t\tdata-frame_999=\"o:0;st:w;sR:8700;\"\n\t\t\t\t\t\t\t\tstyle=\"z-index:9;font-family:'Heebo';\"\n\t\t\t\t\t\t\t><h2>BOLS VIBRANTS ET CENTRIFUGES<h2>\n<h3>Orientech a plus de 25 ans d\u2019exp\u00e9rience<br> dans le domaine!<\/h3>\n<p>Nous sommes les experts dans la conception et la fabrication<br> de bols vibrants et centrifuges!\n<\/p> \n\t\t\t\t\t\t\t<\/rs-layer><!--\n-->\t\t\t\t\t<\/rs-slide>\n\t\t\t\t\t\t<rs-slide style=\"position: absolute;\" data-key=\"rs-32\" data-title=\"Slide\" data-anim=\"ms:600ms;r:0;\" data-in=\"o:0;\" data-out=\"a:false;\">\n\t\t\t\t\t\t\t<img decoding=\"async\" src=\"\/\/orientech.com\/wp-content\/plugins\/revslider\/sr6\/assets\/assets\/dummy.png\" alt=\"\" title=\"image3\" width=\"1904\" height=\"716\" class=\"rev-slidebg tp-rs-img rs-lazyload\" data-lazyload=\"\/\/orientech.com\/wp-content\/uploads\/2020\/11\/image3.jpg\" data-bg=\"p:right top;\" data-parallax=\"off\" data-no-retina>\n<!--\n\t\t\t\t\t\t\t--><a\n\t\t\t\t\t\t\t\tid=\"slider-11-slide-32-layer-4\" \n\t\t\t\t\t\t\t\tclass=\"rs-layer rev-btn\"\n\t\t\t\t\t\t\t\thref=\"https:\/\/orientech.com\/fr\/demande-de-soumission\/\" target=\"_self\" rel=\"nofollow\"\n\t\t\t\t\t\t\t\tdata-type=\"button\"\n\t\t\t\t\t\t\t\tdata-rsp_ch=\"on\"\n\t\t\t\t\t\t\t\tdata-xy=\"x:r,r,c,c;xo:867px,867px,0,0;yo:631px,631px,792px,504px;\"\n\t\t\t\t\t\t\t\tdata-text=\"w:normal;s:21,21,20,12;l:57,57,57,34;fw:500;\"\n\t\t\t\t\t\t\t\tdata-dim=\"minh:0,0,none,none;\"\n\t\t\t\t\t\t\t\tdata-padding=\"r:52,52,52,32;l:52,52,52,32;\"\n\t\t\t\t\t\t\t\tdata-border=\"bor:3px,3px,3px,3px;\"\n\t\t\t\t\t\t\t\tdata-frame_999=\"o:0;st:w;\"\n\t\t\t\t\t\t\t\tdata-frame_hover=\"bgc:#007aff;bor:3px,3px,3px,3px;sp:100;e:power1.inOut;bri:120%;\"\n\t\t\t\t\t\t\t\tstyle=\"z-index:10;background-color:#009933;font-family:'Roboto';\"\n\t\t\t\t\t\t\t>BESOIN D'UNE SOUMISSION \n\t\t\t\t\t\t\t<\/a><!--\n\n\t\t\t\t\t\t\t--><rs-layer\n\t\t\t\t\t\t\t\tid=\"slider-11-slide-32-layer-9\" \n\t\t\t\t\t\t\t\tdata-type=\"text\"\n\t\t\t\t\t\t\t\tdata-rsp_ch=\"on\"\n\t\t\t\t\t\t\t\tdata-xy=\"x:r,r,c,c;xo:404px,404px,0,2px;y:m;yo:33px,33px,63px,16px;\"\n\t\t\t\t\t\t\t\tdata-text=\"w:normal;s:47,47,35,26;l:66,66,75,46;fw:700;a:left,left,center,center;\"\n\t\t\t\t\t\t\t\tdata-dim=\"w:834px,834px,581px,435px;h:auto,auto,auto,164px;\"\n\t\t\t\t\t\t\t\tdata-frame_999=\"o:0;st:w;sR:8700;\"\n\t\t\t\t\t\t\t\tstyle=\"z-index:9;font-family:'Heebo';\"\n\t\t\t\t\t\t\t><h2>SYST\u00c8ME D'EMPILAGE ET D'EMBALLAGE<h2>\n<h3>Ajoutez de la valeur \u00e0 votre ligne d\u2019assemblage automatis\u00e9e!<\/h3>\n<p>En choisissant une solution d'empilage et d'emballage, vous r\u00e9duirez les co\u00fbts, augmenterez votre marge et am\u00e9liorerez la qualit\u00e9 des pi\u00e8ces.\n<\/p> \n\t\t\t\t\t\t\t<\/rs-layer><!--\n-->\t\t\t\t\t<\/rs-slide>\n\t\t\t\t\t<\/rs-slides>\n\t\t\t\t<\/rs-module>\n\t\t\t\t<script>\n\t\t\t\t\tsetREVStartSize({c: 'rev_slider_11_1',rl:[1920,1920,778,480],el:[900,900,960,720],gw:[1240,1240,778,480],gh:[900,900,960,720],type:'standard',justify:'',layout:'fullwidth',mh:\"0\"});if (window.RS_MODULES!==undefined && window.RS_MODULES.modules!==undefined && window.RS_MODULES.modules[\"revslider111\"]!==undefined) {window.RS_MODULES.modules[\"revslider111\"].once = false;window.revapi11 = undefined;if (window.RS_MODULES.checkMinimal!==undefined) window.RS_MODULES.checkMinimal()}\n\t\t\t\t<\/script>\n\t\t\t<\/rs-module-wrap>\n\t\t\t<!-- END REVOLUTION SLIDER -->\n[\/vc_column][\/vc_row][vc_row full_width=\u00a0\u00bbstretch_row\u00a0\u00bb][vc_column]<h2 class='heading-left  divider-modern'  style='color: #0a0a0a'><span><em class=\"heading-subtitle\" style='color: #a3baca'>Quelles sont les pi\u00e8ces que nous assemblons<\/em>INDUSTRIES<\/span><\/h2>[\/vc_column][\/vc_row][vc_row full_width=\u00a0\u00bbstretch_row\u00a0\u00bb css=\u00a0\u00bb.vc_custom_1575660537253{margin-top: 0px !important;margin-bottom: 0px !important;padding-bottom: 70px !important;}\u00a0\u00bb][vc_column width=\u00a0\u00bb1\/3&Prime;]<div class='featured featured-video featured-has-link featured-has-content simple-style'><div class='featured-header'><a target='_self' href='https:\/\/orientech.com\/fr\/industries\/moulage-plastique\/'><img alt='Moulage de plastique' src='https:\/\/orientech.com\/wp-content\/uploads\/2019\/09\/Plastic_Containers-722x368.jpg'\/><\/a><\/div><div class='featured-content'><h3 class='featured-title text-uppercase'><a target='_self' href='https:\/\/orientech.com\/fr\/industries\/moulage-plastique\/'>Moulage de plastique<\/a><\/h3><p class='featured-desc'><span style=\"font-weight: 400;\">L&rsquo;industrie du moulage de plastique se tourne vers Orientech pour son expertise, sa qualit\u00e9 et sa capacit\u00e9 \u00e0 respecter les budgets et les \u00e9ch\u00e9anciers serr\u00e9s requis pour \u00eatre comp\u00e9titif.<\/span><\/p><a class='btn btn-md btn-minimal' target='_self' href='https:\/\/orientech.com\/fr\/industries\/moulage-plastique\/'>LIRE LA SUITE<\/a><a data-rel=\"youtube\" href=\"https:\/\/www.youtube.com\/watch?v=0KZfU20Ap-o\" class=\"featured-lightbox-link\" target=\"_blank\" rel=\"noopener\"><svg><use xlink:href='#featured-video-dark'><\/use><\/svg><\/a><\/div><\/div>[vc_empty_space height=\u00a0\u00bb40px\u00a0\u00bb]<div class='featured featured-video featured-has-link featured-has-content simple-style'><div class='featured-header'><a target=\"_self\" href=\"https:\/\/orientech.com\/fr\/industries\/sciences-de-la-vie\/\"><img alt='Sciences de la vie' src='https:\/\/orientech.com\/wp-content\/uploads\/2019\/09\/Syringes-722x368.jpg'\/><\/a><\/div><div class='featured-content'><h3 class='featured-title text-uppercase'><a target=\"_self\" href=\"https:\/\/orientech.com\/fr\/industries\/sciences-de-la-vie\/\">Sciences de la vie<\/a><\/h3><p class='featured-desc'><span style=\"font-weight: 400;\">La pr\u00e9cision et la flexibilit\u00e9 de nos machines permettent de produire et de manipuler les composants complexes de haute qualit\u00e9 que l&rsquo;on trouve fr\u00e9quemment dans les secteurs pharmaceutique et m\u00e9dical.<\/span><\/p><a class=\"btn btn-md btn-minimal\" target=\"_self\" href=\"https:\/\/orientech.com\/fr\/industries\/sciences-de-la-vie\/\">LIRE LA SUITE<\/a><a data-rel=\"youtube\" href=\"https:\/\/www.youtube.com\/watch?v=4WrurhzsBMo\" class=\"featured-lightbox-link\" target=\"_blank\" rel=\"noopener\"><svg><use xlink:href='#featured-video-dark'><\/use><\/svg><\/a><\/div><\/div>[\/vc_column][vc_column width=\u00a0\u00bb1\/3&Prime;]<div class='featured featured-video featured-has-link featured-has-content simple-style'><div class='featured-header'><a target=\"_self\" href=\"https:\/\/orientech.com\/fr\/industries\/soins-de-sante-et-de-beaute\/\"><img alt='Soins de sant\u00e9 et de beaut\u00e9' src='https:\/\/orientech.com\/wp-content\/uploads\/2019\/09\/Hygiene_Beauty_Care_Products-722x368.jpg'\/><\/a><\/div><div class='featured-content'><h3 class='featured-title text-uppercase'><a target=\"_self\" href=\"https:\/\/orientech.com\/fr\/industries\/soins-de-sante-et-de-beaute\/\">Soins de sant\u00e9 et de beaut\u00e9<\/a><\/h3><p class='featured-desc'><span style=\"font-weight: 400;\">L&rsquo;industrie des soins personnels est en constante \u00e9volution et n\u00e9cessite des innovations en mati\u00e8re d&#8217;emballage. Les solutions d&rsquo;assemblage Orientech permettent aux marques de respecter les dates de lancement avec des conceptions d&#8217;emballage complexes.<\/span><\/p><a class=\"btn btn-md btn-minimal\" target=\"_self\" href=\"https:\/\/orientech.com\/fr\/industries\/soins-de-sante-et-de-beaute\/\">LIRE LA SUITE<\/a><a data-rel=\"youtube\" href=\"https:\/\/www.youtube.com\/watch?v=0KZfU20Ap-o\" class=\"featured-lightbox-link\" target=\"_blank\" rel=\"noopener\"><svg><use xlink:href='#featured-video-dark'><\/use><\/svg><\/a><\/div><\/div>[vc_empty_space height=\u00a0\u00bb40px\u00a0\u00bb]<div class='featured featured-video featured-has-link featured-has-content simple-style'><div class='featured-header'><a target=\"_self\" href=\"https:\/\/orientech.com\/fr\/industries\/equipements-de-transport\/\"><img alt='\u00c9quipements de transport' src='https:\/\/orientech.com\/wp-content\/uploads\/2019\/09\/Depositphotos_226129670_xl-2015-722x368.jpg'\/><\/a><\/div><div class='featured-content'><h3 class='featured-title text-uppercase'><a target=\"_self\" href=\"https:\/\/orientech.com\/fr\/industries\/equipements-de-transport\/\">\u00c9quipements de transport<\/a><\/h3><p class='featured-desc'><span style=\"font-weight: 400;\">Que ce soit pour les v\u00e9hicules routiers ou hors route, le rail, l&rsquo;a\u00e9ronautique ou tout autre sous-industrie qui requiert l&rsquo;assemblage de petites pi\u00e8ces d&rsquo;\u00e9quipement en grand volume et\/ou avec des besoins de pr\u00e9cision.<\/span><\/p><a class=\"btn btn-md btn-minimal\" target=\"_self\" href=\"https:\/\/orientech.com\/fr\/industries\/equipements-de-transport\/\">LIRE LA SUITE<\/a><a data-rel=\"youtube\" href=\"https:\/\/www.youtube.com\/watch?v=cBBujLYEZDY\" class=\"featured-lightbox-link\" target=\"_blank\" rel=\"noopener\"><svg><use xlink:href='#featured-video-dark'><\/use><\/svg><\/a><\/div><\/div>[\/vc_column][vc_column width=\u00a0\u00bb1\/3&Prime;]<div class='featured featured-video featured-has-link featured-has-content simple-style'><div class='featured-header'><a target=\"_self\" href=\"https:\/\/orientech.com\/fr\/industries\/cosmetiques\/\"><img alt='Cosm\u00e9tique' src='https:\/\/orientech.com\/wp-content\/uploads\/2019\/09\/Cosmetics_Makeup_Products-722x368.jpg'\/><\/a><\/div><div class='featured-content'><h3 class='featured-title text-uppercase'><a target=\"_self\" href=\"https:\/\/orientech.com\/fr\/industries\/cosmetiques\/\">Cosm\u00e9tique<\/a><\/h3><p class='featured-desc'><span style=\"font-weight: 400;\">L&rsquo;industrie cosm\u00e9tique s&rsquo;appuie sur notre expertise pour des syst\u00e8mes d&rsquo;assemblage sp\u00e9cialis\u00e9s qui manipulent des pi\u00e8ces complexes comme les brosses \u00e0 mascara compactes, les brosses \u00e0 mascara, les applicateurs et autres.<\/span><\/p><a class=\"btn btn-md btn-minimal\" target=\"_self\" href=\"https:\/\/orientech.com\/fr\/industries\/cosmetiques\/\">LIRE LA SUITE<\/a><a data-rel=\"youtube\" href=\"https:\/\/www.youtube.com\/watch?v=8PepdvUrG40\" class=\"featured-lightbox-link\" target=\"_blank\" rel=\"noopener\"><svg><use xlink:href='#featured-video-dark'><\/use><\/svg><\/a><\/div><\/div>[vc_empty_space height=\u00a0\u00bb40px\u00a0\u00bb]<div class='featured featured-video featured-has-link featured-has-content simple-style'><div class='featured-header'><a target=\"_self\" href=\"https:\/\/orientech.com\/fr\/industries\/autres-industries\/\"><img alt='Autres Industries' src='https:\/\/orientech.com\/wp-content\/uploads\/2019\/09\/Color_Markers-722x368.jpg'\/><\/a><\/div><div class='featured-content'><h3 class='featured-title text-uppercase'><a target=\"_self\" href=\"https:\/\/orientech.com\/fr\/industries\/autres-industries\/\">Autres Industries<\/a><\/h3><p class='featured-desc'><span style=\"font-weight: 400;\">Nous nous sp\u00e9cialisons dans la conception et la fabrication de solutions personnalis\u00e9es qui assemblent de petites pi\u00e8ces \u00e0 l&rsquo;aide de syst\u00e8mes de positionnement, de syst\u00e8mes d&rsquo;assemblage, de vision et de robotique.<\/span><\/p><a class=\"btn btn-md btn-minimal\" target=\"_self\" href=\"https:\/\/orientech.com\/fr\/industries\/autres-industries\/\">LIRE LA SUITE<\/a><a data-rel=\"youtube\" href=\"https:\/\/www.youtube.com\/watch?v=uwmtfyZh67M\" class=\"featured-lightbox-link\" target=\"_blank\" rel=\"noopener\"><svg><use xlink:href='#featured-video-dark'><\/use><\/svg><\/a><\/div><\/div>[\/vc_column][\/vc_row][vc_row][vc_column][vc_empty_space][\/vc_column][\/vc_row][vc_row full_width=\u00a0\u00bbstretch_row\u00a0\u00bb parallax=\u00a0\u00bbcontent-moving\u00a0\u00bb parallax_speed_bg=\u00a0\u00bb2&Prime; css=\u00a0\u00bb.vc_custom_1581625151146{padding-bottom: 40px !important;background-color: #f9f9f9 !important;}\u00a0\u00bb][vc_column]<h2 class='heading-left  divider-modern'  style='color: #0a0a0a'><span><em class=\"heading-subtitle\" style='color: #a3baca'>Qui nous sommes<\/em>A PROPOS DE NOUS<\/span><\/h2>[vc_empty_space height=\u00a0\u00bb25px\u00a0\u00bb][vc_row_inner css=\u00a0\u00bb.vc_custom_1581625163674{background-color: #f9f9f9 !important;}\u00a0\u00bb][vc_column_inner width=\u00a0\u00bb1\/3&Prime;]<h2 class='heading-content  style-1' ><span>RESPECT<\/span><\/h2>[vc_column_text]<span style=\"font-weight: 400;\">Travailler dans une relation de respect mutuel signifie qu&rsquo;Orientech d\u00e9montre une compr\u00e9hension des besoins des clients et s&rsquo;efforce de r\u00e9pondre \u00e0 ces besoins.<\/span>[\/vc_column_text][\/vc_column_inner][vc_column_inner width=\u00a0\u00bb1\/3&Prime;]<h2 class='heading-content  style-1' ><span>HONN\u00caTET\u00c9<\/span><\/h2>[vc_column_text]Fournir un service, \u00e0 chaque client, avec <strong>honn\u00eatet\u00e9<\/strong> et <strong>int\u00e9grit\u00e9<\/strong> signifie que quelle que soit notre position sur une situation, vous saurez que nous nous engageons \u00e0 travailler de <span style=\"font-weight: 400;\">fa\u00e7on <\/span>transparente, ce qui nous permet de <span style=\"font-weight: 400;\">b\u00e2tir <\/span>une <strong>relation<\/strong> solide et \u00e0 long terme.[\/vc_column_text][\/vc_column_inner][vc_column_inner width=\u00a0\u00bb1\/3&Prime;]<h2 class='heading-content  style-1' ><span>TRANSPARENCE<\/span><\/h2>[vc_column_text]Tout en construisant notre relation bas\u00e9e sur la confiance et la transparence, vous b\u00e9n\u00e9ficiez d&rsquo;une communication directe \u00e0 toutes les \u00e9tapes de votre projet sans avoir \u00e0 craindre les surprises, les co\u00fbts cach\u00e9s ou les retards.[\/vc_column_text][vc_btn title=\u00a0\u00bbLIRE LA SUITE\u00a0\u00bb color=\u00a0\u00bbprimary\u00a0\u00bb align=\u00a0\u00bbright\u00a0\u00bb link=\u00a0\u00bburl:https%3A%2F%2Forientech.com%2Ffr%2Fa-propos-de-nous%2F|title:A%20propos%20d&rsquo;Orientech||\u00a0\u00bb][\/vc_column_inner][\/vc_row_inner][\/vc_column][\/vc_row][vc_row content_placement=\u00a0\u00bbmiddle\u00a0\u00bb][vc_column]<h2 class='heading-left  divider-modern'  style='color: #0a0a0a'><span><em class=\"heading-subtitle\" style='color: #a3baca'>Discutons de vos besoins d'automatisation<\/em>CONTACTEZ-NOUS<\/span><\/h2>[vc_empty_space height=\u00a0\u00bb25px\u00a0\u00bb][vc_row_inner][vc_column_inner width=\u00a0\u00bb1\/3&Prime;][vc_single_image image=\u00a0\u00bb2398&Prime; img_size=\u00a0\u00bbfull\u00a0\u00bb][\/vc_column_inner][vc_column_inner width=\u00a0\u00bb1\/3&Prime;][vc_column_text]Veuillez soumettre vos besoins pour une soumission\u00a0<a href=\"https:\/\/orientech.com\/fr\/demande-de-soumission\/\">via ce formulaire<\/a>.[\/vc_column_text][vc_btn title=\u00a0\u00bbDEMANDE DE SOUMISSION\u00a0\u00bb color=\u00a0\u00bbprimary\u00a0\u00bb link=\u00a0\u00bburl:https%3A%2F%2Forientech.com%2Ffr%2Fdemande-de-soumission%2F|title:Demande%20de%20soumission||\u00a0\u00bb][vc_empty_space][vc_column_text]Veuillez contacter notre \u00e9quipe d\u2019installation et de maintenance\u00a0<a href=\"https:\/\/orientech.com\/fr\/support-technique\/\">via ce formulaire.<\/a>[\/vc_column_text][vc_btn title=\u00a0\u00bbSUPPORT TECHNIQUE\u00a0\u00bb color=\u00a0\u00bbprimary\u00a0\u00bb link=\u00a0\u00bburl:https%3A%2F%2Forientech.com%2Ffr%2Fsupport-technique%2F|title:Support%20technique||\u00a0\u00bb][\/vc_column_inner][vc_column_inner width=\u00a0\u00bb1\/3&Prime;][vc_column_text]<\/p>\n<div class=\"wpb_text_column wpb_content_element \">\n<div class=\"wpb_wrapper\">\n<p>Veuillez contacter notre \u00e9quipe\u00a0<a href=\"https:\/\/orientech.com\/fr\/service-apres-vente\/\">via ce formulaire<\/a>\u00a0pour votre suivi de commande.<\/p>\n<\/div>\n<\/div>\n<p>[\/vc_column_text][vc_btn title=\u00a0\u00bbSERVICE APR\u00c8S-VENTE\u00a0\u00bb color=\u00a0\u00bbprimary\u00a0\u00bb link=\u00a0\u00bburl:https%3A%2F%2Forientech.com%2Ffr%2Fservice-apres-vente%2F|title:Service%20apr%C3%A8s-vente||\u00a0\u00bb][vc_empty_space][vc_column_text]Pour toute demande d\u2019information g\u00e9n\u00e9rale, veuillez utiliser\u00a0<a href=\"https:\/\/orientech.com\/fr\/information-generale\/\">ce formulaire<\/a>.[\/vc_column_text][vc_btn title=\u00a0\u00bbINFORMATION G\u00c9N\u00c9RALE\u00a0\u00bb color=\u00a0\u00bbprimary\u00a0\u00bb link=\u00a0\u00bburl:https%3A%2F%2Forientech.com%2Ffr%2Finformation-generale%2F|title:Demande%20d&rsquo;information%20g%C3%A9n%C3%A9rale||\u00a0\u00bb][\/vc_column_inner][\/vc_row_inner][\/vc_column][\/vc_row][vc_row full_width=\u00a0\u00bbstretch_row\u00a0\u00bb css=\u00a0\u00bb.vc_custom_1595437561476{background-color: #f4f4f4 !important;}\u00a0\u00bb][vc_column]<h2 class='heading-left  divider-modern'  style='color: #0a0a0a'><span><em class=\"heading-subtitle\" style='color: #a3baca'>Int\u00e9gration d'automatisation<\/em>NOS PRINCIPAUX PARTENAIRES<\/span><\/h2>[vc_empty_space height=\u00a0\u00bb25px\u00a0\u00bb]<div class='logos-wrapper style-3'><ul class='clients clients-col-6' ><li class='client'><a href=\"https:\/\/www.fanucamerica.com\/\" target=\"_blank\" rel=\"noopener\"><img src='https:\/\/orientech.com\/wp-content\/uploads\/2019\/11\/5.png' alt='Fanuc America'><\/a><\/li><li class='client'><a href=\"https:\/\/www.festo.com\/cms\/en-ca_ca\/index.htm\" target=\"_blank\" rel=\"noopener\"><img src='https:\/\/orientech.com\/wp-content\/uploads\/2019\/11\/7.png' alt='Festo Pneumatic and Electric'><\/a><\/li><li class='client'><a href=\"https:\/\/www.keyence.ca\/\" target=\"_blank\" rel=\"noopener\"><img src='https:\/\/orientech.com\/wp-content\/uploads\/2019\/11\/8.png' alt='Keyence'><\/a><\/li><li class='client'><a href=\"https:\/\/www.dornerconveyors.com\/\" target=\"_blank\" rel=\"noopener\"><img src='https:\/\/orientech.com\/wp-content\/uploads\/2019\/11\/6.png' alt='Dorner Conveyors'><\/a><\/li><\/ul><\/div>[\/vc_column][\/vc_row]<\/p>\n<\/div>","protected":false},"excerpt":{"rendered":"<p>[vc_row full_width=\u00a0\u00bbstretch_row\u00a0\u00bb css_animation=\u00a0\u00bbnone\u00a0\u00bb css=\u00a0\u00bb.vc_custom_1603906369660{margin-top: -70px !important;margin-bottom: 0px !important;padding-bottom: 70px !important;}\u00a0\u00bb][vc_column][\/vc_column][\/vc_row][vc_row full_width=\u00a0\u00bbstretch_row\u00a0\u00bb][vc_column][\/vc_column][\/vc_row][vc_row full_width=\u00a0\u00bbstretch_row\u00a0\u00bb css=\u00a0\u00bb.vc_custom_1575660537253{margin-top: 0px !important;margin-bottom: 0px !important;padding-bottom: 70px !important;}\u00a0\u00bb][vc_column width=\u00a0\u00bb1\/3&Prime;][vc_empty_space height=\u00a0\u00bb40px\u00a0\u00bb][\/vc_column][vc_column width=\u00a0\u00bb1\/3&Prime;][vc_empty_space height=\u00a0\u00bb40px\u00a0\u00bb][\/vc_column][vc_column width=\u00a0\u00bb1\/3&Prime;][vc_empty_space height=\u00a0\u00bb40px\u00a0\u00bb][\/vc_column][\/vc_row][vc_row][vc_column][vc_empty_space][\/vc_column][\/vc_row][vc_row full_width=\u00a0\u00bbstretch_row\u00a0\u00bb parallax=\u00a0\u00bbcontent-moving\u00a0\u00bb parallax_speed_bg=\u00a0\u00bb2&Prime; css=\u00a0\u00bb.vc_custom_1581625151146{padding-bottom: 40px !important;background-color: #f9f9f9 !important;}\u00a0\u00bb][vc_column][vc_empty_space height=\u00a0\u00bb25px\u00a0\u00bb][vc_row_inner css=\u00a0\u00bb.vc_custom_1581625163674{background-color: #f9f9f9 !important;}\u00a0\u00bb][vc_column_inner width=\u00a0\u00bb1\/3&Prime;][vc_column_text]Travailler dans une &hellip;<\/p>\n","protected":false},"author":1,"featured_media":0,"parent":0,"menu_order":0,"comment_status":"closed","ping_status":"closed","template":"","meta":{"_monsterinsights_skip_tracking":false,"_monsterinsights_sitenote_active":false,"_monsterinsights_sitenote_note":"","_monsterinsights_sitenote_category":0,"footnotes":""},"class_list":["post-4555","page","type-page","status-publish","hentry"],"_links":{"self":[{"href":"https:\/\/orientech.com\/fr\/wp-json\/wp\/v2\/pages\/4555","targetHints":{"allow":["GET"]}}],"collection":[{"href":"https:\/\/orientech.com\/fr\/wp-json\/wp\/v2\/pages"}],"about":[{"href":"https:\/\/orientech.com\/fr\/wp-json\/wp\/v2\/types\/page"}],"author":[{"embeddable":true,"href":"https:\/\/orientech.com\/fr\/wp-json\/wp\/v2\/users\/1"}],"replies":[{"embeddable":true,"href":"https:\/\/orientech.com\/fr\/wp-json\/wp\/v2\/comments?post=4555"}],"version-history":[{"count":0,"href":"https:\/\/orientech.com\/fr\/wp-json\/wp\/v2\/pages\/4555\/revisions"}],"wp:attachment":[{"href":"https:\/\/orientech.com\/fr\/wp-json\/wp\/v2\/media?parent=4555"}],"curies":[{"name":"wp","href":"https:\/\/api.w.org\/{rel}","templated":true}]}}