{"id":5273,"date":"2020-07-22T18:22:29","date_gmt":"2020-07-22T18:22:29","guid":{"rendered":"https:\/\/orientech.com\/?page_id=5273"},"modified":"2020-07-22T18:22:29","modified_gmt":"2020-07-22T18:22:29","slug":"service-apres-vente","status":"publish","type":"page","link":"https:\/\/orientech.com\/fr\/service-apres-vente\/","title":{"rendered":"SERVICE APRES-VENTE"},"content":{"rendered":"<div class=\"wpb-content-wrapper\"><p>[vc_row][vc_column][vc_custom_heading text=\u00a0\u00bbVeuillez remplir le formulaire avec les d\u00e9tails de votre demande\u00a0\u00bb google_fonts=\u00a0\u00bbfont_family:Montserrat%3Aregular%2C700|font_style:700%20bold%20regular%3A700%3Anormal\u00a0\u00bb][vc_empty_space][vc_column_text css=\u00a0\u00bb.vc_custom_1595442143721{margin-bottom: -40px !important;}\u00a0\u00bb]<iframe loading=\"lazy\" height=\"900px\" width=\"100%\" frameborder=\"0\" allow=\"geolocation;microphone;camera\" src=\"https:\/\/forms.zohopublic.com\/orientech\/form\/Suividecommande\/formperma\/l7ijKecxxe834fh1jj3HzKLZgxxcONC05eHLpNUyoJE\"> <\/iframe>[\/vc_column_text][vc_empty_space][vc_column_text]<strong><span style=\"font-size: 12px;\">Chez Orientech, nous prenons votre confidentialit\u00e9 au s\u00e9rieux et n&rsquo;utiliserons vos informations personnelles que pour g\u00e9rer votre compte et vous fournir les produits et services que vous avez demand\u00e9s.<\/span><\/strong>[\/vc_column_text][\/vc_column][\/vc_row]<\/p>\n<\/div>","protected":false},"excerpt":{"rendered":"<p>[vc_row][vc_column][vc_custom_heading text=\u00a0\u00bbVeuillez remplir le formulaire avec les d\u00e9tails de votre demande\u00a0\u00bb google_fonts=\u00a0\u00bbfont_family:Montserrat%3Aregular%2C700|font_style:700%20bold%20regular%3A700%3Anormal\u00a0\u00bb][vc_empty_space][vc_column_text css=\u00a0\u00bb.vc_custom_1595442143721{margin-bottom: -40px !important;}\u00a0\u00bb][\/vc_column_text][vc_empty_space][vc_column_text]Chez Orientech, nous prenons votre confidentialit\u00e9 au s\u00e9rieux et n&rsquo;utiliserons vos informations personnelles que pour g\u00e9rer votre compte et vous fournir les produits et services que &hellip;<\/p>\n","protected":false},"author":2,"featured_media":0,"parent":0,"menu_order":0,"comment_status":"closed","ping_status":"closed","template":"","meta":{"_monsterinsights_skip_tracking":false,"_monsterinsights_sitenote_active":false,"_monsterinsights_sitenote_note":"","_monsterinsights_sitenote_category":0,"footnotes":""},"class_list":["post-5273","page","type-page","status-publish","hentry"],"_links":{"self":[{"href":"https:\/\/orientech.com\/fr\/wp-json\/wp\/v2\/pages\/5273","targetHints":{"allow":["GET"]}}],"collection":[{"href":"https:\/\/orientech.com\/fr\/wp-json\/wp\/v2\/pages"}],"about":[{"href":"https:\/\/orientech.com\/fr\/wp-json\/wp\/v2\/types\/page"}],"author":[{"embeddable":true,"href":"https:\/\/orientech.com\/fr\/wp-json\/wp\/v2\/users\/2"}],"replies":[{"embeddable":true,"href":"https:\/\/orientech.com\/fr\/wp-json\/wp\/v2\/comments?post=5273"}],"version-history":[{"count":0,"href":"https:\/\/orientech.com\/fr\/wp-json\/wp\/v2\/pages\/5273\/revisions"}],"wp:attachment":[{"href":"https:\/\/orientech.com\/fr\/wp-json\/wp\/v2\/media?parent=5273"}],"curies":[{"name":"wp","href":"https:\/\/api.w.org\/{rel}","templated":true}]}}